{"id":96,"date":"2011-11-08T13:57:50","date_gmt":"2011-11-08T13:57:50","guid":{"rendered":"http:\/\/www.japan-art.at\/?page_id=96"},"modified":"2015-05-17T13:13:24","modified_gmt":"2015-05-17T13:13:24","slug":"allgemein","status":"publish","type":"page","link":"https:\/\/www.japan-art.at\/?page_id=96","title":{"rendered":"Allgemein"},"content":{"rendered":"<h1>Allgemein:<\/h1>\n<p>Japanische Gebrauchskunst erstreckt sich im Prinzip auf alle Gegenst\u00e4nde des t\u00e4glichen Bedarfs.\u00a0Sei\u00a0es nun f\u00fcr die\u00a0Teezeremonie, das t\u00e4gliche Leben, die Bekleidung\u00a0oder die Ausstattung des Hauses.<\/p>\n<p><a style=\"width: 10px; height: 26px;\" name=\"147\"><\/a><\/p>\n<div>\n<div id=\"wobjectId147\">\n<h1>Bronze<\/h1>\n<h1><a href=\"http:\/\/www.japan-art.at\/wp-content\/uploads\/2011\/11\/27.2.05-060.jpg\"><img decoding=\"async\" loading=\"lazy\" class=\"alignright  wp-image-1015\" alt=\"27.2.05 060\" src=\"http:\/\/www.japan-art.at\/wp-content\/uploads\/2011\/11\/27.2.05-060-768x1024.jpg\" width=\"237\" height=\"318\" \/><\/a><\/h1>\n<h1><\/h1>\n<p>&nbsp;<\/p>\n<p>&nbsp;<\/p>\n<p>&nbsp;<\/p>\n<p>Bronzefigur eines Falken auf einem Astst\u00fcck sitzend<\/p>\n<p>Zeit: Meiji-Periode<\/p>\n<p>Ma\u00dfe: L: 25 cm,\u00a0H:\u00a0\u00a028 cm, B: 16 cm<\/p>\n<\/div>\n<\/div>\n<div>\n<div id=\"wobjectId149\">\n<p>&nbsp;<\/p>\n<p>&nbsp;<\/p>\n<p>&nbsp;<\/p>\n<p>&nbsp;<\/p>\n<h1>Bronze<\/h1>\n<p><img decoding=\"async\" loading=\"lazy\" class=\" alignright\" style=\"border: 0px currentColor;\" alt=\"\" src=\"http:\/\/www.japan-art.at\/uploads\/149\/shishi.jpg\" width=\"545\" height=\"408\" align=\"right\" border=\"0\" \/><\/p>\n<p>Bronze-Okimono, Koro in Form eines Shishi<strong> <\/strong><\/p>\n<p><strong>Okimono = <\/strong>Fig\u00fcrliche Darstellung aus div. Materialien (Elfenbein, Holz, Metall)<strong> <\/strong><\/p>\n<p><strong>Koro = <\/strong>R\u00e4uchergef\u00e4\u00df, oberer Teil der M\u00e4hne als Deckel ausgebildet und l\u00e4\u00dft sich \u00f6ffnen<\/p>\n<p>Meiji-Periode<\/p>\n<p>Ma\u00dfe: L: 50 cm, H: 23 cm, B: 20 cm<\/p>\n<p>&nbsp;<\/p>\n<p>&nbsp;<\/p>\n<p>&nbsp;<\/p>\n<\/div>\n<\/div>\n<div>\n<div id=\"wobjectId158\">\n<h1>Kiserusuzu<\/h1>\n<p><img decoding=\"async\" loading=\"lazy\" class=\"alignright\" style=\"border: 0pt none;\" alt=\"\" src=\"http:\/\/www.japan-art.at\/uploads\/158\/Kiserusuzu.jpg\" width=\"437\" height=\"326\" align=\"right\" border=\"0\" \/><\/p>\n<p>Kiserusuzu, Pfeifenbeh\u00e4lter,<\/p>\n<p>Flechtarbeit mit schwarzen Urushilack verbunden mit Tabaksbeutel, Pr\u00e4gemenuki als Verschlu\u00df &#8211; Kabukit\u00e4nzer, \u00a0durchbrochenes Beinojime,<\/p>\n<p>Mitbringsel eines \u00f6sterreichischen Matrosen der HMS Senta nach Assistenzeinsatz anl\u00e4\u00dflich des Boxeraufstandes in Peking (1900\/01)Meiji-Periode<\/p>\n<p>&nbsp;<\/p>\n<\/div>\n<\/div>\n<div>\n<div id=\"wobjectId159\">\n<p><a name=\"159\"><\/a><\/p>\n<p>&nbsp;<\/p>\n<p>&nbsp;<\/p>\n<p>&nbsp;<\/p>\n<h1>Kogai Set<img decoding=\"async\" loading=\"lazy\" class=\"alignright\" style=\"border: 0pt none;\" alt=\"\" src=\"http:\/\/www.japan-art.at\/uploads\/159\/Kammset.jpg\" width=\"508\" height=\"274\" align=\"right\" border=\"0\" \/><\/h1>\n<p>Kogai &#8211; Kamm Set mit Haarnadel,<\/p>\n<p>vermutlich Schildpatt oder Horn mit Goldlack gefa\u00dft, erhabene Bl\u00fcten und Ranken, in Originalschachtel samt Preisschildchen<\/p>\n<p>Zeit: Meiji<\/p>\n<\/div>\n<\/div>\n<div>\n<div id=\"wobjectId160\">\n<p><a name=\"160\"><\/a><\/p>\n<p>&nbsp;<\/p>\n<h1>Komai Visitenkartenetui<\/h1>\n<p><img decoding=\"async\" loading=\"lazy\" class=\"alignright\" style=\"border: 0pt none;\" alt=\"\" src=\"http:\/\/www.japan-art.at\/uploads\/160\/Visitenkartenetui.jpg\" width=\"369\" height=\"286\" align=\"right\" border=\"0\" \/><\/p>\n<p>Komai Arbeit, Visitenkartenetui,<\/p>\n<p>feine Einlegearbeiten in Silber, Gold und Messingdraht, R\u00fcckseite Schwalben in Gold und Shakudo<\/p>\n<p>Zeit: eher Meiji als Taisho, innen Widmung mit Bleistift v. 1931<\/p>\n<p>Signiert:<\/p>\n<p>Ma\u00dfe: L: 9 cm, B: 5 cm, D: 0,8 cm<\/p>\n<p>&nbsp;<\/p>\n<p>&nbsp;<\/p>\n<\/div>\n<\/div>\n<div>\n<div id=\"wobjectId161\">\n<h1>Vase<\/h1>\n<p><img decoding=\"async\" loading=\"lazy\" class=\"alignright\" style=\"border: 0pt none;\" alt=\"\" src=\"http:\/\/www.japan-art.at\/uploads\/161\/Vase_Kupfer.jpg\" width=\"365\" height=\"487\" align=\"right\" border=\"0\" \/><\/p>\n<p>Kupfervase,<\/p>\n<p>Zeit: Taisho &#8211; Showa<\/p>\n<p>Signiert:<\/p>\n<p>Ma\u00dfe: H: 30 cm, B: 14 cm<\/p>\n<\/div>\n<\/div>\n<div>\n<div id=\"wobjectId167\">\n<p><a name=\"167\"><\/a><\/p>\n<p>&nbsp;<\/p>\n<p>&nbsp;<\/p>\n<p>&nbsp;<\/p>\n<p>&nbsp;<\/p>\n<p>&nbsp;<\/p>\n<p>&nbsp;<\/p>\n<h1>Okimono &#8211; Wurzelholzskulptur<\/h1>\n<p><img decoding=\"async\" loading=\"lazy\" class=\"alignright\" style=\"border: 0pt none;\" alt=\"\" src=\"http:\/\/www.japan-art.at\/uploads\/167\/Daruma_2.jpg\" width=\"359\" height=\"480\" align=\"right\" border=\"0\" \/><\/p>\n<p>Daruma, aus Wurzelholz geschnitten,Zeit: Meiji,TaishoMa\u00dfe: H: 16,5 cm, B: 10 cm<\/p>\n<p>&nbsp;<\/p>\n<p>&nbsp;<\/p>\n<p>&nbsp;<\/p>\n<p>&nbsp;<\/p>\n<p>&nbsp;<\/p>\n<p>&nbsp;<\/p>\n<\/div>\n<\/div>\n<p><a name=\"191\"><\/a><\/p>\n<p>&nbsp;<\/p>\n<p>&nbsp;<\/p>\n<p>&nbsp;<\/p>\n<p>&nbsp;<\/p>\n<h1>Tetsubin<\/h1>\n<p><img decoding=\"async\" loading=\"lazy\" alt=\"\" src=\"http:\/\/www.japan-art.at\/uploads\/191\/IMG_0380.jpg\" width=\"418\" height=\"418\" align=\"right\" border=\"0\" \/><\/p>\n<p>Tetsubin: Beh\u00e4lter f\u00fcr Teezeremonie<\/p>\n<p>Material: Bronze<\/p>\n<p>Zeit: Meiji<\/p>\n<p>Ma\u00dfe: 14 x 10 cm<\/p>\n","protected":false},"excerpt":{"rendered":"<p>Allgemein: Japanische Gebrauchskunst erstreckt sich im Prinzip auf alle Gegenst\u00e4nde des t\u00e4glichen Bedarfs.\u00a0Sei\u00a0es nun f\u00fcr die\u00a0Teezeremonie, das t\u00e4gliche Leben, die Bekleidung\u00a0oder die Ausstattung des Hauses. Bronze &nbsp; &nbsp; &nbsp; Bronzefigur eines Falken auf einem Astst\u00fcck sitzend Zeit: Meiji-Periode Ma\u00dfe: L: &hellip; <a href=\"https:\/\/www.japan-art.at\/?page_id=96\">Weiterlesen <span class=\"meta-nav\">&rarr;<\/span><\/a><\/p>\n","protected":false},"author":1,"featured_media":0,"parent":56,"menu_order":1,"comment_status":"closed","ping_status":"closed","template":"full-width-page.php","meta":[],"_links":{"self":[{"href":"https:\/\/www.japan-art.at\/index.php?rest_route=\/wp\/v2\/pages\/96"}],"collection":[{"href":"https:\/\/www.japan-art.at\/index.php?rest_route=\/wp\/v2\/pages"}],"about":[{"href":"https:\/\/www.japan-art.at\/index.php?rest_route=\/wp\/v2\/types\/page"}],"author":[{"embeddable":true,"href":"https:\/\/www.japan-art.at\/index.php?rest_route=\/wp\/v2\/users\/1"}],"replies":[{"embeddable":true,"href":"https:\/\/www.japan-art.at\/index.php?rest_route=%2Fwp%2Fv2%2Fcomments&post=96"}],"version-history":[{"count":29,"href":"https:\/\/www.japan-art.at\/index.php?rest_route=\/wp\/v2\/pages\/96\/revisions"}],"predecessor-version":[{"id":1057,"href":"https:\/\/www.japan-art.at\/index.php?rest_route=\/wp\/v2\/pages\/96\/revisions\/1057"}],"up":[{"embeddable":true,"href":"https:\/\/www.japan-art.at\/index.php?rest_route=\/wp\/v2\/pages\/56"}],"wp:attachment":[{"href":"https:\/\/www.japan-art.at\/index.php?rest_route=%2Fwp%2Fv2%2Fmedia&parent=96"}],"curies":[{"name":"wp","href":"https:\/\/api.w.org\/{rel}","templated":true}]}}