{"id":829,"date":"2014-02-16T23:39:51","date_gmt":"2014-02-16T23:39:51","guid":{"rendered":"http:\/\/www.japan-art.at\/?page_id=829"},"modified":"2014-02-22T12:32:50","modified_gmt":"2014-02-22T12:32:50","slug":"tee-und-sake","status":"publish","type":"page","link":"https:\/\/www.japan-art.at\/?page_id=829","title":{"rendered":"Tee und Sake"},"content":{"rendered":"<p>Gegenst\u00e4nde die in der Teezeremonie verwendet werden, sowie Utensilien zum Genu\u00df von Sake.<\/p>\n<p>Umfassende Beschreibung des Sinn, Zwecks u. Geschichte der Teezeremonie:<\/p>\n<p><a href=\"http:\/\/de.wikipedia.org\/wiki\/Japanische_Teezeremonie\">http:\/\/de.wikipedia.org\/wiki\/Japanische_Teezeremonie<\/a><\/p>\n<h2><span style=\"text-decoration: underline;\"><strong>Tee:<\/strong><\/span><\/h2>\n<p><span style=\"text-decoration: underline;\"><strong>Tetsubin<\/strong><\/span>: Teekessel in diversen Formen, Gr\u00f6\u00dfen und Dekor. Meist Gu\u00dfeisen, aber auch andere Metalle, Edelmetalle\u00a0oder Keramik.<\/p>\n<p><span style=\"text-decoration: underline;\"><strong>Chawan:<\/strong><\/span> Teeschale &#8211; meist Keramik, verschiedene Formen, Gr\u00f6\u00dfen und Designs. Viele unterschiedliche Stilrichtungen und Brenn\u00f6fen.<\/p>\n<p><strong><span style=\"text-decoration: underline;\">Mizusashi:<\/span><\/strong> Wasserbeh\u00e4lter f\u00fcr die Teezeremonie.<\/p>\n<p>&nbsp;<\/p>\n<h2><span style=\"text-decoration: underline;\"><strong>Sake:<\/strong><\/span><\/h2>\n<p><span style=\"text-decoration: underline;\"><strong>Choshi:<\/strong><\/span> Sakekessel, meist Gu\u00dfeisen, div. Metalle, Edelmetalle\u00a0aber auch Keramik oder Lackarbeit, verschiedenes Dekor, typischer langer Ausgu\u00dfschnabel.<\/p>\n<p><span style=\"text-decoration: underline;\"><strong>Sakeschalen:<\/strong><\/span> Keramik, Porzellan, Metall, Lackarbeiten, unterschiedlichste Formen, bei Keramik gleiche Stilrichtungen u. Brenn\u00f6fen wie Teeschalen.<\/p>\n<p>&nbsp;<\/p>\n<p><span style=\"text-decoration: underline;\"><strong>Choshi:<\/strong><\/span>\u00a0 Eisen, genoppte Oberfl\u00e4che, Griff einen F\u00e4cher darstellend., Meiji-Periode<\/p>\n<p><a href=\"http:\/\/www.japan-art.at\/wp-content\/uploads\/2014\/02\/Sakekessel-mit-F\u00e4chergriff1.jpg\"><img decoding=\"async\" loading=\"lazy\" class=\"alignleft  wp-image-845\" title=\"Sakekessel mit F\u00e4chergriff\" src=\"http:\/\/www.japan-art.at\/wp-content\/uploads\/2014\/02\/Sakekessel-mit-F\u00e4chergriff1.jpg\" alt=\"\" width=\"576\" height=\"538\" srcset=\"https:\/\/www.japan-art.at\/wp-content\/uploads\/2014\/02\/Sakekessel-mit-F\u00e4chergriff1.jpg 800w, https:\/\/www.japan-art.at\/wp-content\/uploads\/2014\/02\/Sakekessel-mit-F\u00e4chergriff1-300x280.jpg 300w\" sizes=\"(max-width: 576px) 100vw, 576px\" \/><\/a><\/p>\n<p>&nbsp;<\/p>\n<p>&nbsp;<\/p>\n<p>&nbsp;<\/p>\n<p>&nbsp;<\/p>\n<p>&nbsp;<\/p>\n<p>&nbsp;<\/p>\n<p>&nbsp;<\/p>\n<p>&nbsp;<\/p>\n<p>&nbsp;<\/p>\n<p>&nbsp;<\/p>\n<p>&nbsp;<\/p>\n<p>&nbsp;<\/p>\n<p>&nbsp;<\/p>\n<p>&nbsp;<\/p>\n<p>&nbsp;<\/p>\n<p>&nbsp;<\/p>\n<p><strong>Choshi:<\/strong>\u00a0 Eisen, Meander an der Oberfl\u00e4che, Griff Kupfer, Deckel Sentoku, Meiji-Periode<\/p>\n<p><strong><a href=\"http:\/\/www.japan-art.at\/wp-content\/uploads\/2014\/02\/Sakekessel1.jpg\"><img decoding=\"async\" loading=\"lazy\" title=\"Sakekessel\" src=\"http:\/\/www.japan-art.at\/wp-content\/uploads\/2014\/02\/Sakekessel1.jpg\" alt=\"\" width=\"588\" height=\"588\" \/><\/a><\/strong><\/p>\n<p>&nbsp;<\/p>\n<p>&nbsp;<\/p>\n<p><strong>Choshi:<\/strong>\u00a0 Zinn, Kiefernnadeldesign, Showa-Periode<\/p>\n<p><a href=\"http:\/\/www.japan-art.at\/wp-content\/uploads\/2014\/02\/Sakekessel-Zinn.jpg\"><img decoding=\"async\" loading=\"lazy\" class=\"alignleft size-large wp-image-846\" title=\"Sakekessel Zinn\" src=\"http:\/\/www.japan-art.at\/wp-content\/uploads\/2014\/02\/Sakekessel-Zinn-1024x576.jpg\" alt=\"\" width=\"620\" height=\"348\" srcset=\"https:\/\/www.japan-art.at\/wp-content\/uploads\/2014\/02\/Sakekessel-Zinn-1024x576.jpg 1024w, https:\/\/www.japan-art.at\/wp-content\/uploads\/2014\/02\/Sakekessel-Zinn-300x168.jpg 300w, https:\/\/www.japan-art.at\/wp-content\/uploads\/2014\/02\/Sakekessel-Zinn.jpg 1280w\" sizes=\"(max-width: 620px) 100vw, 620px\" \/><\/a><\/p>\n<p>&nbsp;<\/p>\n<p>&nbsp;<\/p>\n<p>&nbsp;<\/p>\n<p>&nbsp;<\/p>\n<p>&nbsp;<\/p>\n<p>&nbsp;<\/p>\n<p>&nbsp;<\/p>\n<p>&nbsp;<\/p>\n<p>&nbsp;<\/p>\n<p>&nbsp;<\/p>\n<p>&nbsp;<\/p>\n<p><strong>Choshi:<\/strong>\u00a0 Eisen,<\/p>\n<p>&nbsp;<\/p>\n<p>&nbsp;<\/p>\n","protected":false},"excerpt":{"rendered":"<p>Gegenst\u00e4nde die in der Teezeremonie verwendet werden, sowie Utensilien zum Genu\u00df von Sake. Umfassende Beschreibung des Sinn, Zwecks u. Geschichte der Teezeremonie: http:\/\/de.wikipedia.org\/wiki\/Japanische_Teezeremonie Tee: Tetsubin: Teekessel in diversen Formen, Gr\u00f6\u00dfen und Dekor. Meist Gu\u00dfeisen, aber auch andere Metalle, Edelmetalle\u00a0oder Keramik. &hellip; <a href=\"https:\/\/www.japan-art.at\/?page_id=829\">Weiterlesen <span class=\"meta-nav\">&rarr;<\/span><\/a><\/p>\n","protected":false},"author":1,"featured_media":0,"parent":96,"menu_order":7,"comment_status":"closed","ping_status":"closed","template":"","meta":[],"_links":{"self":[{"href":"https:\/\/www.japan-art.at\/index.php?rest_route=\/wp\/v2\/pages\/829"}],"collection":[{"href":"https:\/\/www.japan-art.at\/index.php?rest_route=\/wp\/v2\/pages"}],"about":[{"href":"https:\/\/www.japan-art.at\/index.php?rest_route=\/wp\/v2\/types\/page"}],"author":[{"embeddable":true,"href":"https:\/\/www.japan-art.at\/index.php?rest_route=\/wp\/v2\/users\/1"}],"replies":[{"embeddable":true,"href":"https:\/\/www.japan-art.at\/index.php?rest_route=%2Fwp%2Fv2%2Fcomments&post=829"}],"version-history":[{"count":29,"href":"https:\/\/www.japan-art.at\/index.php?rest_route=\/wp\/v2\/pages\/829\/revisions"}],"predecessor-version":[{"id":915,"href":"https:\/\/www.japan-art.at\/index.php?rest_route=\/wp\/v2\/pages\/829\/revisions\/915"}],"up":[{"embeddable":true,"href":"https:\/\/www.japan-art.at\/index.php?rest_route=\/wp\/v2\/pages\/96"}],"wp:attachment":[{"href":"https:\/\/www.japan-art.at\/index.php?rest_route=%2Fwp%2Fv2%2Fmedia&parent=829"}],"curies":[{"name":"wp","href":"https:\/\/api.w.org\/{rel}","templated":true}]}}