{"id":731,"date":"2013-06-12T12:42:12","date_gmt":"2013-06-12T12:42:12","guid":{"rendered":"http:\/\/www.japan-art.at\/?page_id=731"},"modified":"2015-02-13T15:13:24","modified_gmt":"2015-02-13T15:13:24","slug":"teppo-japanische-schuswaffen-in-japan-gebrauchte-schuswaffen","status":"publish","type":"page","link":"https:\/\/www.japan-art.at\/?page_id=731","title":{"rendered":"Teppo &#8211; Japanische Schu\u00dfwaffen &#8211; in Japan gebrauchte Schu\u00dfwaffen"},"content":{"rendered":"<p>Beginn der Einfuhr von Schu\u00dfwaffen in Japan um das Jahr 1543 durch Portugiesen an der K\u00fcste Tanegashima, s\u00fcdlich v. Kyushu. Der Daimyo v. Tanegashima erwarb 2 St\u00fcck f\u00fcr seinen Familienschatz. Er nutzte das Wissen der Portugiesen mit dem Umgang der Waffen\u00a0und begann mit der Pulverherstellung und in weiterer Folge kopierten seine ans\u00e4ssigen Schmiede die Luntenschlo\u00dfwaffen.\u00a0Die Produktion stieg auf ein paar Dutzend Waffen im Jahr. Sp\u00e4ter wurde das Wissen um die Waffenherstellung durch H\u00e4ndler auch in anderen Landesteilen bekannt.<\/p>\n<p>Nachdem die Portugiesen nach und nach offenen Handel mit Japan trieben kam es zu immer gr\u00f6\u00dfer werdenden Interesse der jeweiligen Daimyos wobei um 1549 viele die Massenanfertigung dieser Musketen anordneten bzw. diese erwarben.<\/p>\n<p>Hauptinteressent war Oda Nobunaga, der 500 Teppo orderte und das Potential der Waffen im Masseneinsatz erkannte.<\/p>\n<p>Nach und nach ersetzte das Teppo den Bogen und war in der Handhabung auch f\u00fcr einfache Krieger bzw. Ashigaru (Teppo-Ashigaru) \u00a0leicht erlernbar.<\/p>\n<p>Die effektive ( t\u00f6dliche ) Einsatzschu\u00dfweite betrug ca. 50 m und die maximale Schu\u00dfweite ca. 500 m gegen\u00fcber dem Bogen von 30 m u.\u00a0etwa 380 m.<\/p>\n<p>Kaliber erstrecken sich von 1 monme ca. 8,5 mm bis zu 100 monme ca. 48 mm. Es wurden Bleikugeln verfeuert.<\/p>\n<p>Bei der Invasion Koreas ( 1592 -1598 ) wurden etwa 60.000\u00a0 und bei der Schlacht in Sekigahara etwa 80.00 Teppo verwendet.<\/p>\n<p>Es wird angenommen da\u00df in der Tokugawaperiode zwischen 150.000 u. 200.000 Teppo im Umlauf waren.<\/p>\n<p>&nbsp;<\/p>\n<p style=\"text-align: center;\"><a href=\"http:\/\/www.japan-art.at\/wp-content\/uploads\/2013\/06\/51.jpg\"><img decoding=\"async\" loading=\"lazy\" class=\"wp-image-808 aligncenter\" title=\"51\" alt=\"\" src=\"http:\/\/www.japan-art.at\/wp-content\/uploads\/2013\/06\/51.jpg\" width=\"414\" height=\"560\" srcset=\"https:\/\/www.japan-art.at\/wp-content\/uploads\/2013\/06\/51.jpg 414w, https:\/\/www.japan-art.at\/wp-content\/uploads\/2013\/06\/51-221x300.jpg 221w\" sizes=\"(max-width: 414px) 100vw, 414px\" \/><\/a><\/p>\n<p>&nbsp;<\/p>\n<p>Erst in der Meiji-Periode kam es zum Import anderer Schu\u00dfwaffensysteme und es kam vor da\u00df von Samurai in dieser \u00dcbergangsperiode sowohl Schwerter als auch eine &#8222;moderne&#8220; Handfeuerwaffe gef\u00fchrt wurden. z.B. Sakamoto RYOMA f\u00fchrte einen S&amp;W Model 2 Army, Cal. 32 RF,<\/p>\n<p>Links zur Person RYOMAs:<\/p>\n<p><a href=\"http:\/\/de.wikipedia.org\/wiki\/Sakamoto_Ry%C5%8Dma\">http:\/\/de.wikipedia.org\/wiki\/Sakamoto_Ry%C5%8Dma<\/a>,<\/p>\n<p><a href=\"http:\/\/www.kochi-bunkazaidan.or.jp\/~ryoma\/english1.htm\">http:\/\/www.kochi-bunkazaidan.or.jp\/~ryoma\/english1.htm<\/a><\/p>\n<p>&nbsp;<\/p>\n<p><a href=\"http:\/\/www.japan-art.at\/wp-content\/uploads\/2013\/06\/Samurai-mir-Revolver1.jpg\"><img decoding=\"async\" loading=\"lazy\" class=\"alignleft  wp-image-810\" title=\"Samurai mir Revolver\" alt=\"\" src=\"http:\/\/www.japan-art.at\/wp-content\/uploads\/2013\/06\/Samurai-mir-Revolver1.jpg\" width=\"309\" height=\"361\" srcset=\"https:\/\/www.japan-art.at\/wp-content\/uploads\/2013\/06\/Samurai-mir-Revolver1.jpg 736w, https:\/\/www.japan-art.at\/wp-content\/uploads\/2013\/06\/Samurai-mir-Revolver1-257x300.jpg 257w\" sizes=\"(max-width: 309px) 100vw, 309px\" \/><\/a><\/p>\n<p>&nbsp;<\/p>\n<p>&nbsp;<\/p>\n<p>&nbsp;<\/p>\n<p>&nbsp;<\/p>\n<p>&nbsp;<\/p>\n<p>&nbsp;<\/p>\n<p>&nbsp;<\/p>\n<p>&nbsp;<\/p>\n<p>Aufgrund des Griffs vermutlich ein S&amp;W<\/p>\n<p>&nbsp;<\/p>\n<p>&nbsp;<\/p>\n<p>&nbsp;<\/p>\n<p>&nbsp;<\/p>\n<p>&nbsp;<\/p>\n<p><strong><span style=\"text-decoration: underline;\">TEPPO Zubeh\u00f6r:<\/span><\/strong><\/p>\n<p><span style=\"text-decoration: underline;\"><strong>Kayaku &#8211; Ire\u00a0\u00a0\u00a0 &#8211;\u00a0\u00a0\u00a0 Japanische Pulverflaschen:<\/strong><\/span><\/p>\n<p>Japanische Pulverflasche meinst mit angebundenen Flaschenstoppel, sowie einem Knebel bzw. Netsuke zur Befestigung am Obi.<\/p>\n<p>In einfacher Form aus Bambus bis zu prachtvollen Lackarbeiten mit Elfenbein.<\/p>\n<p>&nbsp;<\/p>\n<p>&nbsp;<\/p>\n<p>&nbsp;<\/p>\n<p><strong>Teppo<\/strong>, ca. um 1700, Gelbmetalleinlagen, Achtkantlauf mit Gravur und goldener Drachendarstellung, balusterartige Laufm\u00fcndung. Laufkanten versilbert. Lunte zu Demonstrationszwecken angebracht.<\/p>\n<p>Gesamtl\u00e4nge:\u00a0 cm ,\u00a0 Laufl\u00e4nge:\u00a0 cm, Kaliber:\u00a0 mm,\u00a0 monme<\/p>\n<p>Signatur:<\/p>\n<p>&nbsp;<\/p>\n<p><strong>Teppo<\/strong>, eher einfache\u00a0Ausf\u00fchrung, \u00a0ca. um 1700,\u00a0 Achtkantlauf mit silbernen eigelegten Schriftzeichen, gerade Laufm\u00fcndung.\u00a0 Lunte zu Demonstrationszwecken angebracht.<\/p>\n<p>Gesamtl\u00e4nge:\u00a0 cm ,\u00a0 Laufl\u00e4nge:\u00a0 cm, Kaliber:\u00a0 mm,\u00a0 monme<\/p>\n<p>Signatur:<\/p>\n<p>&nbsp;<\/p>\n<p><strong>Teppo<\/strong>, Luntenschlo\u00dfpistole,\u00a0 ca. um 1700,<\/p>\n<p>Achtkantlauf aus Gelbmetall, aufgestauchte Laufm\u00fcndung.<\/p>\n<p>Griffabschlu\u00df \u00a0in Form eines Shishis &#8211; Netsukequalit\u00e4t<\/p>\n<p>Gesamtl\u00e4nge:\u00a0 cm ,\u00a0 Laufl\u00e4nge:\u00a0 cm, Kaliber:\u00a0 mm,\u00a0 monme<\/p>\n<p>Signatur:<\/p>\n<p><a href=\"http:\/\/www.japan-art.at\/wp-content\/uploads\/2013\/06\/CIMG4397-2jepeg.jpg\"><img decoding=\"async\" loading=\"lazy\" class=\"alignright  wp-image-994\" style=\"width: 461px; height: 238px;\" alt=\"CIMG4397 2jepeg\" src=\"http:\/\/www.japan-art.at\/wp-content\/uploads\/2013\/06\/CIMG4397-2jepeg-1024x536.jpg\" width=\"452\" height=\"232\" \/><\/a><\/p>\n<p>&nbsp;<\/p>\n<p>&nbsp;<\/p>\n<p>&nbsp;<\/p>\n<p>&nbsp;<\/p>\n<p>&nbsp;<\/p>\n<p>&nbsp;<\/p>\n<p><strong>Kayaku-Ire:\u00a0\u00a0\u00a0<\/strong><\/p>\n<p>Material: Holz mit Urushi u. Goldlack,<\/p>\n<p>Elfenbeinst\u00f6psel<\/p>\n<p>Zeit: Edo-Periode<\/p>\n<p><a href=\"http:\/\/www.japan-art.at\/wp-content\/uploads\/2013\/06\/DSCN30303.jpg\"><img decoding=\"async\" loading=\"lazy\" class=\"alignright  wp-image-966\" title=\"DSCN3030\" alt=\"\" src=\"http:\/\/www.japan-art.at\/wp-content\/uploads\/2013\/06\/DSCN30303-1024x768.jpg\" width=\"460\" height=\"345\" srcset=\"https:\/\/www.japan-art.at\/wp-content\/uploads\/2013\/06\/DSCN30303-1024x768.jpg 1024w, https:\/\/www.japan-art.at\/wp-content\/uploads\/2013\/06\/DSCN30303-300x225.jpg 300w, https:\/\/www.japan-art.at\/wp-content\/uploads\/2013\/06\/DSCN30303.jpg 2048w\" sizes=\"(max-width: 460px) 100vw, 460px\" \/><\/a><\/p>\n<p>&nbsp;<\/p>\n<p>&nbsp;<\/p>\n<p>&nbsp;<\/p>\n<p>&nbsp;<\/p>\n<p>&nbsp;<\/p>\n<p>&nbsp;<\/p>\n<p>&nbsp;<\/p>\n<p>&nbsp;<\/p>\n<p>&nbsp;<\/p>\n<p><strong>Kayaku-<strong>Ire: <\/strong><\/strong><\/p>\n<p>Material: Holz, Beinst\u00f6psel<\/p>\n<p>Zeit: Edo-Periode<\/p>\n<p><strong>\u00a0<\/strong><\/p>\n<p><strong>\u00a0\u00a0\u00a0\u00a0\u00a0\u00a0\u00a0\u00a0\u00a0\u00a0\u00a0\u00a0\u00a0\u00a0\u00a0\u00a0\u00a0\u00a0\u00a0\u00a0\u00a0\u00a0\u00a0\u00a0\u00a0\u00a0\u00a0\u00a0\u00a0\u00a0\u00a0\u00a0\u00a0\u00a0\u00a0\u00a0\u00a0\u00a0\u00a0\u00a0\u00a0\u00a0\u00a0\u00a0\u00a0\u00a0\u00a0\u00a0\u00a0\u00a0\u00a0\u00a0\u00a0\u00a0\u00a0\u00a0\u00a0\u00a0\u00a0\u00a0\u00a0\u00a0\u00a0\u00a0\u00a0\u00a0\u00a0\u00a0\u00a0\u00a0\u00a0\u00a0\u00a0\u00a0\u00a0\u00a0\u00a0\u00a0\u00a0\u00a0\u00a0\u00a0\u00a0\u00a0\u00a0\u00a0\u00a0\u00a0\u00a0\u00a0\u00a0\u00a0\u00a0 <a href=\"http:\/\/www.japan-art.at\/wp-content\/uploads\/2013\/06\/23-1-05-165.jpg\"><img decoding=\"async\" loading=\"lazy\" class=\"alignright  wp-image-962\" title=\"23-1-05 165\" alt=\"\" src=\"http:\/\/www.japan-art.at\/wp-content\/uploads\/2013\/06\/23-1-05-165-1024x768.jpg\" width=\"461\" height=\"335\" \/><\/a><br \/>\n<\/strong><\/p>\n<p>&nbsp;<\/p>\n<p><strong><br \/>\n<\/strong><\/p>\n","protected":false},"excerpt":{"rendered":"<p>Beginn der Einfuhr von Schu\u00dfwaffen in Japan um das Jahr 1543 durch Portugiesen an der K\u00fcste Tanegashima, s\u00fcdlich v. Kyushu. Der Daimyo v. Tanegashima erwarb 2 St\u00fcck f\u00fcr seinen Familienschatz. Er nutzte das Wissen der Portugiesen mit dem Umgang der &hellip; <a href=\"https:\/\/www.japan-art.at\/?page_id=731\">Weiterlesen <span class=\"meta-nav\">&rarr;<\/span><\/a><\/p>\n","protected":false},"author":1,"featured_media":0,"parent":2,"menu_order":5,"comment_status":"closed","ping_status":"closed","template":"","meta":[],"_links":{"self":[{"href":"https:\/\/www.japan-art.at\/index.php?rest_route=\/wp\/v2\/pages\/731"}],"collection":[{"href":"https:\/\/www.japan-art.at\/index.php?rest_route=\/wp\/v2\/pages"}],"about":[{"href":"https:\/\/www.japan-art.at\/index.php?rest_route=\/wp\/v2\/types\/page"}],"author":[{"embeddable":true,"href":"https:\/\/www.japan-art.at\/index.php?rest_route=\/wp\/v2\/users\/1"}],"replies":[{"embeddable":true,"href":"https:\/\/www.japan-art.at\/index.php?rest_route=%2Fwp%2Fv2%2Fcomments&post=731"}],"version-history":[{"count":44,"href":"https:\/\/www.japan-art.at\/index.php?rest_route=\/wp\/v2\/pages\/731\/revisions"}],"predecessor-version":[{"id":1003,"href":"https:\/\/www.japan-art.at\/index.php?rest_route=\/wp\/v2\/pages\/731\/revisions\/1003"}],"up":[{"embeddable":true,"href":"https:\/\/www.japan-art.at\/index.php?rest_route=\/wp\/v2\/pages\/2"}],"wp:attachment":[{"href":"https:\/\/www.japan-art.at\/index.php?rest_route=%2Fwp%2Fv2%2Fmedia&parent=731"}],"curies":[{"name":"wp","href":"https:\/\/api.w.org\/{rel}","templated":true}]}}