{"id":485,"date":"2011-11-10T12:43:58","date_gmt":"2011-11-10T12:43:58","guid":{"rendered":"http:\/\/www.japan-art.at\/?page_id=485"},"modified":"2014-02-22T12:30:38","modified_gmt":"2014-02-22T12:30:38","slug":"katchu-sonohokan-rustungszubehor","status":"publish","type":"page","link":"https:\/\/www.japan-art.at\/?page_id=485","title":{"rendered":"Katchu Sonohokan (R\u00fcstungszubeh\u00f6r)"},"content":{"rendered":"<p>Schuhe, Schwertg\u00fcrtel, R\u00fcstungskisten, Saihai ( Kommandowedel ), Gunsen ( Kommandof\u00e4cher ), Hocker, Flaggen, Pferde- und Hunder\u00fcstungen.<\/p>\n<h1>Abumi:<a href=\"http:\/\/www.japan-art.at\/wp-content\/uploads\/2011\/11\/Abumi_silbereinlage.jpg\"><img decoding=\"async\" loading=\"lazy\" class=\"alignright size-medium wp-image-486\" title=\"Abumi_silbereinlage\" src=\"http:\/\/www.japan-art.at\/wp-content\/uploads\/2011\/11\/Abumi_silbereinlage-300x224.jpg\" alt=\"\" width=\"300\" height=\"224\" srcset=\"https:\/\/www.japan-art.at\/wp-content\/uploads\/2011\/11\/Abumi_silbereinlage-300x224.jpg 300w, https:\/\/www.japan-art.at\/wp-content\/uploads\/2011\/11\/Abumi_silbereinlage.jpg 369w\" sizes=\"(max-width: 300px) 100vw, 300px\" \/><\/a><\/h1>\n<p>Abumi &#8211; Steigb\u00fcgel: Eisen geschmiedet,<\/p>\n<p>Schneeflockendesign\u00a0aus Silberdraht und Shakudo<\/p>\n<p>Holzeinlagen auf Standfl\u00e4chen fehlen<\/p>\n<p>Zeit: Edo-Periode<\/p>\n<h1>Saihai:<a href=\"http:\/\/www.japan-art.at\/wp-content\/uploads\/2011\/11\/Sai-hai.jpg\"><img decoding=\"async\" loading=\"lazy\" class=\"alignright size-medium wp-image-487\" title=\"Sai-hai\" src=\"http:\/\/www.japan-art.at\/wp-content\/uploads\/2011\/11\/Sai-hai-300x235.jpg\" alt=\"\" width=\"300\" height=\"235\" srcset=\"https:\/\/www.japan-art.at\/wp-content\/uploads\/2011\/11\/Sai-hai-300x235.jpg 300w, https:\/\/www.japan-art.at\/wp-content\/uploads\/2011\/11\/Sai-hai.jpg 324w\" sizes=\"(max-width: 300px) 100vw, 300px\" \/><\/a><\/h1>\n<p>Saihai &#8211; Kommandowedel,<\/p>\n<p>Zeit: Meiji-Periode<\/p>\n<p>&nbsp;<\/p>\n<p>&nbsp;<\/p>\n<h1>Horegai:<a href=\"http:\/\/www.japan-art.at\/wp-content\/uploads\/2011\/11\/Horegai.jpg\"><img decoding=\"async\" loading=\"lazy\" class=\"alignright size-medium wp-image-488\" title=\"Horegai\" src=\"http:\/\/www.japan-art.at\/wp-content\/uploads\/2011\/11\/Horegai-300x198.jpg\" alt=\"\" width=\"300\" height=\"198\" srcset=\"https:\/\/www.japan-art.at\/wp-content\/uploads\/2011\/11\/Horegai-300x198.jpg 300w, https:\/\/www.japan-art.at\/wp-content\/uploads\/2011\/11\/Horegai.jpg 353w\" sizes=\"(max-width: 300px) 100vw, 300px\" \/><\/a><\/h1>\n<p>Horegai &#8211; Muscheltrompete\/Signalhorn<\/p>\n<p>Zeit: Edo-Periode<\/p>\n<p>&nbsp;<\/p>\n","protected":false},"excerpt":{"rendered":"<p>Schuhe, Schwertg\u00fcrtel, R\u00fcstungskisten, Saihai ( Kommandowedel ), Gunsen ( Kommandof\u00e4cher ), Hocker, Flaggen, Pferde- und Hunder\u00fcstungen. Abumi: Abumi &#8211; Steigb\u00fcgel: Eisen geschmiedet, Schneeflockendesign\u00a0aus Silberdraht und Shakudo Holzeinlagen auf Standfl\u00e4chen fehlen Zeit: Edo-Periode Saihai: Saihai &#8211; Kommandowedel, Zeit: Meiji-Periode &nbsp; &nbsp; &hellip; <a href=\"https:\/\/www.japan-art.at\/?page_id=485\">Weiterlesen <span class=\"meta-nav\">&rarr;<\/span><\/a><\/p>\n","protected":false},"author":1,"featured_media":0,"parent":103,"menu_order":6,"comment_status":"closed","ping_status":"closed","template":"","meta":[],"_links":{"self":[{"href":"https:\/\/www.japan-art.at\/index.php?rest_route=\/wp\/v2\/pages\/485"}],"collection":[{"href":"https:\/\/www.japan-art.at\/index.php?rest_route=\/wp\/v2\/pages"}],"about":[{"href":"https:\/\/www.japan-art.at\/index.php?rest_route=\/wp\/v2\/types\/page"}],"author":[{"embeddable":true,"href":"https:\/\/www.japan-art.at\/index.php?rest_route=\/wp\/v2\/users\/1"}],"replies":[{"embeddable":true,"href":"https:\/\/www.japan-art.at\/index.php?rest_route=%2Fwp%2Fv2%2Fcomments&post=485"}],"version-history":[{"count":8,"href":"https:\/\/www.japan-art.at\/index.php?rest_route=\/wp\/v2\/pages\/485\/revisions"}],"predecessor-version":[{"id":911,"href":"https:\/\/www.japan-art.at\/index.php?rest_route=\/wp\/v2\/pages\/485\/revisions\/911"}],"up":[{"embeddable":true,"href":"https:\/\/www.japan-art.at\/index.php?rest_route=\/wp\/v2\/pages\/103"}],"wp:attachment":[{"href":"https:\/\/www.japan-art.at\/index.php?rest_route=%2Fwp%2Fv2%2Fmedia&parent=485"}],"curies":[{"name":"wp","href":"https:\/\/api.w.org\/{rel}","templated":true}]}}