{"id":435,"date":"2011-11-10T11:30:01","date_gmt":"2011-11-10T11:30:01","guid":{"rendered":"http:\/\/www.japan-art.at\/?page_id=435"},"modified":"2014-02-22T12:38:55","modified_gmt":"2014-02-22T12:38:55","slug":"jingasa","status":"publish","type":"page","link":"https:\/\/www.japan-art.at\/?page_id=435","title":{"rendered":"Jingasa"},"content":{"rendered":"<p>Flache Helme aus verschiedenen Materialien. Von Pappmache \u00fcber Leder, Rohrgeflecht und Holz zu Eisen in Sektionalform oder in seltenen F\u00e4llen aus einem St\u00fcck getrieben. Oberfl\u00e4chen in der Regel lackiert, Metallhelme mitunter Rosteisenpatina. Helminnenteil, P\u00f6lsterchen unter Helmzentrum von \u00d6sen umgeben durch die Helmband gef\u00fchrt wurde.<\/p>\n<h1>Jingasa:<a href=\"http:\/\/www.japan-art.at\/wp-content\/uploads\/2011\/11\/Jingasa_2.jpg\"><img decoding=\"async\" loading=\"lazy\" class=\"alignright size-medium wp-image-436\" title=\"Jingasa_2\" src=\"http:\/\/www.japan-art.at\/wp-content\/uploads\/2011\/11\/Jingasa_2-300x175.jpg\" alt=\"\" width=\"300\" height=\"175\" srcset=\"https:\/\/www.japan-art.at\/wp-content\/uploads\/2011\/11\/Jingasa_2-300x175.jpg 300w, https:\/\/www.japan-art.at\/wp-content\/uploads\/2011\/11\/Jingasa_2.jpg 360w\" sizes=\"(max-width: 300px) 100vw, 300px\" \/><\/a><\/h1>\n<p>Jingasa, Holz-Papier-Urushi-Lack,<\/p>\n<p>flache Form<\/p>\n<p>Omodaka Mon<\/p>\n<p>Zeit: Edo Periode,<\/p>\n<h1>Jingasa:<a href=\"http:\/\/www.japan-art.at\/wp-content\/uploads\/2011\/11\/Jingasa_Flecht.jpg\"><img decoding=\"async\" loading=\"lazy\" class=\"alignright size-medium wp-image-437\" title=\"Jingasa_Flecht\" src=\"http:\/\/www.japan-art.at\/wp-content\/uploads\/2011\/11\/Jingasa_Flecht-300x225.jpg\" alt=\"\" width=\"300\" height=\"225\" srcset=\"https:\/\/www.japan-art.at\/wp-content\/uploads\/2011\/11\/Jingasa_Flecht-300x225.jpg 300w, https:\/\/www.japan-art.at\/wp-content\/uploads\/2011\/11\/Jingasa_Flecht.jpg 342w\" sizes=\"(max-width: 300px) 100vw, 300px\" \/><\/a><\/h1>\n<p>Jingasa &#8211; Bambus-Reisstrohgefecht,<\/p>\n<p>flache Form<\/p>\n<p>Schwarzlack, Edo-Periode,<\/p>\n<p>Mon:<strong> Honjo Matsudaira<\/strong>,; Daimyo zu Mitsuya Prov.\u00a0 Tango ?<\/p>\n<p>Zeit: Edo Periode,<\/p>\n<h1>Jingasa:<a href=\"http:\/\/www.japan-art.at\/wp-content\/uploads\/2011\/11\/Jingasa_2_Mon.jpg\"><img decoding=\"async\" loading=\"lazy\" class=\"alignright size-medium wp-image-438\" title=\"Jingasa_2_Mon\" src=\"http:\/\/www.japan-art.at\/wp-content\/uploads\/2011\/11\/Jingasa_2_Mon-300x266.jpg\" alt=\"\" width=\"300\" height=\"266\" srcset=\"https:\/\/www.japan-art.at\/wp-content\/uploads\/2011\/11\/Jingasa_2_Mon-300x266.jpg 300w, https:\/\/www.japan-art.at\/wp-content\/uploads\/2011\/11\/Jingasa_2_Mon.jpg 311w\" sizes=\"(max-width: 300px) 100vw, 300px\" \/><\/a><\/h1>\n<p>Jingasa &#8211; Papier &#8211; Urushi-Lack<\/p>\n<p>halbrunde Form<\/p>\n<p>2 Mon:<\/p>\n<p>Oben:<\/p>\n<p>Unten: Mizuno, Daimyo zu Numadzu, Prov. Suruga, nobilitiert 1602, seit 1777 in Numadzu<\/p>\n<p>&nbsp;<\/p>\n<p>Zeit: Edo Periode, Innen Besitzername<\/p>\n<h1>Jingasa:<a href=\"http:\/\/www.japan-art.at\/wp-content\/uploads\/2011\/11\/Jingasa_Rauhlack.jpg\"><img decoding=\"async\" loading=\"lazy\" class=\"alignright size-medium wp-image-439\" title=\"Jingasa_Rauhlack\" src=\"http:\/\/www.japan-art.at\/wp-content\/uploads\/2011\/11\/Jingasa_Rauhlack-300x224.jpg\" alt=\"\" width=\"300\" height=\"224\" srcset=\"https:\/\/www.japan-art.at\/wp-content\/uploads\/2011\/11\/Jingasa_Rauhlack-300x224.jpg 300w, https:\/\/www.japan-art.at\/wp-content\/uploads\/2011\/11\/Jingasa_Rauhlack.jpg 369w\" sizes=\"(max-width: 300px) 100vw, 300px\" \/><\/a><\/h1>\n<p>Jingasa &#8211; Holz-Papier &#8211;<\/p>\n<p>schwarzer Lack, Tataki Lackierung<\/p>\n<p>flache Form<\/p>\n<p>Meiji Periode<\/p>\n<p>Mon<\/p>\n<h1>Jingasa:<a href=\"http:\/\/www.japan-art.at\/wp-content\/uploads\/2011\/11\/Jingasa_geschwungen.jpg\"><img decoding=\"async\" loading=\"lazy\" class=\"alignright size-full wp-image-440\" title=\"Jingasa_geschwungen\" src=\"http:\/\/www.japan-art.at\/wp-content\/uploads\/2011\/11\/Jingasa_geschwungen.jpg\" alt=\"\" width=\"285\" height=\"233\" \/><\/a><\/h1>\n<p>Jingasa &#8211; K\u00f6rper Metall &#8211; schwarzer<\/p>\n<p>Urushi-Lack, Goldlack<\/p>\n<p>geschwungene Form<\/p>\n<p>Mon: 3 Familien eingetragen:<\/p>\n<p><strong>Abe<\/strong>\/Daimyo zu Okabe Prov. Musashi,<\/p>\n<p><strong>Kitanokoji<\/strong>\/Kugefamilie<\/p>\n<p><strong>Manabe<\/strong>\/ Daimyo zu Sabae Prov. Echizen, seit 1720, 50.000 Koku Reis<\/p>\n<p>Zeit: 18.\u00a0 &#8211; 19.\u00a0 Jhdt.<\/p>\n<h1>Jingasa:<a href=\"http:\/\/www.japan-art.at\/wp-content\/uploads\/2011\/11\/Jingasa_gewellt.jpg\"><img decoding=\"async\" loading=\"lazy\" class=\"alignright size-medium wp-image-441\" title=\"Jingasa_gewellt\" src=\"http:\/\/www.japan-art.at\/wp-content\/uploads\/2011\/11\/Jingasa_gewellt-300x225.jpg\" alt=\"\" width=\"300\" height=\"225\" srcset=\"https:\/\/www.japan-art.at\/wp-content\/uploads\/2011\/11\/Jingasa_gewellt-300x225.jpg 300w, https:\/\/www.japan-art.at\/wp-content\/uploads\/2011\/11\/Jingasa_gewellt.jpg 348w\" sizes=\"(max-width: 300px) 100vw, 300px\" \/><\/a><\/h1>\n<p>Jingasa &#8211; Muschellack, Innenseite Goldlack,<\/p>\n<p>Mon-Applikation an Helmspitze<\/p>\n<p>Zeit:<\/p>\n<p>&nbsp;<\/p>\n<p>&nbsp;<\/p>\n<h1>Jingasa:<a href=\"http:\/\/www.japan-art.at\/wp-content\/uploads\/2011\/11\/Jingasa_gefaltet.jpg\"><img decoding=\"async\" loading=\"lazy\" class=\"alignright size-medium wp-image-442\" title=\"Jingasa_gefaltet\" src=\"http:\/\/www.japan-art.at\/wp-content\/uploads\/2011\/11\/Jingasa_gefaltet-300x189.jpg\" alt=\"\" width=\"300\" height=\"189\" srcset=\"https:\/\/www.japan-art.at\/wp-content\/uploads\/2011\/11\/Jingasa_gefaltet-300x189.jpg 300w, https:\/\/www.japan-art.at\/wp-content\/uploads\/2011\/11\/Jingasa_gefaltet.jpg 335w\" sizes=\"(max-width: 300px) 100vw, 300px\" \/><\/a><\/h1>\n<p>Jingasa &#8211; Flechthelm, zusammenklappbar<\/p>\n<p>Oberseite schwarz, Goldkreuz, Satsuma,<\/p>\n<p>Unterseite, Rot- u. Goldlack<\/p>\n<p>Zeit: 19. Jhdt.<\/p>\n","protected":false},"excerpt":{"rendered":"<p>Flache Helme aus verschiedenen Materialien. Von Pappmache \u00fcber Leder, Rohrgeflecht und Holz zu Eisen in Sektionalform oder in seltenen F\u00e4llen aus einem St\u00fcck getrieben. Oberfl\u00e4chen in der Regel lackiert, Metallhelme mitunter Rosteisenpatina. Helminnenteil, P\u00f6lsterchen unter Helmzentrum von \u00d6sen umgeben durch &hellip; <a href=\"https:\/\/www.japan-art.at\/?page_id=435\">Weiterlesen <span class=\"meta-nav\">&rarr;<\/span><\/a><\/p>\n","protected":false},"author":1,"featured_media":0,"parent":103,"menu_order":2,"comment_status":"closed","ping_status":"closed","template":"","meta":[],"_links":{"self":[{"href":"https:\/\/www.japan-art.at\/index.php?rest_route=\/wp\/v2\/pages\/435"}],"collection":[{"href":"https:\/\/www.japan-art.at\/index.php?rest_route=\/wp\/v2\/pages"}],"about":[{"href":"https:\/\/www.japan-art.at\/index.php?rest_route=\/wp\/v2\/types\/page"}],"author":[{"embeddable":true,"href":"https:\/\/www.japan-art.at\/index.php?rest_route=\/wp\/v2\/users\/1"}],"replies":[{"embeddable":true,"href":"https:\/\/www.japan-art.at\/index.php?rest_route=%2Fwp%2Fv2%2Fcomments&post=435"}],"version-history":[{"count":15,"href":"https:\/\/www.japan-art.at\/index.php?rest_route=\/wp\/v2\/pages\/435\/revisions"}],"predecessor-version":[{"id":926,"href":"https:\/\/www.japan-art.at\/index.php?rest_route=\/wp\/v2\/pages\/435\/revisions\/926"}],"up":[{"embeddable":true,"href":"https:\/\/www.japan-art.at\/index.php?rest_route=\/wp\/v2\/pages\/103"}],"wp:attachment":[{"href":"https:\/\/www.japan-art.at\/index.php?rest_route=%2Fwp%2Fv2%2Fmedia&parent=435"}],"curies":[{"name":"wp","href":"https:\/\/api.w.org\/{rel}","templated":true}]}}