{"id":26,"date":"2011-11-08T12:07:10","date_gmt":"2011-11-08T12:07:10","guid":{"rendered":"http:\/\/www.japan-art.at\/?page_id=26"},"modified":"2014-03-05T12:26:57","modified_gmt":"2014-03-05T12:26:57","slug":"japan-allgemein","status":"publish","type":"page","link":"https:\/\/www.japan-art.at\/?page_id=26","title":{"rendered":"Mythologie"},"content":{"rendered":"<h1>Daruma:<\/h1>\n<table width=\"100%\" border=\"0\" cellspacing=\"0\" cellpadding=\"0\">\n<tbody>\n<tr>\n<td><img decoding=\"async\" alt=\"\" src=\"http:\/\/www.japan-art.at\/uploads\/122\/Homepage_1_042_12_proz.jpg\" align=\"right\" border=\"0\" \/>Gestalt eines weisen, vergeistigten Priesters &#8211; M\u00f6nchs. Begr\u00fcnder des Zen-Buddhismus in Japan. Wird zumeist in meditierender Pose dargestellt.Darumapuppen &#8211; Darstellungen\u00a0gelten in Japan als Gl\u00fcckssymbol &#8211; auch heute noch.<\/td>\n<\/tr>\n<\/tbody>\n<\/table>\n<div>\n<div id=\"wobjectId123\"><a name=\"123\"><\/a><\/p>\n<h1>Oni:<\/h1>\n<table width=\"100%\" border=\"0\" cellspacing=\"0\" cellpadding=\"0\">\n<tbody>\n<tr>\n<td><img decoding=\"async\" alt=\"\" src=\"http:\/\/www.japan-art.at\/uploads\/123\/Net_Oni.jpg\" align=\"right\" border=\"0\" \/>Teufelchen &#8211; mit Krallen, Pelz, hervorstehenden Eckz\u00e4hnen und H\u00f6rnern. Oni jagen die Seelen b\u00f6ser Menschen und spielen den restlichen mitunter \u00fcbel mit. Furcht vor Onis &#8211; tief verwurzelter Volksglaube. Urspr\u00fcnglicher Glaube da\u00df es sich bei Fremden ( so ziemlich alles au\u00dferhalb Japans ) um Onis handeln m\u00fc\u00dfte.Gegenspieler:\u00a0 SHOKI&nbsp;<\/td>\n<\/tr>\n<\/tbody>\n<\/table>\n<\/div>\n<\/div>\n<div>\n<div id=\"wobjectId124\"><a name=\"124\"><\/a><\/p>\n<h1>Shoki:<\/h1>\n<table width=\"100%\" border=\"0\" cellspacing=\"0\" cellpadding=\"0\">\n<tbody>\n<tr>\n<td><img decoding=\"async\" alt=\"\" src=\"http:\/\/www.japan-art.at\/uploads\/124\/Tsuba_Shoki.jpg\" align=\"right\" border=\"0\" \/>Eigentlich Figur aus der chinesischen Mythologie. Ber\u00fcmter u.\u00a0siegreicher chinesischer Feldherr der zum chin. Kaiser aufgrund seiner Erfolge geladen wurde. War aber angeblich so h\u00e4\u00dflich\/absto\u00dfend, da\u00df der Kaiser ihn br\u00fcskierte und sich abwandte. Der gute Mann setzte dann auf den Stufen des Kaiserpalastes seinem Leben ein Ende, worauf der Kaiser seinen Fehler einsah und ihm ein Ehrenbegr\u00e4bnis in seinem Mausoleum zukommen lie\u00df. Seither wacht eben dieser Geist \u00fcber die kaiserliche Familie und bek\u00e4mpft das B\u00f6se.\u00a0Weil der gute\u00a0Geist nicht so ist, tut er dies auch Japan und f\u00e4ngt dort die Onis die ihm aber zeitweise Streiche spielen.<\/td>\n<\/tr>\n<\/tbody>\n<\/table>\n<\/div>\n<\/div>\n<div>\n<div id=\"wobjectId125\"><a name=\"125\"><\/a><\/p>\n<h1>Raiden:<\/h1>\n<p><span style=\"font-size: small;\">Donnergott. Herr \u00fcber Donner &#8211; RAI\u00a0 und Blitz &#8211; DEN. Sandte den Kami-Kaze &#8211; G\u00f6tter-wind gegen die mongolische Flotte. Darstellungen mit Trommel und Blitzen.<\/span><\/p>\n<p>&nbsp;<\/p>\n<\/div>\n<\/div>\n<div>\n<div id=\"wobjectId126\"><a name=\"126\"><\/a><\/p>\n<h1>Hannya:<\/h1>\n<table width=\"100%\" border=\"0\" cellspacing=\"0\" cellpadding=\"0\">\n<tbody>\n<tr>\n<td><img decoding=\"async\" alt=\"\" src=\"http:\/\/www.japan-art.at\/uploads\/126\/DSCN3298a.jpg\" align=\"right\" border=\"0\" \/> <span style=\"font-size: small;\">Hexe: Der Sage nach eine Frau die in Liebe zu einem Priester\/M\u00f6nch entbrannt war, der aber der fleischlichen Liebe abgeschworen hatte und eben nur nach Erleuchtung suchte. Wie auch immer &#8211; jedenfalls f\u00fchrte dies zu einem Mordkomplott der guten Dame, indem sie den Priester durch eine List unter eine Tempelglocke lockte, ihn darunter einschlo\u00df und solange gegen die Glocke schlug bis der nach Erleuchtung suchende auf die n\u00e4chste Ebene wechselte. Ob dieser Tat wandelte sich das \u00c4u\u00dfere der Frau als Spiegelbild ihrer Seele.<\/span><\/td>\n<\/tr>\n<\/tbody>\n<\/table>\n<\/div>\n<\/div>\n<div>\n<div id=\"wobjectId127\"><a name=\"127\"><\/a><\/p>\n<h1>Tengu:<\/h1>\n<table width=\"100%\" border=\"0\" cellspacing=\"0\" cellpadding=\"0\">\n<tbody>\n<tr>\n<td><img decoding=\"async\" alt=\"\" src=\"http:\/\/www.japan-art.at\/uploads\/127\/Tengu_kombi_50.jpg\" align=\"right\" border=\"0\" \/><span style=\"font-size: small;\">Fabelwesen halb Mensch halb Vogel. Schl\u00fcpfen bei Geburt aus einem Ei. Berggeister\/kobolde &#8211; Meister des Schwertkampfes, leben in W\u00e4ldern.\u00a0Ber\u00fchmter jap. Held, Minamoto no Yoshitsune, lernte Schwerttechnik durch erst durch beobachten der Tengus und anschlie\u00dfend mit Einwilligung des\u00a0Oberhaupt der Tengu vom Kurama Berg\u00a0&#8211; Sojobo worauf er nahezu unbesiegbar wurde. <\/span><span style=\"font-size: small;\">Haupts\u00e4chliche Darstellungsarten:<\/span><span style=\"font-size: small;\">Karasu-Tengu, Rabenschnabelartiger Tengu<\/span><span style=\"font-size: small;\">Yamabushi-Tengu, langnasiger Tengu, in Kleidern eines Asketen<\/span><\/p>\n<p>&nbsp;<\/p>\n<p>&nbsp;<\/td>\n<\/tr>\n<\/tbody>\n<\/table>\n<\/div>\n<\/div>\n<div>\n<div id=\"wobjectId128\"><a name=\"128\"><\/a><\/p>\n<h1>Kappa:<\/h1>\n<p><span style=\"font-size: small;\">Wasserkobold: Halb Mensch &#8211; halb Schildkr\u00f6te. Lebt in Fl\u00fcssen und Teichen.<\/span><\/p>\n<p>&nbsp;<\/p>\n<\/div>\n<\/div>\n<p><a name=\"246\"><\/a><\/p>\n<h1>Kitsune &#8211; Fuchsgeist<\/h1>\n<p><span style=\"font-size: small;\">Als Vertraute des Gottes Inari gelten Kitsune als Gl\u00fccksbringer, doch haben sie in M\u00e4rchen und Legenden oft auch andere Seiten. Viele Geschichten beschreiben ihre Beziehungen zu Menschen oftmals als zun\u00e4chst sehr vorteilhaft f\u00fcr die Menschen, doch schon kleine St\u00f6rungen der Beziehung k\u00f6nnen die Situation ins totale Gegenteil umschlagen lassen und zu katastrophalen Ergebnissen f\u00fchren.<\/span><\/p>\n<p><span style=\"font-size: small;\">Zahlreiche Sagen stellen Kitsune als Hengeyokai dar, Wesen mit der Gabe, menschliche Gestalt anzunehmen. In diesen Sagen tritt eine Kitsune oftmals als ausgesprochen sch\u00f6ne junge Frau auf und heiratet einen Mann, oftmals aus wirklicher und inniger Liebe heraus. Doch sobald dieser bemerkt, dass er mit einer F\u00fcchsin verheiratet ist, verschwindet diese auf Nimmerwiedersehen und l\u00e4sst ihn mit den gemeinsamen Kindern zur\u00fcck.<\/span><\/p>\n","protected":false},"excerpt":{"rendered":"<p>Daruma: Gestalt eines weisen, vergeistigten Priesters &#8211; M\u00f6nchs. Begr\u00fcnder des Zen-Buddhismus in Japan. Wird zumeist in meditierender Pose dargestellt.Darumapuppen &#8211; Darstellungen\u00a0gelten in Japan als Gl\u00fcckssymbol &#8211; auch heute noch. Oni: Teufelchen &#8211; mit Krallen, Pelz, hervorstehenden Eckz\u00e4hnen und H\u00f6rnern. Oni &hellip; <a href=\"https:\/\/www.japan-art.at\/?page_id=26\">Weiterlesen <span class=\"meta-nav\">&rarr;<\/span><\/a><\/p>\n","protected":false},"author":1,"featured_media":0,"parent":0,"menu_order":3,"comment_status":"closed","ping_status":"closed","template":"","meta":[],"_links":{"self":[{"href":"https:\/\/www.japan-art.at\/index.php?rest_route=\/wp\/v2\/pages\/26"}],"collection":[{"href":"https:\/\/www.japan-art.at\/index.php?rest_route=\/wp\/v2\/pages"}],"about":[{"href":"https:\/\/www.japan-art.at\/index.php?rest_route=\/wp\/v2\/types\/page"}],"author":[{"embeddable":true,"href":"https:\/\/www.japan-art.at\/index.php?rest_route=\/wp\/v2\/users\/1"}],"replies":[{"embeddable":true,"href":"https:\/\/www.japan-art.at\/index.php?rest_route=%2Fwp%2Fv2%2Fcomments&post=26"}],"version-history":[{"count":6,"href":"https:\/\/www.japan-art.at\/index.php?rest_route=\/wp\/v2\/pages\/26\/revisions"}],"predecessor-version":[{"id":992,"href":"https:\/\/www.japan-art.at\/index.php?rest_route=\/wp\/v2\/pages\/26\/revisions\/992"}],"wp:attachment":[{"href":"https:\/\/www.japan-art.at\/index.php?rest_route=%2Fwp%2Fv2%2Fmedia&parent=26"}],"curies":[{"name":"wp","href":"https:\/\/api.w.org\/{rel}","templated":true}]}}