{"id":216,"date":"2011-11-08T15:38:10","date_gmt":"2011-11-08T15:38:10","guid":{"rendered":"http:\/\/www.japan-art.at\/?page_id=216"},"modified":"2012-12-20T17:19:31","modified_gmt":"2012-12-20T17:19:31","slug":"aufbewahrung-pflege-und-restaurierung","status":"publish","type":"page","link":"https:\/\/www.japan-art.at\/?page_id=216","title":{"rendered":"Schwertzierrat, Aufbewahrung und Pflege:"},"content":{"rendered":"<p>Schwertmontierungen sind sorgsam und vorsichtig zu verwahren.<br \/>\nLackierungen der Saya sind empfindlich \u2013 Baumwollhandschuhe verwenden \u2013 verhindert S\u00e4ureablagerungen durch Schwei\u00df. Alte Lackierungen auszubessern oder zu restaurieren ist oft nur schwer m\u00f6glich und sehr teuer.<br \/>\nDicke Schwerts\u00e4cke verhindern Abplatzungen oder Dellen bei Lagerung\u00a0beim Hantieren mit den gelagerten Schwertern.<br \/>\nBei Darbietung der Koshirae in einer Vitrine ist darauf zu achten, dass immer eine Schale mit Wasser in der Vitrine steht. Beleuchtung mit Spots erh\u00f6ht die Verdunstung. Holz neigt zur Austrocknung &#8211; verliert an K\u00f6rper und der Lack platzt ab oder bekommt im besten Fall Risse.\u00a0 Schwertmontierungen haben die Jahrhunderte deshalb \u00fcberlebt, da die Besitzer immer Sorgfalt walten lie\u00dfen und auch wussten wie sie zu behandeln waren.\u00a0 Stoffauflagen am Schwertst\u00e4nder verhindern Kratzer am Lack.<\/p>\n<p>Schwertzierrat und Tsubas sind ebenfalls in der Regel mit Handschuhen zu ber\u00fchren.<\/p>\n<p>Pflege: Wischen mit einem weichen Tuch reicht v\u00f6llig. Tsubas, oder anderer Schwertzierrat mit Tauschierungen oder Einlagen auf keinen Fall \u00f6len. \u00d6l kriecht unter die<\/p>\n<p>Einlagen und f\u00fchrt zur Abhebung des Fremdmetalles.<\/p>\n<p>Eisentsubas sind \u00f6fter zu wischen. Eine gesunde Patina sieht aus wie ein alter abgewetzter Eisenstiegenhandlauf in einem Jahrhundertwendehaus oder wie ein alter oftbefahrener Kanaldeckel.<\/p>\n<p>Verbesserungen der Patina bei Eisentsubas mit diversen Hilfsmitteln wie Schuhpaste, Br\u00fcnierungsmittel, oder dem allseits beliebten unn\u00fctzen Tsubawachs sind zu unterlassen und f\u00fchren nicht zum Erfolg.<\/p>\n<p>Rost beseitigt man nicht mir einer Drahtb\u00fcrste \u2013 auch nicht mit einer Messingb\u00fcrste.. gibt nur gelben Abrieb den man nicht wieder wegbekommt.\u00a0 Verdreckte oder stark rostige Tsubas kauft man nicht oder man kennt einen guten Restaurator<\/p>\n<p>Kogatanas sind ebenso zu behandeln wie Schwertklingen.<\/p>\n<h1>Tachi-St\u00e4nder<a href=\"http:\/\/www.japan-art.at\/wp-content\/uploads\/2011\/11\/IMG_0285.jpg\"><img decoding=\"async\" loading=\"lazy\" class=\"alignright size-medium wp-image-429\" title=\"IMG_0285\" src=\"http:\/\/www.japan-art.at\/wp-content\/uploads\/2011\/11\/IMG_0285-199x300.jpg\" alt=\"\" width=\"199\" height=\"300\" srcset=\"https:\/\/www.japan-art.at\/wp-content\/uploads\/2011\/11\/IMG_0285-199x300.jpg 199w, https:\/\/www.japan-art.at\/wp-content\/uploads\/2011\/11\/IMG_0285.jpg 365w\" sizes=\"(max-width: 199px) 100vw, 199px\" \/><\/a><\/h1>\n<p>Tachi-St\u00e4nder zur Darbietung einer Tachi &#8211; Koshirae.<\/p>\n<p>Holz mit Rotlackfassung , Boden eingeschnittener Shishi, florale Elemente an Stands\u00e4ule eingeschnittten.<\/p>\n<p>Zeit: Showa ca. 1950<\/p>\n","protected":false},"excerpt":{"rendered":"<p>Schwertmontierungen sind sorgsam und vorsichtig zu verwahren. Lackierungen der Saya sind empfindlich \u2013 Baumwollhandschuhe verwenden \u2013 verhindert S\u00e4ureablagerungen durch Schwei\u00df. Alte Lackierungen auszubessern oder zu restaurieren ist oft nur schwer m\u00f6glich und sehr teuer. Dicke Schwerts\u00e4cke verhindern Abplatzungen oder Dellen &hellip; <a href=\"https:\/\/www.japan-art.at\/?page_id=216\">Weiterlesen <span class=\"meta-nav\">&rarr;<\/span><\/a><\/p>\n","protected":false},"author":1,"featured_media":0,"parent":101,"menu_order":6,"comment_status":"closed","ping_status":"closed","template":"","meta":[],"_links":{"self":[{"href":"https:\/\/www.japan-art.at\/index.php?rest_route=\/wp\/v2\/pages\/216"}],"collection":[{"href":"https:\/\/www.japan-art.at\/index.php?rest_route=\/wp\/v2\/pages"}],"about":[{"href":"https:\/\/www.japan-art.at\/index.php?rest_route=\/wp\/v2\/types\/page"}],"author":[{"embeddable":true,"href":"https:\/\/www.japan-art.at\/index.php?rest_route=\/wp\/v2\/users\/1"}],"replies":[{"embeddable":true,"href":"https:\/\/www.japan-art.at\/index.php?rest_route=%2Fwp%2Fv2%2Fcomments&post=216"}],"version-history":[{"count":4,"href":"https:\/\/www.japan-art.at\/index.php?rest_route=\/wp\/v2\/pages\/216\/revisions"}],"predecessor-version":[{"id":586,"href":"https:\/\/www.japan-art.at\/index.php?rest_route=\/wp\/v2\/pages\/216\/revisions\/586"}],"up":[{"embeddable":true,"href":"https:\/\/www.japan-art.at\/index.php?rest_route=\/wp\/v2\/pages\/101"}],"wp:attachment":[{"href":"https:\/\/www.japan-art.at\/index.php?rest_route=%2Fwp%2Fv2%2Fmedia&parent=216"}],"curies":[{"name":"wp","href":"https:\/\/api.w.org\/{rel}","templated":true}]}}