{"id":213,"date":"2011-11-08T15:37:28","date_gmt":"2011-11-08T15:37:28","guid":{"rendered":"http:\/\/www.japan-art.at\/?page_id=213"},"modified":"2015-02-21T20:26:03","modified_gmt":"2015-02-21T20:26:03","slug":"koshirae","status":"publish","type":"page","link":"https:\/\/www.japan-art.at\/?page_id=213","title":{"rendered":"Koshirae"},"content":{"rendered":"<p>Schwertmontierung: Gesamtes Set einer Schwertmontierung.( Griff, Tsuba , Scheide Beimesser etc. ) bildete immer ein Erscheinungsbild und war aufeinander abgestimmt. Montierungen wurden meist aus einer Werkstatt geliefert aus der die einzelnen Handwerker stammten bzw. mit den Zulieferern zusammenarbeiteten. F\u00fcr Klingen gab es, je nach finanzieller Lage des Besitzers mehrere Montierungen, die anla\u00dfbedingt oder einfach je nach Jahreszeit oder Geschmack gewechselt wurden.<\/p>\n<p>Montierungen die immer noch aus einer &#8220; Hand &#8220; sind, sind selten, da Montierungen &#8211; vor allem au\u00dferhalb Japans &#8211; auseinandergerissen und neu zusammengestellt wurden. Die Zusammenstellung einer Schwertmontierung erfordert Wissen um Sujets und Datierung der Komponenten. Fuji-Kashira aus dem 19. Jhdt, Menuki aus dem 20. Jhdt und eine Muromachi-Tsuba und oder eine Mischung der Schulen ist eine H\u00e4ndler oder Sammlerbastler-Komposition.<\/p>\n<h1><\/h1>\n<h1>Koshirae &#8211; Tachi:<\/h1>\n<p>Koshirae eines Tachi, (Klinge wurde mit der Schneide nach unten getragen)\u00a0,<\/p>\n<p>Zeit: Edo-Periode<\/p>\n<p><a href=\"http:\/\/www.japan-art.at\/wp-content\/uploads\/2011\/11\/27.2.05-026.jpg\">\u00a0<\/a><\/p>\n<h1><a href=\"http:\/\/www.japan-art.at\/wp-content\/uploads\/2011\/11\/27.2.05-026.jpg\"><img decoding=\"async\" loading=\"lazy\" class=\"wp-image-1009 alignleft\" style=\"width: 402px; height: 324px;\" alt=\"27.2.05 026\" src=\"http:\/\/www.japan-art.at\/wp-content\/uploads\/2011\/11\/27.2.05-026-1024x768.jpg\" width=\"620\" height=\"465\" srcset=\"https:\/\/www.japan-art.at\/wp-content\/uploads\/2011\/11\/27.2.05-026-1024x768.jpg 1024w, https:\/\/www.japan-art.at\/wp-content\/uploads\/2011\/11\/27.2.05-026-300x225.jpg 300w, https:\/\/www.japan-art.at\/wp-content\/uploads\/2011\/11\/27.2.05-026.jpg 2048w\" sizes=\"(max-width: 620px) 100vw, 620px\" \/><\/a><\/h1>\n<p>&nbsp;<\/p>\n<p>&nbsp;<\/p>\n<p>&nbsp;<\/p>\n<p>&nbsp;<\/p>\n<p>&nbsp;<\/p>\n<p>&nbsp;<\/p>\n<h1><\/h1>\n<h1><\/h1>\n<h1><\/h1>\n<p>&nbsp;<\/p>\n<p>&nbsp;<\/p>\n<h1>Koshirae &#8211; Gunto:<\/h1>\n<p>Koshirae eines Gunto, Tachi (Klinge wurde mit der Schneide nach unten getragen)\u00a0, Milit\u00e4rschwert, Infantriemontierung,<\/p>\n<p>Zeit: Showa, ca. 1930-1945<\/p>\n<p>&nbsp;<\/p>\n<p><a href=\"http:\/\/www.japan-art.at\/wp-content\/uploads\/2011\/11\/04142koshirae.jpg\"><img decoding=\"async\" loading=\"lazy\" class=\"alignright size-large wp-image-1004\" alt=\"04142koshirae\" src=\"http:\/\/www.japan-art.at\/wp-content\/uploads\/2011\/11\/04142koshirae-755x1024.jpg\" width=\"620\" height=\"840\" srcset=\"https:\/\/www.japan-art.at\/wp-content\/uploads\/2011\/11\/04142koshirae-755x1024.jpg 755w, https:\/\/www.japan-art.at\/wp-content\/uploads\/2011\/11\/04142koshirae-221x300.jpg 221w, https:\/\/www.japan-art.at\/wp-content\/uploads\/2011\/11\/04142koshirae.jpg 800w\" sizes=\"(max-width: 620px) 100vw, 620px\" \/><\/a><\/p>\n<p>&nbsp;<\/p>\n<p>&nbsp;<\/p>\n<h1>Koshirae &#8211; Gunto:<\/h1>\n<p>Koshirae eines Gunto, Tachi (Klinge wurde mit der Schneide nach unten getragen)\u00a0, Milit\u00e4rschwert, Infantriemontierung mit Scheidenschutz Leder,\u00a0\u00a0Griffende mit Knotenband Offizier,<\/p>\n<p>Zeit: Showa, ca. 1930-1945<\/p>\n<p>&nbsp;<\/p>\n<p><a href=\"http:\/\/www.japan-art.at\/wp-content\/uploads\/2011\/11\/koshirae02.jpg\"><img decoding=\"async\" loading=\"lazy\" class=\"wp-image-1023 alignleft\" style=\"width: 418px; height: 486px;\" alt=\"koshirae02\" src=\"http:\/\/www.japan-art.at\/wp-content\/uploads\/2011\/11\/koshirae02.jpg\" width=\"800\" height=\"974\" srcset=\"https:\/\/www.japan-art.at\/wp-content\/uploads\/2011\/11\/koshirae02.jpg 800w, https:\/\/www.japan-art.at\/wp-content\/uploads\/2011\/11\/koshirae02-246x300.jpg 246w\" sizes=\"(max-width: 800px) 100vw, 800px\" \/><br \/>\n<\/a><\/p>\n<p>&nbsp;<\/p>\n<p>&nbsp;<\/p>\n<p>&nbsp;<\/p>\n<p>&nbsp;<\/p>\n<h1><\/h1>\n<h1><\/h1>\n<h1><\/h1>\n<h1><\/h1>\n<h1><\/h1>\n<h1><\/h1>\n<h1><\/h1>\n<h1><\/h1>\n<h1><\/h1>\n<h1><\/h1>\n<h1><\/h1>\n<h1><\/h1>\n<h1><\/h1>\n<h1><\/h1>\n<h1><\/h1>\n<p>&nbsp;<\/p>\n<p>&nbsp;<\/p>\n<p>&nbsp;<\/p>\n<h1><\/h1>\n<h1><\/h1>\n<h1><\/h1>\n<h1><\/h1>\n<h1><\/h1>\n<h1><\/h1>\n<h1><\/h1>\n<h1><\/h1>\n<h1><\/h1>\n<h1><\/h1>\n<h1><\/h1>\n<h1><\/h1>\n<h1><\/h1>\n<h1><\/h1>\n<h1><\/h1>\n<h1><\/h1>\n<h1>Koshirae &#8211; Wakizashi:<\/h1>\n<p>&nbsp;<\/p>\n<h1><a href=\"http:\/\/www.japan-art.at\/wp-content\/uploads\/2011\/11\/27.2.05-028-1.jpg\"><img decoding=\"async\" loading=\"lazy\" class=\"size-large wp-image-1007 alignleft\" alt=\"27.2.05 028 1\" src=\"http:\/\/www.japan-art.at\/wp-content\/uploads\/2011\/11\/27.2.05-028-1-1024x630.jpg\" width=\"620\" height=\"381\" srcset=\"https:\/\/www.japan-art.at\/wp-content\/uploads\/2011\/11\/27.2.05-028-1-1024x630.jpg 1024w, https:\/\/www.japan-art.at\/wp-content\/uploads\/2011\/11\/27.2.05-028-1-300x184.jpg 300w, https:\/\/www.japan-art.at\/wp-content\/uploads\/2011\/11\/27.2.05-028-1.jpg 1917w\" sizes=\"(max-width: 620px) 100vw, 620px\" \/><\/a><\/h1>\n<p>&nbsp;<\/p>\n<p>Koshirae eines Wakizashi: Saya geschliffene Rochenhaut<\/p>\n<p>Zeit: Edo-Periode, um 1800<\/p>\n<p>&nbsp;<\/p>\n<p>&nbsp;<\/p>\n<h1>Koshirae &#8211; Wakizashi:<\/h1>\n<h1><a href=\"http:\/\/www.japan-art.at\/wp-content\/uploads\/2011\/11\/IMG_0232.jpg\"><img decoding=\"async\" loading=\"lazy\" class=\"alignright size-full wp-image-418\" title=\"IMG_0232\" alt=\"\" src=\"http:\/\/www.japan-art.at\/wp-content\/uploads\/2011\/11\/IMG_0232.jpg\" width=\"525\" height=\"105\" srcset=\"https:\/\/www.japan-art.at\/wp-content\/uploads\/2011\/11\/IMG_0232.jpg 525w, https:\/\/www.japan-art.at\/wp-content\/uploads\/2011\/11\/IMG_0232-300x60.jpg 300w\" sizes=\"(max-width: 525px) 100vw, 525px\" \/><\/a><\/h1>\n<p>Koshirae eines Wakizashi in Aikuchi Montierung<\/p>\n<p>Schlichte Montierung nach altem Vorbild, Abschl\u00fcsse in B\u00fcffelhorn, Tsuka &#8211; schwarz gef\u00e4rbte Same ( Griff gr\u00f6\u00dfer, da meiner Hand angepa\u00dft )<\/p>\n<p>Saya: 18. &#8211; 19. Jhdt. mit Mon<\/p>\n<h1>Koshirae &#8211; Tanto<\/h1>\n<h1><a href=\"http:\/\/www.japan-art.at\/wp-content\/uploads\/2011\/11\/IMG_0249.jpg\"><img decoding=\"async\" loading=\"lazy\" class=\"alignright size-full wp-image-419\" title=\"IMG_0249\" alt=\"\" src=\"http:\/\/www.japan-art.at\/wp-content\/uploads\/2011\/11\/IMG_0249.jpg\" width=\"525\" height=\"105\" srcset=\"https:\/\/www.japan-art.at\/wp-content\/uploads\/2011\/11\/IMG_0249.jpg 525w, https:\/\/www.japan-art.at\/wp-content\/uploads\/2011\/11\/IMG_0249-300x60.jpg 300w\" sizes=\"(max-width: 525px) 100vw, 525px\" \/><\/a><\/h1>\n<p>Tanto-Koshirae: unver\u00e4nderte komplette Montierung, mit zusammenpassenden Fuchi-Kashira, Tsuba, Kozuka und Kogai.<\/p>\n<p>Taisho-Periode<\/p>\n<p>&nbsp;<\/p>\n<h1>Koshirae &#8211; Aikuchi<\/h1>\n<h1><a href=\"http:\/\/www.japan-art.at\/wp-content\/uploads\/2011\/11\/Aikuchi_Koshirae.jpg\"><img decoding=\"async\" loading=\"lazy\" class=\"alignright size-full wp-image-420\" title=\"Aikuchi_Koshirae\" alt=\"\" src=\"http:\/\/www.japan-art.at\/wp-content\/uploads\/2011\/11\/Aikuchi_Koshirae.jpg\" width=\"365\" height=\"138\" srcset=\"https:\/\/www.japan-art.at\/wp-content\/uploads\/2011\/11\/Aikuchi_Koshirae.jpg 365w, https:\/\/www.japan-art.at\/wp-content\/uploads\/2011\/11\/Aikuchi_Koshirae-300x113.jpg 300w\" sizes=\"(max-width: 365px) 100vw, 365px\" \/><\/a><\/h1>\n<p>Koshirae\u00a0eines Aikuchi-\u00a0 Koshirae ohne Tsuba f\u00fcr kleinen Dolch,<\/p>\n<p>Fuchi-Kashira aus B\u00fcffelhorn ( Wasserb\u00fcffel ), lackierter Griff, Saya mit schwarzen Urushi-Lack am unteren Ende mit rotem Lack in Negoro-Technik abgesetzt, Endst\u00fcck wieder aus B\u00fcffelhorn.<\/p>\n<p>Zeit: ca. um 1800<\/p>\n<p>&nbsp;<\/p>\n<p>&nbsp;<\/p>\n<p>&nbsp;<\/p>\n","protected":false},"excerpt":{"rendered":"<p>Schwertmontierung: Gesamtes Set einer Schwertmontierung.( Griff, Tsuba , Scheide Beimesser etc. ) bildete immer ein Erscheinungsbild und war aufeinander abgestimmt. Montierungen wurden meist aus einer Werkstatt geliefert aus der die einzelnen Handwerker stammten bzw. mit den Zulieferern zusammenarbeiteten. F\u00fcr Klingen &hellip; <a href=\"https:\/\/www.japan-art.at\/?page_id=213\">Weiterlesen <span class=\"meta-nav\">&rarr;<\/span><\/a><\/p>\n","protected":false},"author":1,"featured_media":0,"parent":101,"menu_order":5,"comment_status":"closed","ping_status":"closed","template":"","meta":[],"_links":{"self":[{"href":"https:\/\/www.japan-art.at\/index.php?rest_route=\/wp\/v2\/pages\/213"}],"collection":[{"href":"https:\/\/www.japan-art.at\/index.php?rest_route=\/wp\/v2\/pages"}],"about":[{"href":"https:\/\/www.japan-art.at\/index.php?rest_route=\/wp\/v2\/types\/page"}],"author":[{"embeddable":true,"href":"https:\/\/www.japan-art.at\/index.php?rest_route=\/wp\/v2\/users\/1"}],"replies":[{"embeddable":true,"href":"https:\/\/www.japan-art.at\/index.php?rest_route=%2Fwp%2Fv2%2Fcomments&post=213"}],"version-history":[{"count":31,"href":"https:\/\/www.japan-art.at\/index.php?rest_route=\/wp\/v2\/pages\/213\/revisions"}],"predecessor-version":[{"id":1043,"href":"https:\/\/www.japan-art.at\/index.php?rest_route=\/wp\/v2\/pages\/213\/revisions\/1043"}],"up":[{"embeddable":true,"href":"https:\/\/www.japan-art.at\/index.php?rest_route=\/wp\/v2\/pages\/101"}],"wp:attachment":[{"href":"https:\/\/www.japan-art.at\/index.php?rest_route=%2Fwp%2Fv2%2Fmedia&parent=213"}],"curies":[{"name":"wp","href":"https:\/\/api.w.org\/{rel}","templated":true}]}}