{"id":206,"date":"2011-11-08T15:36:14","date_gmt":"2011-11-08T15:36:14","guid":{"rendered":"http:\/\/www.japan-art.at\/?page_id=206"},"modified":"2015-02-21T20:35:01","modified_gmt":"2015-02-21T20:35:01","slug":"tsuba","status":"publish","type":"page","link":"https:\/\/www.japan-art.at\/?page_id=206","title":{"rendered":"Tsuba"},"content":{"rendered":"<p>Schwertstichblatt, dient als Handschutz gegen das nach vorne Rutschen der Hand in den Klingenbereich als auch als Schutz der Hand gegen die gegnerische Klinge.<\/p>\n<p>Gestaltung, Form und Gr\u00f6\u00dfe wurde nach Geschmack des Besitzers aber nat\u00fcrlich im Einklang mit der restlichen Schwertmontierung festgelegt bzw. ausgesucht. F\u00fcr Tsubas wurden verschiedene Materialen wie Buntmetall in verschiedenen Legierungen, Edelmetalle, auch Leder, aber haupts\u00e4chlich Eisen verwendet.<\/p>\n<p>Entstand die Tsuba als simpler geschmiedeter Handschutz in Scheibenform von R\u00fcstungsmachern gefertigt, verfeinerte sich ihr Darstellungsbild im Laufe der Jahrhunderte mitunter zu Kunstwerken des Schwertzierrates. Von der Eisenscheibe mit einfachen Ausnehmungen zu kunstvollen Durchbrechungen der Oberfl\u00e4che, von eher simplen Gravuren bzw. Stanzungen zu feinen Schnitten und Gravuren oder plastischen Darstellungen an der Oberfl\u00e4che, fein geh\u00e4mmert, gemeisselt, graviert, gestichelt, tauschiert bis zu lackierten Oberfl\u00e4chen der Shibayama Tsubas.<\/p>\n<p>PS: Meine Zuneigung gilt den Sukashi Tsubas mit ihren eleganten Durchbrechungen &#8211; weshalb hier wohl mehr Werke aus dieser Richtung vertreten sind.<\/p>\n<p>&nbsp;<\/p>\n<h1>Sukashi Tsuba<a href=\"http:\/\/www.japan-art.at\/wp-content\/uploads\/2011\/11\/Plattnertsuba.jpg\"><img decoding=\"async\" loading=\"lazy\" class=\"wp-image-371 alignright\" title=\"Plattnertsuba\" alt=\"\" src=\"http:\/\/www.japan-art.at\/wp-content\/uploads\/2011\/11\/Plattnertsuba.jpg\" width=\"315\" height=\"283\" \/><\/a><\/h1>\n<p>Sukashi Tsuba, Eisen, gewellte Oberfl\u00e4che, <strong>Plattnertsuba<\/strong>!<\/p>\n<p>Mond u. Fische?, 1\u00a0Kozukaana<\/p>\n<p>Ma\u00dfe: 85 x 78 mm,<\/p>\n<p>Zeit: Muromachi-Periode, 1396-1568<\/p>\n<p>&nbsp;<\/p>\n<p>&nbsp;<\/p>\n<p>&nbsp;<\/p>\n<p>&nbsp;<\/p>\n<h1>Tsuba<a href=\"http:\/\/www.japan-art.at\/wp-content\/uploads\/2011\/11\/Tosho_Tsuba.jpg\"><img decoding=\"async\" loading=\"lazy\" class=\"alignright  wp-image-372\" title=\"Tosho_Tsuba\" alt=\"\" src=\"http:\/\/www.japan-art.at\/wp-content\/uploads\/2011\/11\/Tosho_Tsuba.jpg\" width=\"315\" height=\"320\" \/><\/a><\/h1>\n<p>Tosho-Tsuba, Eisen<\/p>\n<p>Streifenf\u00f6rmige Ausnehmung<\/p>\n<p>Zeit:<\/p>\n<p>Ma\u00dfe: 79 mm DM<\/p>\n<p>&nbsp;<\/p>\n<p>&nbsp;<\/p>\n<p>&nbsp;<\/p>\n<p>&nbsp;<\/p>\n<p>&nbsp;<\/p>\n<h1>Tsuba<a href=\"http:\/\/www.japan-art.at\/wp-content\/uploads\/2011\/11\/Tsuba_gewlbt.jpg\"><img decoding=\"async\" loading=\"lazy\" class=\"wp-image-373 alignright\" style=\"margin-top: 10px; margin-bottom: 10px;\" title=\"Tsuba_gewlbt\" alt=\"\" src=\"http:\/\/www.japan-art.at\/wp-content\/uploads\/2011\/11\/Tsuba_gewlbt.jpg\" width=\"592\" height=\"249\" \/><\/a><\/h1>\n<p>Tsuba: Eisen, maru-gata,<\/p>\n<p>gew\u00f6lbte Form, ge\u00e4tzte Wolkenmotive an Vorder u. R\u00fcckseite,<\/p>\n<p>europ\u00e4ischer Einflu\u00df &#8211; gew\u00f6lbter<br \/>\nHandschutz &#8211; Rapier,Degen<\/p>\n<p>1 Kogaiana, 1 Kozukaana<\/p>\n<p>Zeit: Edo-Periode, 18. Jhdt.<\/p>\n<p>&nbsp;<\/p>\n<h1>Sukashi Tsuba<a href=\"http:\/\/www.japan-art.at\/wp-content\/uploads\/2011\/11\/Akao_bearb.jpg\"><img decoding=\"async\" loading=\"lazy\" class=\"alignright  wp-image-375\" title=\"Akao_bearb\" alt=\"\" src=\"http:\/\/www.japan-art.at\/wp-content\/uploads\/2011\/11\/Akao_bearb.jpg\" width=\"315\" height=\"332\" \/><\/a><\/h1>\n<p>Sukashitsuba, Eisen, unregelm\u00e4\u00dfige Form<\/p>\n<p>Akao &#8211; Schule<\/p>\n<p>Signiert: Akao Yoshitsugu<\/p>\n<p>2 \u00fcberkreuzende Haken &#8211; Anker<\/p>\n<p>Ma\u00dfe: 73 x 67 mm,\u00a01 Kozukaana,<\/p>\n<p>Zeit: Edo-Periode<\/p>\n<p>&nbsp;<\/p>\n<p>&nbsp;<\/p>\n<p>&nbsp;<\/p>\n<p>&nbsp;<\/p>\n<h1>Sukashi Tsuba<a href=\"http:\/\/www.japan-art.at\/wp-content\/uploads\/2011\/11\/Sukashi_Kirschblten_hell.jpg\"><img decoding=\"async\" loading=\"lazy\" class=\"alignright  wp-image-376\" title=\"Sukashi_Kirschblten_hell\" alt=\"\" src=\"http:\/\/www.japan-art.at\/wp-content\/uploads\/2011\/11\/Sukashi_Kirschblten_hell.jpg\" width=\"291\" height=\"306\" \/><\/a><\/h1>\n<p><span style=\"font-family: Verdana,Arial,Helvetica,sans-serif;\">Suk<\/span>shi-Tsuba, Eisen, Goldauflagen,<\/p>\n<p>signiert: Hidemasa, Kakihan &#8211; Joly H82 (Bushu?)<\/p>\n<p>Kirschbl\u00fctenzweige, Kozukaana u. Kogaiana<\/p>\n<p>Schule: Higo<\/p>\n<p>Ma\u00dfe: 71mm x 68mm<\/p>\n<p>Zeit: Edo-Periode<\/p>\n<p>&nbsp;<\/p>\n<p>&nbsp;<\/p>\n<p>&nbsp;<\/p>\n<p>&nbsp;<\/p>\n<h1>Sukashi Tsuba<a href=\"http:\/\/www.japan-art.at\/wp-content\/uploads\/2011\/11\/Musashidesign_bearb.jpg\"><img decoding=\"async\" loading=\"lazy\" class=\"alignright  wp-image-377\" title=\"Musashidesign_bearb\" alt=\"\" src=\"http:\/\/www.japan-art.at\/wp-content\/uploads\/2011\/11\/Musashidesign_bearb.jpg\" width=\"289\" height=\"282\" \/><\/a><\/h1>\n<p>Sukashi Tsuba, Eisen<\/p>\n<p>Musashi &#8211; Design, 5 Ringe<\/p>\n<p>Ma\u00dfe: 79 mm<\/p>\n<p>Zeit: Edo-Periode<\/p>\n<p>&nbsp;<\/p>\n<p>&nbsp;<\/p>\n<p>&nbsp;<\/p>\n<p>&nbsp;<\/p>\n<p>&nbsp;<\/p>\n<h1>Sukashi Tsuba &#8211; Daisho<a href=\"http:\/\/www.japan-art.at\/wp-content\/uploads\/2011\/11\/Daisho.jpg\"><img decoding=\"async\" loading=\"lazy\" class=\"wp-image-378 alignright\" title=\"Daisho\" alt=\"\" src=\"http:\/\/www.japan-art.at\/wp-content\/uploads\/2011\/11\/Daisho.jpg\" width=\"629\" height=\"323\" \/><\/a><\/h1>\n<p>Sukashi-Tsuba, Eisen, Goldauflagen, Mokkogata (Daisho \u2013 Gro\u00df-Klein)<\/p>\n<p>signiert: Bushu (no) ju Masakata<\/p>\n<p>Bambuszweige mit stilisiertem Schnee<\/p>\n<p>Schule: Higo<\/p>\n<p>73 mm x 67 mm u.<\/p>\n<p>75 mm x 69 mm<\/p>\n<p>Kozukaana u. Kogaiana<\/p>\n<p>Vgl. Sotheby, New York, 25.5.1989<\/p>\n<p>Zeit: Edo-Periode<\/p>\n<p>&nbsp;<\/p>\n<h1>Sukashi Tsuba<a href=\"http:\/\/www.japan-art.at\/wp-content\/uploads\/2011\/11\/Sukashi_messingdraht.jpg\"><img decoding=\"async\" loading=\"lazy\" class=\"alignright  wp-image-379\" title=\"Sukashi_messingdraht\" alt=\"\" src=\"http:\/\/www.japan-art.at\/wp-content\/uploads\/2011\/11\/Sukashi_messingdraht.jpg\" width=\"318\" height=\"314\" \/><\/a><\/h1>\n<p>Sukashi Tsuba, Eisen, Sentoku-Draht Auflagen<\/p>\n<p>Ma\u00dfe: 82 mm<\/p>\n<p>Zeit: Edo-Periode<\/p>\n<p>&nbsp;<\/p>\n<p>&nbsp;<\/p>\n<p>&nbsp;<\/p>\n<p>&nbsp;<\/p>\n<p>&nbsp;<\/p>\n<p>&nbsp;<\/p>\n<h1>Sukashi Tsuba<a href=\"http:\/\/www.japan-art.at\/wp-content\/uploads\/2011\/11\/27.2.05-018.jpg\"><img decoding=\"async\" loading=\"lazy\" class=\"alignright  wp-image-1045\" style=\"width: 304px; height: 263px;\" alt=\"27.2.05 018\" src=\"http:\/\/www.japan-art.at\/wp-content\/uploads\/2011\/11\/27.2.05-018-1024x921.jpg\" width=\"620\" height=\"557\" srcset=\"https:\/\/www.japan-art.at\/wp-content\/uploads\/2011\/11\/27.2.05-018-1024x921.jpg 1024w, https:\/\/www.japan-art.at\/wp-content\/uploads\/2011\/11\/27.2.05-018-300x269.jpg 300w, https:\/\/www.japan-art.at\/wp-content\/uploads\/2011\/11\/27.2.05-018.jpg 1688w\" sizes=\"(max-width: 620px) 100vw, 620px\" \/><\/a><\/h1>\n<p>Sukashi Tsuba, Eisen<\/p>\n<p>Chinesische Hellebarde, Verbindung zur Geschichte des Chinesischen General KUAN Y\u00dc oder auch KUAN KUNG genannt, lebte in der 3. Epoche 220-280n. Chr in China, &#8211; wurde in der Ming-Dynastie teilweise sogar als Kriegsgottheit verehrt.<\/p>\n<p>Schule:<\/p>\n<p>Ma\u00dfe: 75 mm x 73 mm<\/p>\n<p>Zeit: Edo-Periode<\/p>\n<h1><\/h1>\n<h1>Tsuba<a href=\"http:\/\/www.japan-art.at\/wp-content\/uploads\/2011\/11\/Tsuba_Affen.jpg\"><img decoding=\"async\" loading=\"lazy\" class=\"alignright  wp-image-381\" title=\"Tsuba_Affen\" alt=\"\" src=\"http:\/\/www.japan-art.at\/wp-content\/uploads\/2011\/11\/Tsuba_Affen.jpg\" width=\"648\" height=\"312\" srcset=\"https:\/\/www.japan-art.at\/wp-content\/uploads\/2011\/11\/Tsuba_Affen.jpg 478w, https:\/\/www.japan-art.at\/wp-content\/uploads\/2011\/11\/Tsuba_Affen-300x144.jpg 300w\" sizes=\"(max-width: 648px) 100vw, 648px\" \/><\/a><\/h1>\n<p>Tsuba, Eisen, Buntmetallauflagen, Goldakzente<\/p>\n<p>Affen, die den Mond betrachten &#8211; der sich auch im Wasser wiederspiegelt (Shakudo eingelegter Mond im Wasser)<\/p>\n<p>Schule:<\/p>\n<p>Ma\u00dfe: 74 mm x 69 mm<\/p>\n<p>Zeit: Edo-Periode<\/p>\n<p>&nbsp;<\/p>\n<h1>Tsuba<a href=\"http:\/\/www.japan-art.at\/wp-content\/uploads\/2011\/11\/Tsuba_Kaneie.jpg\"><img decoding=\"async\" loading=\"lazy\" class=\"alignright  wp-image-382\" title=\"Tsuba_Kaneie\" alt=\"\" src=\"http:\/\/www.japan-art.at\/wp-content\/uploads\/2011\/11\/Tsuba_Kaneie.jpg\" width=\"601\" height=\"299\" srcset=\"https:\/\/www.japan-art.at\/wp-content\/uploads\/2011\/11\/Tsuba_Kaneie.jpg 443w, https:\/\/www.japan-art.at\/wp-content\/uploads\/2011\/11\/Tsuba_Kaneie-300x149.jpg 300w\" sizes=\"(max-width: 601px) 100vw, 601px\" \/><\/a><\/h1>\n<p>Tsuba, Eisen, Golddraht und Silberauflagen<\/p>\n<p>singniert:\u00a0 Kaneie, \u00a0\u00a0\u00a0\u00a0 Yamashiro Kuni Fushimi Ju<\/p>\n<p>Allegorie eines Schlachtfeldes<\/p>\n<p>Schule:<\/p>\n<p>Ma\u00dfe: 65 mm x 71 mm<\/p>\n<p>Zeit: Edo-Periode<\/p>\n<p>&nbsp;<\/p>\n<h1>Tsuba<a href=\"http:\/\/www.japan-art.at\/wp-content\/uploads\/2011\/11\/Tsuba_Drachen_gold.jpg\"><img decoding=\"async\" loading=\"lazy\" class=\"alignright  wp-image-383\" title=\"Tsuba_Drachen_gold\" alt=\"\" src=\"http:\/\/www.japan-art.at\/wp-content\/uploads\/2011\/11\/Tsuba_Drachen_gold.jpg\" width=\"619\" height=\"303\" srcset=\"https:\/\/www.japan-art.at\/wp-content\/uploads\/2011\/11\/Tsuba_Drachen_gold.jpg 452w, https:\/\/www.japan-art.at\/wp-content\/uploads\/2011\/11\/Tsuba_Drachen_gold-300x146.jpg 300w\" sizes=\"(max-width: 619px) 100vw, 619px\" \/><\/a><\/h1>\n<p>Tsuba, Eisen, Goldtauschierungen, Silberakzente<\/p>\n<p>signiert:<\/p>\n<p>Schule: Nagasaki Jakushi<\/p>\n<p>Ma\u00dfe: 75 mm x 72 mm<\/p>\n<p>Zeit: Edo-Periode<\/p>\n","protected":false},"excerpt":{"rendered":"<p>Schwertstichblatt, dient als Handschutz gegen das nach vorne Rutschen der Hand in den Klingenbereich als auch als Schutz der Hand gegen die gegnerische Klinge. Gestaltung, Form und Gr\u00f6\u00dfe wurde nach Geschmack des Besitzers aber nat\u00fcrlich im Einklang mit der restlichen &hellip; <a href=\"https:\/\/www.japan-art.at\/?page_id=206\">Weiterlesen <span class=\"meta-nav\">&rarr;<\/span><\/a><\/p>\n","protected":false},"author":1,"featured_media":0,"parent":101,"menu_order":2,"comment_status":"closed","ping_status":"closed","template":"","meta":[],"_links":{"self":[{"href":"https:\/\/www.japan-art.at\/index.php?rest_route=\/wp\/v2\/pages\/206"}],"collection":[{"href":"https:\/\/www.japan-art.at\/index.php?rest_route=\/wp\/v2\/pages"}],"about":[{"href":"https:\/\/www.japan-art.at\/index.php?rest_route=\/wp\/v2\/types\/page"}],"author":[{"embeddable":true,"href":"https:\/\/www.japan-art.at\/index.php?rest_route=\/wp\/v2\/users\/1"}],"replies":[{"embeddable":true,"href":"https:\/\/www.japan-art.at\/index.php?rest_route=%2Fwp%2Fv2%2Fcomments&post=206"}],"version-history":[{"count":54,"href":"https:\/\/www.japan-art.at\/index.php?rest_route=\/wp\/v2\/pages\/206\/revisions"}],"predecessor-version":[{"id":1047,"href":"https:\/\/www.japan-art.at\/index.php?rest_route=\/wp\/v2\/pages\/206\/revisions\/1047"}],"up":[{"embeddable":true,"href":"https:\/\/www.japan-art.at\/index.php?rest_route=\/wp\/v2\/pages\/101"}],"wp:attachment":[{"href":"https:\/\/www.japan-art.at\/index.php?rest_route=%2Fwp%2Fv2%2Fmedia&parent=206"}],"curies":[{"name":"wp","href":"https:\/\/api.w.org\/{rel}","templated":true}]}}