{"id":202,"date":"2011-11-08T15:35:17","date_gmt":"2011-11-08T15:35:17","guid":{"rendered":"http:\/\/www.japan-art.at\/?page_id=202"},"modified":"2011-11-22T20:19:02","modified_gmt":"2011-11-22T20:19:02","slug":"aufbewahrung-und-pflege","status":"publish","type":"page","link":"https:\/\/www.japan-art.at\/?page_id=202","title":{"rendered":"Aufbewahrung und Pflege"},"content":{"rendered":"<h1>IN KEINEM FALL :<\/h1>\n<p>Befinden Sie sich im Besitz einer japanischen Schwertklinge, vermeiden Sie es bitte etwaige Rostflecken mit Sandpapier, Stahlwolle, Polierscheiben, S\u00e4uren, Rostentfernern oder \u00e4hnlichen zu bearbeiten. <strong>SIE ZERST\u00d6REN DIE KLING<\/strong>E.<\/p>\n<p>Jeder sachkundige Sammler kauft eher eine Klinge im unber\u00fchrten, &#8211; f\u00fcr Laien im vermeintlich schlechteren Zustand \u2013 als eine Klinge die unsachgem\u00e4\u00df restauriert wurde.<\/p>\n<p>Hierzulande t\u00e4tige &#8222;Messerschmiede&#8220; sind in <strong>KEINEM<\/strong> <strong>FALL<\/strong> der richtige Anlaufpunkt zur Polierung oder Restauration dieser Schwertklingen. Mit den hier angewendeten Mitteln werden Oberfl\u00e4chenstruktur und H\u00e4rteerscheinungen zerst\u00f6rt.<\/p>\n<p>VORSICHT bei autodidaktischen Sammlerbastlern. Polieren erfordert langj\u00e4hriges Training und profunde Kenntnis der Materialien \u2013 sowohl bei der Beschaffenheit der Schwertklinge als auch bei den Poliersteinen.<\/p>\n<p>Gute Restauratoren befinden sich in Gro\u00dfbritannien, den USA und Japan.<\/p>\n<p>Fachgerechte Restaurationen sind zugegebener Ma\u00dfen teuer, steigern aber den Wert des Objektes, bei vorliegen gewisser Rahmenbedingungen, erheblich.<\/p>\n<p>Sollten Sie in dieser Hinsicht Hilfe ben\u00f6tigen, wende Sie sich an mich. Ich helfe Ihnen gerne weiter.<\/p>\n<h1>PFLEGE:<\/h1>\n<p>Ber\u00fchren Sie Lackarbeiten und Metallgegenst\u00e4nde nicht mit blo\u00dfen H\u00e4nden. Wenn doch, wischen Sie mit einem weichen Tuch nach. Der menschliche Schwei\u00df enth\u00e4lt S\u00e4uren die Oberfl\u00e4chen angreifen.<\/p>\n<p>Schwertklingen werden mit s\u00e4urefreiem \u00d6l gepflegt. <strong>WENIGER IST MEHR!<\/strong> Ein \u201eHauch\u201c gen\u00fcgt. Schwertpflegesets ( sogenanntes Nelken\u00f6l ) bekommt man im Fachhandel beim Messerh\u00e4ndler bzw. bei Firmen wie KETTNER, SPRINGER etc. Kommen Sie bitte nicht auf die Idee in Apotheke oder Drogerie Nelken\u00f6l zu erwerben. Das Klingenpflege\u00f6l wurde nur mit Nelken(\u00f6l) aromatisiert &#8211; das richtige Nelken\u00f6l greift Ihre Klinge an.<\/p>\n<p>In <strong>KEINEM FALL<\/strong>, Waffen\u00f6l, Ballistol oder \u00e4hnliches verwenden.<\/p>\n<p>Nehmen Sie von Zeit zu Zeit die Schwertscheide und klopfen sie leicht mit dem offenen Ende nach unten durch Aufsto\u00dfen auf einer Fl\u00e4che auf. Hiebei fallen Verunreinigungen und feine Holzsp\u00e4ne die durch das Hineinschieben und Herausziehen der Schwertklinge an der Scheideninnenwand abgeschabt wurden heraus. Diese Verunreinigungen bzw. Sp\u00e4ne w\u00fcrden sonst auf Dauer die Politur der Schwertoberfl\u00e4che angreifen. Aus diesem Grund ist auch der sparsame \u00d6lgebrauch angebracht.<\/p>\n<p>Zur richtigen Aufbewahrung einer Schwertklinge mit guter Politur ist die Anschaffung einer Aufbewahrungsscheide\u00a0 ( Shirasaya ) zu empfehlen. Die Originalmontierung wird dann mit einer Ersatzklinge aus Holz ( Tsunagi ) versehen und kann somit wieder dargeboten werden.<\/p>\n","protected":false},"excerpt":{"rendered":"<p>IN KEINEM FALL : Befinden Sie sich im Besitz einer japanischen Schwertklinge, vermeiden Sie es bitte etwaige Rostflecken mit Sandpapier, Stahlwolle, Polierscheiben, S\u00e4uren, Rostentfernern oder \u00e4hnlichen zu bearbeiten. SIE ZERST\u00d6REN DIE KLINGE. Jeder sachkundige Sammler kauft eher eine Klinge im &hellip; <a href=\"https:\/\/www.japan-art.at\/?page_id=202\">Weiterlesen <span class=\"meta-nav\">&rarr;<\/span><\/a><\/p>\n","protected":false},"author":1,"featured_media":0,"parent":61,"menu_order":8,"comment_status":"closed","ping_status":"closed","template":"","meta":[],"_links":{"self":[{"href":"https:\/\/www.japan-art.at\/index.php?rest_route=\/wp\/v2\/pages\/202"}],"collection":[{"href":"https:\/\/www.japan-art.at\/index.php?rest_route=\/wp\/v2\/pages"}],"about":[{"href":"https:\/\/www.japan-art.at\/index.php?rest_route=\/wp\/v2\/types\/page"}],"author":[{"embeddable":true,"href":"https:\/\/www.japan-art.at\/index.php?rest_route=\/wp\/v2\/users\/1"}],"replies":[{"embeddable":true,"href":"https:\/\/www.japan-art.at\/index.php?rest_route=%2Fwp%2Fv2%2Fcomments&post=202"}],"version-history":[{"count":10,"href":"https:\/\/www.japan-art.at\/index.php?rest_route=\/wp\/v2\/pages\/202\/revisions"}],"predecessor-version":[{"id":556,"href":"https:\/\/www.japan-art.at\/index.php?rest_route=\/wp\/v2\/pages\/202\/revisions\/556"}],"up":[{"embeddable":true,"href":"https:\/\/www.japan-art.at\/index.php?rest_route=\/wp\/v2\/pages\/61"}],"wp:attachment":[{"href":"https:\/\/www.japan-art.at\/index.php?rest_route=%2Fwp%2Fv2%2Fmedia&parent=202"}],"curies":[{"name":"wp","href":"https:\/\/api.w.org\/{rel}","templated":true}]}}