{"id":198,"date":"2011-11-08T15:34:18","date_gmt":"2011-11-08T15:34:18","guid":{"rendered":"http:\/\/www.japan-art.at\/?page_id=198"},"modified":"2013-06-01T13:58:34","modified_gmt":"2013-06-01T13:58:34","slug":"yanone","status":"publish","type":"page","link":"https:\/\/www.japan-art.at\/?page_id=198","title":{"rendered":"Yanone"},"content":{"rendered":"<p><strong>Ya-no-ne<\/strong> &#8211; w\u00f6rtlich Pfeilwurzel, weil die Spitze im Feind wurzeln soll.<\/p>\n<p>Pfeilspitzen, Vielfalt an diversen Formen und Gr\u00f6\u00dfen. Meist einfache Anfertigungen auf Durchdringung von Panzerungen ausgerichtet. Pfeile mit Y-Spitzen f\u00fcr Durchtrennungen<\/p>\n<p>Aufw\u00e4ndigere Pfeilspitzen eher Prunk- oder Zeremonialpfeilspitzen.<\/p>\n<h1>Yanone<a href=\"http:\/\/www.japan-art.at\/wp-content\/uploads\/2011\/11\/Yanone_1.jpg\"><img decoding=\"async\" loading=\"lazy\" class=\"alignright  wp-image-335\" title=\"Yanone_1\" src=\"http:\/\/www.japan-art.at\/wp-content\/uploads\/2011\/11\/Yanone_1-300x225.jpg\" alt=\"\" width=\"381\" height=\"285\" srcset=\"https:\/\/www.japan-art.at\/wp-content\/uploads\/2011\/11\/Yanone_1-300x225.jpg 300w, https:\/\/www.japan-art.at\/wp-content\/uploads\/2011\/11\/Yanone_1.jpg 320w\" sizes=\"(max-width: 381px) 100vw, 381px\" \/><\/a><\/h1>\n<p>Hira-ne &#8211; blattf\u00f6rmig<\/p>\n<p>Edo-Periode<\/p>\n<p>&nbsp;<\/p>\n<p>&nbsp;<\/p>\n<h1>Yanone<a href=\"http:\/\/www.japan-art.at\/wp-content\/uploads\/2011\/11\/Yanone_2.jpg\"><img decoding=\"async\" loading=\"lazy\" class=\"alignright  wp-image-336\" title=\"Yanone_2\" src=\"http:\/\/www.japan-art.at\/wp-content\/uploads\/2011\/11\/Yanone_2-300x185.jpg\" alt=\"\" width=\"389\" height=\"240\" srcset=\"https:\/\/www.japan-art.at\/wp-content\/uploads\/2011\/11\/Yanone_2-300x185.jpg 300w, https:\/\/www.japan-art.at\/wp-content\/uploads\/2011\/11\/Yanone_2.jpg 365w\" sizes=\"(max-width: 389px) 100vw, 389px\" \/><\/a><\/h1>\n<p>1-3:<\/p>\n<p>4 u. 5: Nomi-ne &#8211; meisselartige<\/p>\n<p>Zeit: Edo-Periode<\/p>\n<p>&nbsp;<\/p>\n<h1>Yanone<a href=\"http:\/\/www.japan-art.at\/wp-content\/uploads\/2011\/11\/Yanone_3.jpg\"><img decoding=\"async\" loading=\"lazy\" class=\"alignright  wp-image-337\" title=\"Yanone_3\" src=\"http:\/\/www.japan-art.at\/wp-content\/uploads\/2011\/11\/Yanone_3-300x197.jpg\" alt=\"\" width=\"402\" height=\"264\" srcset=\"https:\/\/www.japan-art.at\/wp-content\/uploads\/2011\/11\/Yanone_3-300x197.jpg 300w, https:\/\/www.japan-art.at\/wp-content\/uploads\/2011\/11\/Yanone_3.jpg 355w\" sizes=\"(max-width: 402px) 100vw, 402px\" \/><\/a><\/h1>\n<p>Verschiedene Pfeilspitzen des gleichen\u00a0Grunddesigns<\/p>\n<p>Hai-no-o &#8211; Fliegenschwanzartige<\/p>\n<p>Zeit: Edo-Periode<\/p>\n<h1><\/h1>\n<h1>Yanone<a href=\"http:\/\/www.japan-art.at\/wp-content\/uploads\/2011\/11\/Yanone_4.jpg\"><img decoding=\"async\" loading=\"lazy\" class=\"alignright  wp-image-343\" title=\"Yanone_4\" src=\"http:\/\/www.japan-art.at\/wp-content\/uploads\/2011\/11\/Yanone_4-300x139.jpg\" alt=\"\" width=\"427\" height=\"198\" srcset=\"https:\/\/www.japan-art.at\/wp-content\/uploads\/2011\/11\/Yanone_4-300x139.jpg 300w, https:\/\/www.japan-art.at\/wp-content\/uploads\/2011\/11\/Yanone_4.jpg 358w\" sizes=\"(max-width: 427px) 100vw, 427px\" \/><\/a><\/h1>\n<p>1: Yanagiha &#8211; Weidenblattf\u00f6rmige ?<\/p>\n<p>2: Hira-ne &#8211; Blattf\u00f6rmige<\/p>\n<p>3: Kenjiri &#8211; Zweischneidige Schwertende<\/p>\n<p>Zeit: Edo-Periode<\/p>\n<h1><\/h1>\n<h1>Yanone<a href=\"http:\/\/www.japan-art.at\/wp-content\/uploads\/2011\/11\/IMG_0275a.jpg\"><img decoding=\"async\" loading=\"lazy\" class=\"alignright  wp-image-346\" title=\"IMG_0275a\" src=\"http:\/\/www.japan-art.at\/wp-content\/uploads\/2011\/11\/IMG_0275a-300x199.jpg\" alt=\"\" width=\"364\" height=\"241\" srcset=\"https:\/\/www.japan-art.at\/wp-content\/uploads\/2011\/11\/IMG_0275a-300x199.jpg 300w, https:\/\/www.japan-art.at\/wp-content\/uploads\/2011\/11\/IMG_0275a.jpg 467w\" sizes=\"(max-width: 364px) 100vw, 364px\" \/><\/a><\/h1>\n<p>Gesamtl\u00e4nge 24,7 cm<\/p>\n<p>Spitze: 80 x 15 x 6 mm<\/p>\n<p>&nbsp;<\/p>\n<p>&nbsp;<\/p>\n<h1>Yakago<a href=\"http:\/\/www.japan-art.at\/wp-content\/uploads\/2011\/11\/IMG_0280.jpg\"><img decoding=\"async\" loading=\"lazy\" class=\"alignright  wp-image-347\" title=\"IMG_0280\" src=\"http:\/\/www.japan-art.at\/wp-content\/uploads\/2011\/11\/IMG_0280-300x73.jpg\" alt=\"\" width=\"449\" height=\"109\" srcset=\"https:\/\/www.japan-art.at\/wp-content\/uploads\/2011\/11\/IMG_0280-300x73.jpg 300w, https:\/\/www.japan-art.at\/wp-content\/uploads\/2011\/11\/IMG_0280.jpg 512w\" sizes=\"(max-width: 449px) 100vw, 449px\" \/><\/a><\/h1>\n<p>Yakago &#8211; Pfeilk\u00f6cher zur Aufnahme v. 27 Pfeilen, wurde mit Haken in Obi eingeschoben<\/p>\n<p>Mon:<\/p>\n<p>Zeit: Edo-Periode<\/p>\n<p>&nbsp;<\/p>\n<h1>Tsurumaki<a href=\"http:\/\/www.japan-art.at\/wp-content\/uploads\/2011\/11\/IMG_0456.jpg\"><img decoding=\"async\" loading=\"lazy\" class=\"alignright  wp-image-349\" title=\"IMG_0456\" src=\"http:\/\/www.japan-art.at\/wp-content\/uploads\/2011\/11\/IMG_0456.jpg\" alt=\"\" width=\"333\" height=\"266\" \/><\/a><\/h1>\n<p>Tsurumaki &#8211; Aufbewahrungsbeh\u00e4lter f\u00fcr Bogensehnen, mit angebundenen Harzbeh\u00e4lter und Aschencontainer<\/p>\n<p>Zeit: Showa<\/p>\n","protected":false},"excerpt":{"rendered":"<p>Ya-no-ne &#8211; w\u00f6rtlich Pfeilwurzel, weil die Spitze im Feind wurzeln soll. Pfeilspitzen, Vielfalt an diversen Formen und Gr\u00f6\u00dfen. Meist einfache Anfertigungen auf Durchdringung von Panzerungen ausgerichtet. Pfeile mit Y-Spitzen f\u00fcr Durchtrennungen Aufw\u00e4ndigere Pfeilspitzen eher Prunk- oder Zeremonialpfeilspitzen. Yanone Hira-ne &#8211; &hellip; <a href=\"https:\/\/www.japan-art.at\/?page_id=198\">Weiterlesen <span class=\"meta-nav\">&rarr;<\/span><\/a><\/p>\n","protected":false},"author":1,"featured_media":0,"parent":61,"menu_order":6,"comment_status":"closed","ping_status":"closed","template":"","meta":[],"_links":{"self":[{"href":"https:\/\/www.japan-art.at\/index.php?rest_route=\/wp\/v2\/pages\/198"}],"collection":[{"href":"https:\/\/www.japan-art.at\/index.php?rest_route=\/wp\/v2\/pages"}],"about":[{"href":"https:\/\/www.japan-art.at\/index.php?rest_route=\/wp\/v2\/types\/page"}],"author":[{"embeddable":true,"href":"https:\/\/www.japan-art.at\/index.php?rest_route=\/wp\/v2\/users\/1"}],"replies":[{"embeddable":true,"href":"https:\/\/www.japan-art.at\/index.php?rest_route=%2Fwp%2Fv2%2Fcomments&post=198"}],"version-history":[{"count":15,"href":"https:\/\/www.japan-art.at\/index.php?rest_route=\/wp\/v2\/pages\/198\/revisions"}],"predecessor-version":[{"id":664,"href":"https:\/\/www.japan-art.at\/index.php?rest_route=\/wp\/v2\/pages\/198\/revisions\/664"}],"up":[{"embeddable":true,"href":"https:\/\/www.japan-art.at\/index.php?rest_route=\/wp\/v2\/pages\/61"}],"wp:attachment":[{"href":"https:\/\/www.japan-art.at\/index.php?rest_route=%2Fwp%2Fv2%2Fmedia&parent=198"}],"curies":[{"name":"wp","href":"https:\/\/api.w.org\/{rel}","templated":true}]}}