{"id":196,"date":"2011-11-08T15:34:02","date_gmt":"2011-11-08T15:34:02","guid":{"rendered":"http:\/\/www.japan-art.at\/?page_id=196"},"modified":"2015-09-25T14:36:13","modified_gmt":"2015-09-25T14:36:13","slug":"yari","status":"publish","type":"page","link":"https:\/\/www.japan-art.at\/?page_id=196","title":{"rendered":"Yari"},"content":{"rendered":"<p>Lanzen: diverse Klingenformen\u00a0 und \u2013l\u00e4ngen.<\/p>\n<h1><\/h1>\n<h1><strong>Ryo shinogi Kuda Yari<\/strong><\/h1>\n<p><strong> Diamantenf\u00f6rmige ( Querschnitt ) T\u00fcllen-Yari<\/strong><strong><a href=\"http:\/\/www.japan-art.at\/wp-content\/uploads\/2014\/02\/CIMG1491.jpg\"><img decoding=\"async\" loading=\"lazy\" class=\"wp-image-874 alignright\" title=\"CIMG1491\" src=\"http:\/\/www.japan-art.at\/wp-content\/uploads\/2014\/02\/CIMG1491-1024x768.jpg\" alt=\"\" width=\"423\" height=\"317\" srcset=\"https:\/\/www.japan-art.at\/wp-content\/uploads\/2014\/02\/CIMG1491-1024x768.jpg 1024w, https:\/\/www.japan-art.at\/wp-content\/uploads\/2014\/02\/CIMG1491-300x225.jpg 300w, https:\/\/www.japan-art.at\/wp-content\/uploads\/2014\/02\/CIMG1491.jpg 2048w\" sizes=\"(max-width: 423px) 100vw, 423px\" \/><\/a><\/strong><\/p>\n<p>Mumei-unsigniert<\/p>\n<p>Zeit: Edo-Periode<\/p>\n<p>Ma\u00dfe:<\/p>\n<p>&nbsp;<\/p>\n<h1><\/h1>\n<h1><\/h1>\n<h1><\/h1>\n<h1><\/h1>\n<h1><\/h1>\n<h1><\/h1>\n<h1><\/h1>\n<h1><\/h1>\n<h1><strong>Ryo shinogi Yari<\/strong><a href=\"http:\/\/www.japan-art.at\/wp-content\/uploads\/2011\/11\/CIMG1500.jpg\"><img decoding=\"async\" loading=\"lazy\" class=\"alignright wp-image-954\" title=\"CIMG1500\" src=\"http:\/\/www.japan-art.at\/wp-content\/uploads\/2011\/11\/CIMG1500-1024x768.jpg\" alt=\"\" width=\"426\" height=\"338\" \/><\/a><\/h1>\n<p>&nbsp;<\/p>\n<p>Signiert:<\/p>\n<p>Zeit: Nambokucho &#8211; Muromachi,<\/p>\n<p>Ma\u00dfe: Klingenteil:<\/p>\n<p>Nakago:<\/p>\n<p>&nbsp;<\/p>\n<p>&nbsp;<\/p>\n<p>&nbsp;<\/p>\n<p>&nbsp;<\/p>\n<h1><\/h1>\n<h1><\/h1>\n<h1><strong>Jumonji-Yari<\/strong><\/h1>\n<p><a href=\"http:\/\/www.japan-art.at\/wp-content\/uploads\/2011\/11\/Jumonji_Yari_1.jpg\"><img decoding=\"async\" loading=\"lazy\" class=\"alignright wp-image-329\" title=\"Jumonji_Yari_1\" src=\"http:\/\/www.japan-art.at\/wp-content\/uploads\/2011\/11\/Jumonji_Yari_1.jpg\" alt=\"\" width=\"528\" height=\"197\" srcset=\"https:\/\/www.japan-art.at\/wp-content\/uploads\/2011\/11\/Jumonji_Yari_1.jpg 355w, https:\/\/www.japan-art.at\/wp-content\/uploads\/2011\/11\/Jumonji_Yari_1-300x112.jpg 300w\" sizes=\"(max-width: 528px) 100vw, 528px\" \/><\/a><\/p>\n<p>&nbsp;<\/p>\n<p>Signiert: Yoshi Hisa<\/p>\n<p>Zeit: Nambokucho &#8211; Muromachi,<\/p>\n<p>Schmied registriert mit 1387<\/p>\n<p>Ma\u00dfe: Klingenteil: 19,5 x 12,5 cm<\/p>\n<p>Nakago: 30cm<\/p>\n<h1><\/h1>\n<h1><\/h1>\n<h1>Jumonji-Yari,<a href=\"http:\/\/www.japan-art.at\/wp-content\/uploads\/2011\/11\/Jumonji_Yari_2.jpg\"><img decoding=\"async\" loading=\"lazy\" class=\"alignright wp-image-330\" title=\"Jumonji_Yari_2\" src=\"http:\/\/www.japan-art.at\/wp-content\/uploads\/2011\/11\/Jumonji_Yari_2.jpg\" alt=\"\" width=\"527\" height=\"205\" srcset=\"https:\/\/www.japan-art.at\/wp-content\/uploads\/2011\/11\/Jumonji_Yari_2.jpg 361w, https:\/\/www.japan-art.at\/wp-content\/uploads\/2011\/11\/Jumonji_Yari_2-300x117.jpg 300w\" sizes=\"(max-width: 527px) 100vw, 527px\" \/><\/a><\/h1>\n<p>&nbsp;<\/p>\n<p>Mumei &#8211; unsigniert<\/p>\n<p>Zeit: Edo-Periode<\/p>\n<p>Ma\u00dfe:<\/p>\n<h1><\/h1>\n<h1><\/h1>\n<h1><\/h1>\n<h1><\/h1>\n<h1><\/h1>\n<h1>Saya<\/h1>\n<p><a href=\"http:\/\/www.japan-art.at\/wp-content\/uploads\/2011\/11\/IMG_0425.jpg\"><img decoding=\"async\" loading=\"lazy\" class=\"alignright wp-image-332\" title=\"IMG_0425\" src=\"http:\/\/www.japan-art.at\/wp-content\/uploads\/2011\/11\/IMG_0425-300x300.jpg\" alt=\"\" width=\"399\" height=\"399\" srcset=\"https:\/\/www.japan-art.at\/wp-content\/uploads\/2011\/11\/IMG_0425-300x300.jpg 300w, https:\/\/www.japan-art.at\/wp-content\/uploads\/2011\/11\/IMG_0425-150x150.jpg 150w, https:\/\/www.japan-art.at\/wp-content\/uploads\/2011\/11\/IMG_0425.jpg 525w\" sizes=\"(max-width: 399px) 100vw, 399px\" \/><\/a><\/p>\n<p><strong>Saya f\u00fcr Jumonji-Yari<\/strong><\/p>\n<p>Material: Holz mit schwarzen Urushi Lack<\/p>\n<p>Zeit: Edo-Periode<\/p>\n<p>&nbsp;<\/p>\n<p>&nbsp;<\/p>\n<p>&nbsp;<\/p>\n<p>&nbsp;<\/p>\n<p>&nbsp;<\/p>\n<p>&nbsp;<\/p>\n<p>&nbsp;<\/p>\n<p>&nbsp;<\/p>\n<p><strong>Saya f\u00fcr Naginata\u00a0\u00a0\u00a0\u00a0<\/strong>\u00a0\u00a0\u00a0\u00a0\u00a0\u00a0\u00a0\u00a0\u00a0\u00a0\u00a0\u00a0\u00a0\u00a0\u00a0\u00a0\u00a0\u00a0\u00a0\u00a0\u00a0\u00a0\u00a0\u00a0\u00a0\u00a0\u00a0\u00a0\u00a0\u00a0\u00a0\u00a0\u00a0\u00a0\u00a0\u00a0\u00a0\u00a0\u00a0\u00a0\u00a0\u00a0\u00a0\u00a0\u00a0\u00a0\u00a0\u00a0\u00a0\u00a0\u00a0\u00a0\u00a0\u00a0\u00a0\u00a0\u00a0\u00a0\u00a0\u00a0\u00a0\u00a0\u00a0\u00a0\u00a0\u00a0\u00a0 <a href=\"http:\/\/www.japan-art.at\/wp-content\/uploads\/2011\/11\/23-1-05-186.jpg\"><img decoding=\"async\" loading=\"lazy\" class=\"alignright wp-image-958\" title=\"23-1-05 186\" src=\"http:\/\/www.japan-art.at\/wp-content\/uploads\/2011\/11\/23-1-05-186-1024x768.jpg\" alt=\"\" width=\"484\" height=\"364\" srcset=\"https:\/\/www.japan-art.at\/wp-content\/uploads\/2011\/11\/23-1-05-186-1024x768.jpg 1024w, https:\/\/www.japan-art.at\/wp-content\/uploads\/2011\/11\/23-1-05-186-300x225.jpg 300w, https:\/\/www.japan-art.at\/wp-content\/uploads\/2011\/11\/23-1-05-186.jpg 2048w\" sizes=\"(max-width: 484px) 100vw, 484px\" \/><\/a><\/p>\n<p>Material: Holz mit schwarzen Urushi\u00a0 u. Goldlack<\/p>\n<p>Zeit: Edo-Periode<\/p>\n<h1><\/h1>\n<p>&nbsp;<\/p>\n<p>&nbsp;<\/p>\n<p>&nbsp;<\/p>\n<p>&nbsp;<\/p>\n<p>&nbsp;<\/p>\n<p>&nbsp;<\/p>\n<p>&nbsp;<\/p>\n<p>&nbsp;<\/p>\n<p>&nbsp;<\/p>\n<div class=\"szg-superzoomgallery\"> <div class=\"szg-main\" data-showcaption=\"enabled\" data-caption=\"1\">     <img class=\"szg-zoom-photo\" \/>     <img class=\"szg-main-photo\" \/>     <div class=\"szg-caption\"><\/div>     <div class=\"szg-medium-loader\">       <span><\/span>       <span><\/span>       <span><\/span>       <span><\/span>       <span><\/span>       <span><\/span>       <span><\/span>       <span><\/span>\u200b     <\/div> <\/div> <div class=\"szg-zoom-box\" data-innerzoom=\"disabled\">     <img class=\"szg-zoom-photo\" src=\"https:\/\/www.japan-art.at\/wp-content\/uploads\/2011\/11\/23-1-05-040.jpg\" \/> <\/div> <div class=\"szg-thumbs\"><img src=\"https:\/\/www.japan-art.at\/wp-content\/uploads\/2011\/11\/23-1-05-040-150x150.jpg\" data-medium=\"https:\/\/www.japan-art.at\/wp-content\/uploads\/2011\/11\/23-1-05-040-199x300.jpg\" data-large=\"https:\/\/www.japan-art.at\/wp-content\/uploads\/2011\/11\/23-1-05-040.jpg\" data-caption=\"1\" \/><img src=\"https:\/\/www.japan-art.at\/wp-content\/uploads\/2011\/11\/27.2.05-018-150x150.jpg\" data-medium=\"https:\/\/www.japan-art.at\/wp-content\/uploads\/2011\/11\/27.2.05-018-300x269.jpg\" data-large=\"https:\/\/www.japan-art.at\/wp-content\/uploads\/2011\/11\/27.2.05-018.jpg\" data-caption=\"2\" \/><img src=\"https:\/\/www.japan-art.at\/wp-content\/uploads\/2011\/11\/koshirae02-150x150.jpg\" data-medium=\"https:\/\/www.japan-art.at\/wp-content\/uploads\/2011\/11\/koshirae02-246x300.jpg\" data-large=\"https:\/\/www.japan-art.at\/wp-content\/uploads\/2011\/11\/koshirae02.jpg\" data-caption=\"3\" \/><img src=\"https:\/\/www.japan-art.at\/wp-content\/uploads\/2011\/11\/27.2.05-051-150x150.jpg\" data-medium=\"https:\/\/www.japan-art.at\/wp-content\/uploads\/2011\/11\/27.2.05-051-300x227.jpg\" data-large=\"https:\/\/www.japan-art.at\/wp-content\/uploads\/2011\/11\/27.2.05-051.jpg\" data-caption=\"4\" \/> <\/div><\/div>\n","protected":false},"excerpt":{"rendered":"<p>Lanzen: diverse Klingenformen\u00a0 und \u2013l\u00e4ngen. Ryo shinogi Kuda Yari Diamantenf\u00f6rmige ( Querschnitt ) T\u00fcllen-Yari Mumei-unsigniert Zeit: Edo-Periode Ma\u00dfe: &nbsp; Ryo shinogi Yari &nbsp; Signiert: Zeit: Nambokucho &#8211; Muromachi, Ma\u00dfe: Klingenteil: Nakago: &nbsp; &nbsp; &nbsp; &nbsp; Jumonji-Yari &nbsp; Signiert: Yoshi Hisa &hellip; <a href=\"https:\/\/www.japan-art.at\/?page_id=196\">Weiterlesen <span class=\"meta-nav\">&rarr;<\/span><\/a><\/p>\n","protected":false},"author":1,"featured_media":0,"parent":61,"menu_order":5,"comment_status":"closed","ping_status":"closed","template":"full-width-page.php","meta":[],"_links":{"self":[{"href":"https:\/\/www.japan-art.at\/index.php?rest_route=\/wp\/v2\/pages\/196"}],"collection":[{"href":"https:\/\/www.japan-art.at\/index.php?rest_route=\/wp\/v2\/pages"}],"about":[{"href":"https:\/\/www.japan-art.at\/index.php?rest_route=\/wp\/v2\/types\/page"}],"author":[{"embeddable":true,"href":"https:\/\/www.japan-art.at\/index.php?rest_route=\/wp\/v2\/users\/1"}],"replies":[{"embeddable":true,"href":"https:\/\/www.japan-art.at\/index.php?rest_route=%2Fwp%2Fv2%2Fcomments&post=196"}],"version-history":[{"count":25,"href":"https:\/\/www.japan-art.at\/index.php?rest_route=\/wp\/v2\/pages\/196\/revisions"}],"predecessor-version":[{"id":1067,"href":"https:\/\/www.japan-art.at\/index.php?rest_route=\/wp\/v2\/pages\/196\/revisions\/1067"}],"up":[{"embeddable":true,"href":"https:\/\/www.japan-art.at\/index.php?rest_route=\/wp\/v2\/pages\/61"}],"wp:attachment":[{"href":"https:\/\/www.japan-art.at\/index.php?rest_route=%2Fwp%2Fv2%2Fmedia&parent=196"}],"curies":[{"name":"wp","href":"https:\/\/api.w.org\/{rel}","templated":true}]}}