{"id":194,"date":"2011-11-08T15:33:44","date_gmt":"2011-11-08T15:33:44","guid":{"rendered":"http:\/\/www.japan-art.at\/?page_id=194"},"modified":"2011-11-22T20:18:18","modified_gmt":"2011-11-22T20:18:18","slug":"naginata","status":"publish","type":"page","link":"https:\/\/www.japan-art.at\/?page_id=194","title":{"rendered":"Naginata"},"content":{"rendered":"<p>Schwertlanze mit breiterer geschwungener Klinge. Stangenwaffe mit meist ovalem Schaft, mitunter Tsuba zwichen Klinge und Schaft. Ursp\u00fcnglich Waffe der Kriegerklasse und Kampfm\u00f6nche in sp\u00e4terer Zeit Frauenwaffe. Auch bei Hochzeiten als Symbol f\u00fcr den Schutz des Heimes an die Frau \u00fcbergeben.<\/p>\n<h1>Nagamaki:<\/h1>\n<p>Schwertlanze mit Langschwertklinge.<\/p>\n","protected":false},"excerpt":{"rendered":"<p>Schwertlanze mit breiterer geschwungener Klinge. Stangenwaffe mit meist ovalem Schaft, mitunter Tsuba zwichen Klinge und Schaft. Ursp\u00fcnglich Waffe der Kriegerklasse und Kampfm\u00f6nche in sp\u00e4terer Zeit Frauenwaffe. Auch bei Hochzeiten als Symbol f\u00fcr den Schutz des Heimes an die Frau \u00fcbergeben. &hellip; <a href=\"https:\/\/www.japan-art.at\/?page_id=194\">Weiterlesen <span class=\"meta-nav\">&rarr;<\/span><\/a><\/p>\n","protected":false},"author":1,"featured_media":0,"parent":61,"menu_order":4,"comment_status":"closed","ping_status":"closed","template":"","meta":[],"_links":{"self":[{"href":"https:\/\/www.japan-art.at\/index.php?rest_route=\/wp\/v2\/pages\/194"}],"collection":[{"href":"https:\/\/www.japan-art.at\/index.php?rest_route=\/wp\/v2\/pages"}],"about":[{"href":"https:\/\/www.japan-art.at\/index.php?rest_route=\/wp\/v2\/types\/page"}],"author":[{"embeddable":true,"href":"https:\/\/www.japan-art.at\/index.php?rest_route=\/wp\/v2\/users\/1"}],"replies":[{"embeddable":true,"href":"https:\/\/www.japan-art.at\/index.php?rest_route=%2Fwp%2Fv2%2Fcomments&post=194"}],"version-history":[{"count":3,"href":"https:\/\/www.japan-art.at\/index.php?rest_route=\/wp\/v2\/pages\/194\/revisions"}],"predecessor-version":[{"id":552,"href":"https:\/\/www.japan-art.at\/index.php?rest_route=\/wp\/v2\/pages\/194\/revisions\/552"}],"up":[{"embeddable":true,"href":"https:\/\/www.japan-art.at\/index.php?rest_route=\/wp\/v2\/pages\/61"}],"wp:attachment":[{"href":"https:\/\/www.japan-art.at\/index.php?rest_route=%2Fwp%2Fv2%2Fmedia&parent=194"}],"curies":[{"name":"wp","href":"https:\/\/api.w.org\/{rel}","templated":true}]}}