{"id":19,"date":"2011-11-08T11:56:07","date_gmt":"2011-11-08T11:56:07","guid":{"rendered":"http:\/\/www.japan-art.at\/?page_id=19"},"modified":"2013-02-17T16:01:57","modified_gmt":"2013-02-17T16:01:57","slug":"literaturfachbucher","status":"publish","type":"page","link":"https:\/\/www.japan-art.at\/?page_id=19","title":{"rendered":"Literatur\/Fachb\u00fccher"},"content":{"rendered":"<p>Fach- und Sachb\u00fccher sind die Basis f\u00fcr ein Verst\u00e4ndnis der einzelnen Sammelgebiete. Fachliteratur ist nicht billig, erspart aber oft eine Menge Geld. Gute Fachb\u00fccher sind mitunter nur eine bestimmte Zeit am Markt \u2013 nutzen Sie die Gelegenheit!<\/p>\n<h2>Buchempfehlungen<\/h2>\n<p>Dzt. im normalen Buchhandel erh\u00e4ltliche B\u00fccher:<\/p>\n<h3>Allgemein:<\/h3>\n<p>Samuraikrieger, ( Deutsch ), v. Steven Turnbull, Amazon B\u00fccher ( gesamte Turnbullserie \u2013 Englisch \u2013 empfehlenswert )<\/p>\n<p>Samurai, (Deutsch),v. Clive Sinclair, Amazon oder Fachhandel<\/p>\n<p>Die Geschichte der Samurai 200 \u2013 1600, (Deutsch),\u00a0 Amazon, ( Men at Arms \u00dcbersetzung )<\/p>\n<p>Men at Arms Serie, (Englisch), Fachhandel oder Amazon<\/p>\n<p><a href=\"http:\/\/www.chushingura.de\/tengushop\/index.php?site=artikel&amp;artikelnr=70040\">Japanisches Wappenbuch &#8211; Nihon monch\u00f4<\/a><br \/>\nvon Hugo Gerard Str\u00f6hl<br \/>\nUmfassendes Nachschlagewerk zur japanischen Heraldik und Adelskunde. Amazon , bzw. Tengu Publishing<\/p>\n<p><a href=\"http:\/\/www.chushingura.de\/\">www.chushingura.de<\/a><\/p>\n<p>&nbsp;<\/p>\n<h3>Japanische Schwerter:<\/h3>\n<p>Das Samuraischwert\u00a0 ( Deutsch ), v. John Yumoto, Amazon B\u00fccher<\/p>\n<p>Japanische Schwertschmiedekunst, ( Deutsch ) v. Leon Kapp, Yoshindo Yoshihara<\/p>\n<h4>Amazon B\u00fccher<\/h4>\n<p>The Japanese Sword: Soul of the Samurai, (Englisch), Gregory Irvine, V&amp;A Museum\/London u. Amazon B\u00fccher<\/p>\n<p>The japanese sword, (Englisch), Kazan Sato, John Earle, Amazon B\u00fccher<\/p>\n<p>Connoiseurs book of japanese sword, (Englisch), Amazon B\u00fccher<\/p>\n<p>Hawleys Japanese Swordsmiths, (Englisch), <a href=\"http:\/\/www.wmhawley.com\/\">www.wmhawley.com<\/a><\/p>\n<p>Modern Japanese Swords and Swordsmiths- from 1868 to the Present, (Englisch), Leon Kapp\/Yoshindo Yoshihara, Amazon B\u00fccher<\/p>\n<p><a href=\"http:\/\/www.chushingura.de\/tengushop\/index.php?site=artikel&amp;artikelnr=70037\">Alte japanische Waffen<\/a><br \/>\nHerausgeber Wolfgang Ettig<br \/>\nAufs\u00e4tze aus den Mitteilungen der Deutschen Gesellschaft f\u00fcr Natur- und V\u00f6lkerkunde Ostasiens. Amazon , bzw. Tengu Publishing<\/p>\n<p><a href=\"http:\/\/www.chushingura.de\/\">www.chushingura.de<\/a><\/p>\n<p>&nbsp;<\/p>\n<h3>Netsuke:<\/h3>\n<p>Netsuke, (Deutsch\/Englisch)), Band 1 und 2, (Trumpf Collection\/ Linden-Museum Stuttgart), v. Patrizia Jirka-Schmitz, Amazon B\u00fccher<\/p>\n<p>Japanese Netsuke, (Englisch), Julia Hutt, V&amp;A Museum\/London, Amazon B\u00fccher<\/p>\n<h3>Antiquariat:<\/h3>\n<h4>Japanische Schwerter:<\/h4>\n<p>Japanese Military and Civil Swords and Dirks, (Englisch), Richard Fuller<\/p>\n<p>The Arts of the Japanese Sword, (Englisch), B.W. Robinson<\/p>\n<h4>Tsubas:<\/h4>\n<p>Shosankenshu, Jolys &#8211; List of names and kakihan, Englisch, Henri Joly, 2950 Signaturen und Kakihan,<\/p>\n<h4>Netsuke:<\/h4>\n<p>Netsuke and Inroartists and how to read their signatures, 2 B\u00e4nde!, (Englisch), George Lazarnik, (Ultimatives Werk \u2013 mehr braucht man eigentlich nicht \u2013 au\u00dfer Gl\u00fcck bei der Buchsuche)<\/p>\n<p>&nbsp;<\/p>\n<h3>R\u00fcstungen:<\/h3>\n<p>Arms and Armor of the Samurai, (Englisch), I. Bottomley\/A.P. Hopson<\/p>\n<p>Japanese Arms &amp; Armor, (Englisch), Russel Robinson,<\/p>\n","protected":false},"excerpt":{"rendered":"<p>Fach- und Sachb\u00fccher sind die Basis f\u00fcr ein Verst\u00e4ndnis der einzelnen Sammelgebiete. Fachliteratur ist nicht billig, erspart aber oft eine Menge Geld. Gute Fachb\u00fccher sind mitunter nur eine bestimmte Zeit am Markt \u2013 nutzen Sie die Gelegenheit! Buchempfehlungen Dzt. im &hellip; <a href=\"https:\/\/www.japan-art.at\/?page_id=19\">Weiterlesen <span class=\"meta-nav\">&rarr;<\/span><\/a><\/p>\n","protected":false},"author":1,"featured_media":0,"parent":0,"menu_order":2,"comment_status":"closed","ping_status":"closed","template":"","meta":[],"_links":{"self":[{"href":"https:\/\/www.japan-art.at\/index.php?rest_route=\/wp\/v2\/pages\/19"}],"collection":[{"href":"https:\/\/www.japan-art.at\/index.php?rest_route=\/wp\/v2\/pages"}],"about":[{"href":"https:\/\/www.japan-art.at\/index.php?rest_route=\/wp\/v2\/types\/page"}],"author":[{"embeddable":true,"href":"https:\/\/www.japan-art.at\/index.php?rest_route=\/wp\/v2\/users\/1"}],"replies":[{"embeddable":true,"href":"https:\/\/www.japan-art.at\/index.php?rest_route=%2Fwp%2Fv2%2Fcomments&post=19"}],"version-history":[{"count":10,"href":"https:\/\/www.japan-art.at\/index.php?rest_route=\/wp\/v2\/pages\/19\/revisions"}],"predecessor-version":[{"id":22,"href":"https:\/\/www.japan-art.at\/index.php?rest_route=\/wp\/v2\/pages\/19\/revisions\/22"}],"wp:attachment":[{"href":"https:\/\/www.japan-art.at\/index.php?rest_route=%2Fwp%2Fv2%2Fmedia&parent=19"}],"curies":[{"name":"wp","href":"https:\/\/api.w.org\/{rel}","templated":true}]}}