{"id":186,"date":"2011-11-08T15:29:02","date_gmt":"2011-11-08T15:29:02","guid":{"rendered":"http:\/\/www.japan-art.at\/?page_id=186"},"modified":"2014-02-22T12:45:18","modified_gmt":"2014-02-22T12:45:18","slug":"aufbewahrung-und-pflege","status":"publish","type":"page","link":"https:\/\/www.japan-art.at\/?page_id=186","title":{"rendered":"Aufbewahrung und Pflege"},"content":{"rendered":"<h2>ALLGEMEIN:<\/h2>\n<p>Sollten Sie sich im Besitz eines Japanischen Kunstgegenstandes befinden, unterlassen Sie es bitte diesen Gegenstand unsachgem\u00e4\u00df zu restaurieren oder zu \u201e pflegen \u201c Alte Gegenst\u00e4nde haben nun einmal ihre Patina. Auf Hochglanz polierte Bronzegef\u00e4\u00dfe oder \u00e4hnlich unsachgem\u00e4\u00df versch\u00f6nte Flecken auf diversen Oberfl\u00e4chen mindern oder vernichten den Wert des St\u00fcckes. Versierte Sammler oder fachkundige Restauratoren ( in \u00d6sterreich fast nicht anzutreffen ) helfen Ihnen weiter.<\/p>\n<h2>PFLEGE:<\/h2>\n<p>Ber\u00fchren Sie Lackarbeiten und Metallgegenst\u00e4nde nicht mit blo\u00dfen H\u00e4nden. Wenn doch, wischen Sie mit einem weichen Tuch nach. Der menschliche Schwei\u00df enth\u00e4lt S\u00e4uren welche die Oberfl\u00e4chen angreifen.<\/p>\n<p><span style=\"font-family: Times New Roman; font-size: small;\">\u00a0<\/span><\/p>\n","protected":false},"excerpt":{"rendered":"<p>ALLGEMEIN: Sollten Sie sich im Besitz eines Japanischen Kunstgegenstandes befinden, unterlassen Sie es bitte diesen Gegenstand unsachgem\u00e4\u00df zu restaurieren oder zu \u201e pflegen \u201c Alte Gegenst\u00e4nde haben nun einmal ihre Patina. Auf Hochglanz polierte Bronzegef\u00e4\u00dfe oder \u00e4hnlich unsachgem\u00e4\u00df versch\u00f6nte Flecken &hellip; <a href=\"https:\/\/www.japan-art.at\/?page_id=186\">Weiterlesen <span class=\"meta-nav\">&rarr;<\/span><\/a><\/p>\n","protected":false},"author":1,"featured_media":0,"parent":96,"menu_order":8,"comment_status":"closed","ping_status":"closed","template":"","meta":[],"_links":{"self":[{"href":"https:\/\/www.japan-art.at\/index.php?rest_route=\/wp\/v2\/pages\/186"}],"collection":[{"href":"https:\/\/www.japan-art.at\/index.php?rest_route=\/wp\/v2\/pages"}],"about":[{"href":"https:\/\/www.japan-art.at\/index.php?rest_route=\/wp\/v2\/types\/page"}],"author":[{"embeddable":true,"href":"https:\/\/www.japan-art.at\/index.php?rest_route=\/wp\/v2\/users\/1"}],"replies":[{"embeddable":true,"href":"https:\/\/www.japan-art.at\/index.php?rest_route=%2Fwp%2Fv2%2Fcomments&post=186"}],"version-history":[{"count":8,"href":"https:\/\/www.japan-art.at\/index.php?rest_route=\/wp\/v2\/pages\/186\/revisions"}],"predecessor-version":[{"id":938,"href":"https:\/\/www.japan-art.at\/index.php?rest_route=\/wp\/v2\/pages\/186\/revisions\/938"}],"up":[{"embeddable":true,"href":"https:\/\/www.japan-art.at\/index.php?rest_route=\/wp\/v2\/pages\/96"}],"wp:attachment":[{"href":"https:\/\/www.japan-art.at\/index.php?rest_route=%2Fwp%2Fv2%2Fmedia&parent=186"}],"curies":[{"name":"wp","href":"https:\/\/api.w.org\/{rel}","templated":true}]}}