{"id":176,"date":"2011-11-08T15:23:02","date_gmt":"2011-11-08T15:23:02","guid":{"rendered":"http:\/\/www.japan-art.at\/?page_id=176"},"modified":"2015-02-21T20:01:28","modified_gmt":"2015-02-21T20:01:28","slug":"netsuke-ojime","status":"publish","type":"page","link":"https:\/\/www.japan-art.at\/?page_id=176","title":{"rendered":"Netsuke, Ojime"},"content":{"rendered":"<h1>Netsuke:<\/h1>\n<p><span style=\"font-size: small;\">Geschnitzte Knebeln in einfacher bis sehr kunstvoller Form. Verwendungszeit vom Anfang des 17 Jhdts. bis Ende des 19. Jhdts. Matrialien: Holz, Elfenbein, Horn, Knochen, Porzellan, Metall. Verwendung als Gegenst\u00fcck zu durch den Obi gezogenen Halteb\u00e4nder \u2013schn\u00fcren von dazugeh\u00f6rigern Geld- Medizin- oder Tabaksbeuteln oder &#8211; k\u00e4stchen ( \u00dcberbegriff &#8211; Sagemono ). \u00d6ffnungen f\u00fcr das Durchziehen der Schn\u00fcre\u00a0werden Himotoshi genannt. Sollte das Netsuke \u00fcber nat\u00fcrliche \u00d6ffnungen verf\u00fcgen werden die B\u00e4nder\/Schn\u00fcre dort durchgezogen (nat\u00fcrliches Himotoshi).\u00a0<\/span><\/p>\n<p><span style=\"font-size: small;\">Gro\u00dfe Darstellungsvielfalt \u2013 Personen- u. Tierdarstellungen, Fabelwelt, religi\u00f6se Sujets bis zu Alltagszenen. <\/span><\/p>\n<h1>Ojime:<\/h1>\n<p>Perlenartiger Gegenstand zur B\u00fcndelung der Halteb\u00e4nder -schn\u00fcre v. Geld- Medizin- oder Tabaksbeuteln oder -k\u00e4stchen.<\/p>\n<div>\n<div>\n<h1>Shishi<a href=\"http:\/\/www.japan-art.at\/wp-content\/uploads\/2011\/11\/27.2.05-051.jpg\"><img decoding=\"async\" loading=\"lazy\" class=\"alignright  wp-image-1018\" style=\"width: 404px; height: 320px;\" alt=\"27.2.05 051\" src=\"http:\/\/www.japan-art.at\/wp-content\/uploads\/2011\/11\/27.2.05-051-1024x777.jpg\" width=\"620\" height=\"470\" srcset=\"https:\/\/www.japan-art.at\/wp-content\/uploads\/2011\/11\/27.2.05-051-1024x777.jpg 1024w, https:\/\/www.japan-art.at\/wp-content\/uploads\/2011\/11\/27.2.05-051-300x227.jpg 300w, https:\/\/www.japan-art.at\/wp-content\/uploads\/2011\/11\/27.2.05-051.jpg 1279w\" sizes=\"(max-width: 620px) 100vw, 620px\" \/><\/a><\/h1>\n<p>Darstellung Shishi (L\u00f6wenhund), Elfenbein,<\/p>\n<p>Vergleichsst\u00fcck Sammlung Linden \u2013 Lindenmuseum Stuttgart, Inv. Nr: OA 18963(TN322)Katalog\u00a0 Sammlung Trumpf, Teil 2, S. 221, Nr. 441<\/p>\n<p>Ma\u00dfe: 42 x 33 mm,<\/p>\n<p>Zeit: 18. Jhdt, Mid &#8211; Edo<\/p>\n<p>&nbsp;<\/p>\n<\/div>\n<\/div>\n<div>\n<div>\n<h1><\/h1>\n<h1>Manju Netsuke<span style=\"font-family: arial,helvetica,sans-serif;\"><a href=\"http:\/\/www.japan-art.at\/wp-content\/uploads\/2011\/11\/Manju_Netsuke_Hase_VS.jpg\"><img decoding=\"async\" loading=\"lazy\" class=\"alignright  wp-image-178\" title=\"Manju_Netsuke_Hase_VS\" alt=\"\" src=\"http:\/\/www.japan-art.at\/wp-content\/uploads\/2011\/11\/Manju_Netsuke_Hase_VS.jpg\" width=\"427\" height=\"321\" srcset=\"https:\/\/www.japan-art.at\/wp-content\/uploads\/2011\/11\/Manju_Netsuke_Hase_VS.jpg 342w, https:\/\/www.japan-art.at\/wp-content\/uploads\/2011\/11\/Manju_Netsuke_Hase_VS-300x225.jpg 300w\" sizes=\"(max-width: 427px) 100vw, 427px\" \/><\/a><\/span><\/h1>\n<p>Signiert: Yasu-husa<\/p>\n<p>Manju Netsuke &#8211;\u00a0Knopfnetsuke, Darstellung eines eingeschnittenen Hasen<\/p>\n<p>Bein<\/p>\n<p>Ma\u00dfe: 62 x 20 mm<\/p>\n<p>Zeit:<\/p>\n<p>&nbsp;<\/p>\n<p>&nbsp;<\/p>\n<\/div>\n<\/div>\n<div>\n<div>\n<h1><\/h1>\n<h1>Netsuke:<span style=\"font-family: arial,helvetica,sans-serif; font-size: small;\"><a href=\"http:\/\/www.japan-art.at\/wp-content\/uploads\/2011\/11\/Net_Saketrinker.jpg\"><img decoding=\"async\" loading=\"lazy\" class=\"alignright  wp-image-219\" title=\"Net_Saketrinker\" alt=\"\" src=\"http:\/\/www.japan-art.at\/wp-content\/uploads\/2011\/11\/Net_Saketrinker.jpg\" width=\"338\" height=\"281\" \/><\/a><\/span><\/h1>\n<p>Darstellung eines am Boden sitzenden trinkenden Bauern, gute Patina, Bemalung teilweise abgerieben,<\/p>\n<p>Buchsbaumholz,<\/p>\n<p>Ma\u00dfe: 20 x 35 mm,<\/p>\n<p>Zeit: Edo-Periode<\/p>\n<p>&nbsp;<\/p>\n<p>&nbsp;<\/p>\n<\/div>\n<\/div>\n<div>\n<div>\n<h1>Netsuke:<span style=\"font-family: Arial; font-size: small;\"><a href=\"http:\/\/www.japan-art.at\/wp-content\/uploads\/2011\/11\/Net_Wchter.jpg\"><img decoding=\"async\" loading=\"lazy\" class=\"alignright  wp-image-220\" title=\"Net_Wchter\" alt=\"\" src=\"http:\/\/www.japan-art.at\/wp-content\/uploads\/2011\/11\/Net_Wchter.jpg\" width=\"319\" height=\"345\" \/><\/a><\/span><\/h1>\n<p>Darstellung eines Brandw\u00e4chter-Tempelw\u00e4chters der\u00a0unter einem Regenschirm hervorlugt.<br \/>\nEr tr\u00e4gt hohe Regenschuhe (takageta) und h\u00e4lt in der Linken eine Laterne.<br \/>\nHimotoshi durch den weiten re. \u00c4rmel am R\u00fccken<\/p>\n<p>Buchsbaumholz<\/p>\n<p>Ma\u00dfe: 73 x 25 mm<\/p>\n<p>Zeit: Edo-Periode, 19. Jhdt.<\/p>\n<p>&nbsp;<\/p>\n<p>&nbsp;<\/p>\n<\/div>\n<\/div>\n<div>\n<div>\n<h1>Netsuke:<a href=\"http:\/\/www.japan-art.at\/wp-content\/uploads\/2011\/11\/Net_Affe.jpg\"><img decoding=\"async\" loading=\"lazy\" class=\"alignright  wp-image-223\" title=\"Net_Affe\" alt=\"\" src=\"http:\/\/www.japan-art.at\/wp-content\/uploads\/2011\/11\/Net_Affe-300x203.jpg\" width=\"385\" height=\"261\" srcset=\"https:\/\/www.japan-art.at\/wp-content\/uploads\/2011\/11\/Net_Affe-300x203.jpg 300w, https:\/\/www.japan-art.at\/wp-content\/uploads\/2011\/11\/Net_Affe.jpg 304w\" sizes=\"(max-width: 385px) 100vw, 385px\" \/><\/a><\/h1>\n<p>Darstellung eines in einer Kastanie liegenden \u00c4ffchens,<\/p>\n<p>Elfenbein,<\/p>\n<p>Ma\u00dfe: 40 x 25 mm,<\/p>\n<p>Zeit: Edo-Periode<\/p>\n<p>&nbsp;<\/p>\n<p>&nbsp;<\/p>\n<\/div>\n<\/div>\n<div>\n<div>\n<h1>Netsuke:<span style=\"font-family: arial,helvetica,sans-serif; font-size: small;\"><a href=\"http:\/\/www.japan-art.at\/wp-content\/uploads\/2011\/11\/Net_wildschw.jpg\"><img decoding=\"async\" loading=\"lazy\" class=\"alignright  wp-image-224\" title=\"Net_wildschw\" alt=\"\" src=\"http:\/\/www.japan-art.at\/wp-content\/uploads\/2011\/11\/Net_wildschw.jpg\" width=\"292\" height=\"298\" \/><\/a><\/span><\/h1>\n<p>Signiert: unleserlich<\/p>\n<p>Darstellung eines Wildschweins,<\/p>\n<p>Elfenbein,<\/p>\n<p>Ma\u00dfe: 40 x 30 mm,<\/p>\n<p>Zeit: Edo-Periode<\/p>\n<p>&nbsp;<\/p>\n<p>&nbsp;<\/p>\n<\/div>\n<\/div>\n<div>\n<div>\n<h1>Netsuke:<span style=\"font-family: arial,helvetica,sans-serif;\"><a href=\"http:\/\/www.japan-art.at\/wp-content\/uploads\/2011\/11\/Net_Ratten.jpg\"><img decoding=\"async\" loading=\"lazy\" class=\"alignright  wp-image-226\" title=\"Net_Ratten\" alt=\"\" src=\"http:\/\/www.japan-art.at\/wp-content\/uploads\/2011\/11\/Net_Ratten.jpg\" width=\"323\" height=\"279\" \/><\/a><\/span><\/h1>\n<p>Darstellung v. 2 Ratten \u2013 Unterseite Laub,<\/p>\n<p>Elfenbein,<\/p>\n<p>Ma\u00dfe: 35 x 25 mm<\/p>\n<p>Zeit: Edo-Periode<\/p>\n<p>&nbsp;<\/p>\n<p>&nbsp;<\/p>\n<\/div>\n<\/div>\n<div>\n<div>\n<h1>Netsuke:<a href=\"http:\/\/www.japan-art.at\/wp-content\/uploads\/2011\/11\/Net_fisch.jpg\"><img decoding=\"async\" loading=\"lazy\" class=\"alignright  wp-image-225\" title=\"Net_fisch\" alt=\"\" src=\"http:\/\/www.japan-art.at\/wp-content\/uploads\/2011\/11\/Net_fisch-300x201.jpg\" width=\"387\" height=\"259\" srcset=\"https:\/\/www.japan-art.at\/wp-content\/uploads\/2011\/11\/Net_fisch-300x201.jpg 300w, https:\/\/www.japan-art.at\/wp-content\/uploads\/2011\/11\/Net_fisch.jpg 335w\" sizes=\"(max-width: 387px) 100vw, 387px\" \/><\/a><\/h1>\n<p>2 Karpfen, gro\u00df-klein,<\/p>\n<p>Elfenbein, eingelegte Hornaugen<\/p>\n<p>Ma\u00dfe: 45 x 20 mm<\/p>\n<p>Zeit: Meiji-Periode<\/p>\n<p>&nbsp;<\/p>\n<p>&nbsp;<\/p>\n<\/div>\n<\/div>\n<div>\n<div>\n<h1>Netsuke:<a href=\"http:\/\/www.japan-art.at\/wp-content\/uploads\/2011\/11\/Nets_Schaufel_hund.jpg\"><img decoding=\"async\" loading=\"lazy\" class=\"alignright  wp-image-227\" title=\"Nets_Schaufel_hund\" alt=\"\" src=\"http:\/\/www.japan-art.at\/wp-content\/uploads\/2011\/11\/Nets_Schaufel_hund.jpg\" width=\"341\" height=\"258\" \/><\/a><\/h1>\n<p>Darstellung eines in einem Korb liegenden Hundes, eher l\u00e4ndliche Darstellung,<\/p>\n<p>Buchsbaumholz,<\/p>\n<p>Ma\u00dfe: 40 x 28 mm,<\/p>\n<p>Zeit: Edo-Periode<\/p>\n<p>&nbsp;<\/p>\n<p>&nbsp;<\/p>\n<\/div>\n<\/div>\n<div>\n<div>\n<h1>Netsuke:<a href=\"http:\/\/www.japan-art.at\/wp-content\/uploads\/2011\/11\/Net_shishi.jpg\"><img decoding=\"async\" loading=\"lazy\" class=\"alignright  wp-image-228\" title=\"Net_shishi\" alt=\"\" src=\"http:\/\/www.japan-art.at\/wp-content\/uploads\/2011\/11\/Net_shishi.jpg\" width=\"348\" height=\"293\" \/><\/a><\/h1>\n<p>Signiert:<\/p>\n<p>Fabeltier, Shishi ?,<\/p>\n<p>Elfenbein, eingelegte Hornaugen<\/p>\n<p>Ma\u00dfe: 40 x 28 mm<\/p>\n<p>Zeit: Meiji-Periode<\/p>\n<p>&nbsp;<\/p>\n<p>&nbsp;<\/p>\n<\/div>\n<\/div>\n<div>\n<div>\n<h1>Netsuke:<span style=\"font-family: arial,helvetica,sans-serif; font-size: small;\"><a href=\"http:\/\/www.japan-art.at\/wp-content\/uploads\/2011\/11\/Net_Frchte.jpg\"><img decoding=\"async\" loading=\"lazy\" class=\"alignright  wp-image-229\" title=\"Net_Frchte\" alt=\"\" src=\"http:\/\/www.japan-art.at\/wp-content\/uploads\/2011\/11\/Net_Frchte.jpg\" width=\"366\" height=\"315\" \/><\/a><\/span><\/h1>\n<p>Darstellung v. 2 Fr\u00fcchten,<\/p>\n<p>Elfenbein,<\/p>\n<p>Ma\u00dfe: 55 x 38 mm<\/p>\n<p>Zeit: Edo-Periode<\/p>\n<p>&nbsp;<\/p>\n<p>&nbsp;<\/p>\n<\/div>\n<\/div>\n<div>\n<div>\n<h1>Netsuke:<\/h1>\n<p><a href=\"http:\/\/www.japan-art.at\/wp-content\/uploads\/2011\/11\/Net_Oni.jpg\"><img decoding=\"async\" loading=\"lazy\" class=\"alignright  wp-image-230\" title=\"Net_Oni\" alt=\"\" src=\"http:\/\/www.japan-art.at\/wp-content\/uploads\/2011\/11\/Net_Oni.jpg\" width=\"301\" height=\"286\" \/><\/a>Signiert:<\/p>\n<p>Oni, sitzend, trommelnd,<\/p>\n<p>Elfenbein, eingelegte Hornaugen<\/p>\n<p>Ma\u00dfe: 33 x 33 mm<\/p>\n<p>Zeit: Meiji<\/p>\n<p>&nbsp;<\/p>\n<p>&nbsp;<\/p>\n<\/div>\n<\/div>\n<div>\n<div>\n<h1>Netsuke:<a href=\"http:\/\/www.japan-art.at\/wp-content\/uploads\/2011\/11\/Net_flasche.jpg\"><img decoding=\"async\" loading=\"lazy\" class=\"alignright  wp-image-231\" title=\"Net_flasche\" alt=\"\" src=\"http:\/\/www.japan-art.at\/wp-content\/uploads\/2011\/11\/Net_flasche.jpg\" width=\"360\" height=\"318\" \/><\/a><\/h1>\n<p>Kalebassenform durchbrochen\u00a0Bein,<\/p>\n<p>Ma\u00dfe:\u00a0 40 x 27 mm<\/p>\n<p>Zeit: Meiji-Periode<\/p>\n<p>&nbsp;<\/p>\n<p>&nbsp;<\/p>\n<\/div>\n<\/div>\n<div>\n<div>\n<h1>Netsuke:<span style=\"font-family: arial,helvetica,sans-serif; font-size: small;\"><a href=\"http:\/\/www.japan-art.at\/wp-content\/uploads\/2011\/11\/Net_Mask_Oni_2.jpg\"><img decoding=\"async\" loading=\"lazy\" class=\"alignright  wp-image-232\" title=\"Net_Mask_Oni_2\" alt=\"\" src=\"http:\/\/www.japan-art.at\/wp-content\/uploads\/2011\/11\/Net_Mask_Oni_2.jpg\" width=\"296\" height=\"264\" \/><\/a><\/span><\/h1>\n<p>Signiert: Ryu-un<\/p>\n<p>Maskennetsuke, Darstellung der eines Oni,<\/p>\n<p>Holz, bemalt,<\/p>\n<p>Ma\u00dfe: 29 x 24 mm,<\/p>\n<p>Zeit: 19. Jhdt., Edo-Periode<\/p>\n<p>&nbsp;<\/p>\n<p>&nbsp;<\/p>\n<\/div>\n<\/div>\n<div>\n<div>\n<h1>Okimono-Netsuke<a href=\"http:\/\/www.japan-art.at\/wp-content\/uploads\/2011\/11\/warrior-hankai_2241.jpg\"><img decoding=\"async\" loading=\"lazy\" class=\"alignright  wp-image-233\" title=\"warrior-hankai_2241\" alt=\"\" src=\"http:\/\/www.japan-art.at\/wp-content\/uploads\/2011\/11\/warrior-hankai_2241-300x300.jpg\" width=\"367\" height=\"367\" srcset=\"https:\/\/www.japan-art.at\/wp-content\/uploads\/2011\/11\/warrior-hankai_2241-300x300.jpg 300w, https:\/\/www.japan-art.at\/wp-content\/uploads\/2011\/11\/warrior-hankai_2241-150x150.jpg 150w, https:\/\/www.japan-art.at\/wp-content\/uploads\/2011\/11\/warrior-hankai_2241.jpg 375w\" sizes=\"(max-width: 367px) 100vw, 367px\" \/><\/a><\/h1>\n<p>Okimono-Netsuke: Darstellung des Kriegers Hankei aus der chinesischen Mythologie<\/p>\n<p align=\"left\"><strong>H<\/strong>ankai, whose Chinese name is Fan Kuai. Originally a low class butcher, he rose to the rank of minister in the court of Emperor Ryuho, the founder of the Western Han dynasty in 206 BC. This ivory carving illustrates the story of Hankai in an attempt to rescue Ryuho, feigning to be drunk and forcing his way into the banquet, carrying the palace door as he joins the rival conspirators, through which he gave the Emperor an opportunity to escape the assassination.<\/p>\n<p align=\"left\"><strong>T<\/strong>his carving of Hankai entangling with two palace guards is literally sweeping with force. As Hankai rushes through the first guard, he knocks off the guard&#8217;s helmet and left him holding his head in dismay. Furthermore, the composition shows Hankai forcing ahead with the monster face decorated door, his large bald head and massive beard blowing behind, reinforcing the notion of his brute force pushing ahead, at the splitting moment as his right foot is trampling on the back of a second guard who has fallen to the ground<\/p>\n<p>Material: Walro\u00dfzahn<\/p>\n<p>Ma\u00dfe: 6 x 6 x 4 cm<\/p>\n<p>Zeit: sp\u00e4tes 18. Jhdt oder fr\u00fches 19. Jhdt., Edo-Periode<\/p>\n<p>&nbsp;<\/p>\n<\/div>\n<\/div>\n<div>\n<div>\n<h1>Ojime:<span style=\"font-family: arial,helvetica,sans-serif; font-size: small;\"><a href=\"http:\/\/www.japan-art.at\/wp-content\/uploads\/2011\/11\/Ojime_blte.jpg\"><img decoding=\"async\" loading=\"lazy\" class=\"alignright  wp-image-234\" title=\"Ojime_blte\" alt=\"\" src=\"http:\/\/www.japan-art.at\/wp-content\/uploads\/2011\/11\/Ojime_blte.jpg\" width=\"280\" height=\"232\" \/><\/a><\/span><\/h1>\n<p>Darstellung einer Frucht oder Pflanze mit einer Krabbe ( Kupfer ) u. einer Seeschnecke (Silber),<br \/>\nBronze\u00a0mit Buntmetallauflagen,<\/p>\n<p>Ma\u00dfe: 12 mm x 10 mm<\/p>\n<p>Zeit: Edo-Periode<\/p>\n<p>&nbsp;<\/p>\n<\/div>\n<\/div>\n<div>\n<div>\n<h1>Ojime:<a href=\"http:\/\/www.japan-art.at\/wp-content\/uploads\/2011\/11\/Ojime_kirin.jpg\"><img decoding=\"async\" loading=\"lazy\" class=\"alignright  wp-image-235\" title=\"Ojime_kirin\" alt=\"\" src=\"http:\/\/www.japan-art.at\/wp-content\/uploads\/2011\/11\/Ojime_kirin.jpg\" width=\"258\" height=\"270\" \/><\/a><\/h1>\n<p><span style=\"font-family: arial,helvetica,sans-serif; font-size: small;\">Signiert:<\/span><span style=\"font-family: arial,helvetica,sans-serif; font-size: small;\">Darstellung eines Kirin<\/span><\/p>\n<p><span style=\"font-family: arial,helvetica,sans-serif; font-size: small;\"> Elfenbein<\/span><\/p>\n<p><span style=\"font-family: Arial; font-size: small;\"> Ma\u00dfe: 30 mm x 11 mm<\/span><\/p>\n<p>Zeit: <span style=\"font-family: arial,helvetica,sans-serif; font-size: small;\">Edo-Periode<\/span><\/p>\n<p>&nbsp;<\/p>\n<\/div>\n<\/div>\n<div>\n<div>\n<h1>Ojime:<a href=\"http:\/\/www.japan-art.at\/wp-content\/uploads\/2011\/11\/Ojime_ratte.jpg\"><img decoding=\"async\" loading=\"lazy\" class=\"alignright  wp-image-236\" title=\"Ojime_ratte\" alt=\"\" src=\"http:\/\/www.japan-art.at\/wp-content\/uploads\/2011\/11\/Ojime_ratte.jpg\" width=\"339\" height=\"277\" \/><\/a><\/h1>\n<p>Signiert:<\/p>\n<p>Darstellung einer Ratte<\/p>\n<p>Elfenbein<\/p>\n<p>Ma\u00dfe: 19 mm x 10 mm<\/p>\n<p style=\"text-align: left;\">Neuzeit<\/p>\n<p>&nbsp;<\/p>\n<\/div>\n<\/div>\n<h1>Ojime:<span style=\"font-family: arial,helvetica,sans-serif; font-size: small;\"><a href=\"http:\/\/www.japan-art.at\/wp-content\/uploads\/2011\/11\/Ojime_spindel.jpg\"><img decoding=\"async\" loading=\"lazy\" class=\"alignright  wp-image-237\" title=\"Ojime_spindel\" alt=\"\" src=\"http:\/\/www.japan-art.at\/wp-content\/uploads\/2011\/11\/Ojime_spindel.jpg\" width=\"316\" height=\"284\" \/><\/a><\/span><\/h1>\n<p><span style=\"font-family: arial,helvetica,sans-serif; font-size: small;\">Darstellung einer Spindel,\u00a0<\/span><\/p>\n<p><span style=\"font-family: arial,helvetica,sans-serif;\"><span style=\"font-family: arial,helvetica,sans-serif;\">Porzellan,\u00a0 <\/span><\/span><\/p>\n<p><span style=\"font-family: arial,helvetica,sans-serif;\"><span style=\"font-size: small;\">Ma\u00dfe: 10 mm x 8 mm<\/span><\/span><\/p>\n<h1><span style=\"font-family: arial,helvetica,sans-serif; font-size: small;\">Zeit: Edo-Periode<\/span><\/h1>\n","protected":false},"excerpt":{"rendered":"<p>Netsuke: Geschnitzte Knebeln in einfacher bis sehr kunstvoller Form. Verwendungszeit vom Anfang des 17 Jhdts. bis Ende des 19. Jhdts. Matrialien: Holz, Elfenbein, Horn, Knochen, Porzellan, Metall. Verwendung als Gegenst\u00fcck zu durch den Obi gezogenen Halteb\u00e4nder \u2013schn\u00fcren von dazugeh\u00f6rigern Geld- &hellip; <a href=\"https:\/\/www.japan-art.at\/?page_id=176\">Weiterlesen <span class=\"meta-nav\">&rarr;<\/span><\/a><\/p>\n","protected":false},"author":1,"featured_media":0,"parent":2,"menu_order":5,"comment_status":"closed","ping_status":"closed","template":"","meta":[],"_links":{"self":[{"href":"https:\/\/www.japan-art.at\/index.php?rest_route=\/wp\/v2\/pages\/176"}],"collection":[{"href":"https:\/\/www.japan-art.at\/index.php?rest_route=\/wp\/v2\/pages"}],"about":[{"href":"https:\/\/www.japan-art.at\/index.php?rest_route=\/wp\/v2\/types\/page"}],"author":[{"embeddable":true,"href":"https:\/\/www.japan-art.at\/index.php?rest_route=\/wp\/v2\/users\/1"}],"replies":[{"embeddable":true,"href":"https:\/\/www.japan-art.at\/index.php?rest_route=%2Fwp%2Fv2%2Fcomments&post=176"}],"version-history":[{"count":22,"href":"https:\/\/www.japan-art.at\/index.php?rest_route=\/wp\/v2\/pages\/176\/revisions"}],"predecessor-version":[{"id":1020,"href":"https:\/\/www.japan-art.at\/index.php?rest_route=\/wp\/v2\/pages\/176\/revisions\/1020"}],"up":[{"embeddable":true,"href":"https:\/\/www.japan-art.at\/index.php?rest_route=\/wp\/v2\/pages\/2"}],"wp:attachment":[{"href":"https:\/\/www.japan-art.at\/index.php?rest_route=%2Fwp%2Fv2%2Fmedia&parent=176"}],"curies":[{"name":"wp","href":"https:\/\/api.w.org\/{rel}","templated":true}]}}