{"id":149,"date":"2011-11-08T14:50:03","date_gmt":"2011-11-08T14:50:03","guid":{"rendered":"http:\/\/www.japan-art.at\/?page_id=149"},"modified":"2015-02-21T20:51:40","modified_gmt":"2015-02-21T20:51:40","slug":"keramik","status":"publish","type":"page","link":"https:\/\/www.japan-art.at\/?page_id=149","title":{"rendered":"Keramik"},"content":{"rendered":"<p>Gebrauchskunst als Utensilien f\u00fcr die Teezeremonie oder f\u00fcr den Alltag.<\/p>\n<p>Keramikrichtungen: Raku, Oribe, Arita, Satsuma usw. \u2013 verteilt \u00fcber ganz Japan, je nach Region.<\/p>\n<div>\n<div>\n<h1>Vase:<\/h1>\n<p><a href=\"http:\/\/www.japan-art.at\/wp-content\/uploads\/2011\/11\/Oribe_Vase.jpg\"><img decoding=\"async\" loading=\"lazy\" class=\"alignright  wp-image-152\" title=\"Oribe_Vase\" alt=\"\" src=\"http:\/\/www.japan-art.at\/wp-content\/uploads\/2011\/11\/Oribe_Vase.jpg\" width=\"314\" height=\"310\" \/><\/a>Signiert:<\/p>\n<p>Oribe-Keramik, asymetrischer K\u00f6rper, Wandhalterung<\/p>\n<p>Zeit: Meiji<\/p>\n<p>Ma\u00dfe: H: 9,5 cm,\u00a0B: 10 cm<\/p>\n<p>&nbsp;<\/p>\n<p>&nbsp;<\/p>\n<\/div>\n<\/div>\n<div>\n<div>\n<h1>Vase:<a href=\"http:\/\/www.japan-art.at\/wp-content\/uploads\/2011\/11\/Bizenvase.jpg\"><img decoding=\"async\" loading=\"lazy\" class=\"alignright  wp-image-153\" title=\"Bizenvase\" alt=\"\" src=\"http:\/\/www.japan-art.at\/wp-content\/uploads\/2011\/11\/Bizenvase.jpg\" width=\"373\" height=\"340\" \/><\/a><\/h1>\n<p>Signiert:<\/p>\n<p>Raku-Keramik<\/p>\n<p>Zeit: Meiji<\/p>\n<p>Ma\u00dfe: H: 9 cm, B: 11,5 cm<\/p>\n<p>&nbsp;<\/p>\n<p>&nbsp;<\/p>\n<h1><\/h1>\n<\/div>\n<\/div>\n<div>\n<div>\n<h1>Sakefl\u00e4schchen:<a href=\"http:\/\/www.japan-art.at\/wp-content\/uploads\/2011\/11\/Bizen_Sakeflasche.jpg\"><img decoding=\"async\" loading=\"lazy\" class=\"alignright  wp-image-154\" title=\"Bizen_Sakeflasche\" alt=\"\" src=\"http:\/\/www.japan-art.at\/wp-content\/uploads\/2011\/11\/Bizen_Sakeflasche.jpg\" width=\"249\" height=\"357\" \/><\/a><\/h1>\n<p>Bizen-Keramik<\/p>\n<p>Zeit: Showa<\/p>\n<p>Ma\u00dfe: H: 12,5 cm, B: 9 cm<\/p>\n<p>&nbsp;<\/p>\n<p>&nbsp;<\/p>\n<p>&nbsp;<\/p>\n<\/div>\n<\/div>\n<div>\n<div>\n<h1><\/h1>\n<h1>Koro:<a href=\"http:\/\/www.japan-art.at\/wp-content\/uploads\/2011\/11\/Koro_Arita_mit_Holzbox.jpg\"><img decoding=\"async\" loading=\"lazy\" class=\"alignright  wp-image-155\" title=\"Koro_Arita_mit_Holzbox\" alt=\"\" src=\"http:\/\/www.japan-art.at\/wp-content\/uploads\/2011\/11\/Koro_Arita_mit_Holzbox.jpg\" width=\"329\" height=\"327\" srcset=\"https:\/\/www.japan-art.at\/wp-content\/uploads\/2011\/11\/Koro_Arita_mit_Holzbox.jpg 278w, https:\/\/www.japan-art.at\/wp-content\/uploads\/2011\/11\/Koro_Arita_mit_Holzbox-150x150.jpg 150w\" sizes=\"(max-width: 329px) 100vw, 329px\" \/><\/a><\/h1>\n<p>Koro &#8211; R\u00e4uchergef\u00e4\u00df, mit dazugeh\u00f6riger Holzbox,<\/p>\n<p>Kutani-Keramik<\/p>\n<p>Zeit:Meiji-Periode, ca. 1900<\/p>\n<p>Ma\u00dfe:\u00a0H: 9,5 cm, B: 8 cm<\/p>\n<p>&nbsp;<\/p>\n<p>&nbsp;<\/p>\n<\/div>\n<\/div>\n<div>\n<div>\n<h1>Chawan<a href=\"http:\/\/www.japan-art.at\/wp-content\/uploads\/2011\/11\/Chawan_Minoware.jpg\"><img decoding=\"async\" loading=\"lazy\" class=\"alignright  wp-image-162\" title=\"Chawan_Minoware\" alt=\"\" src=\"http:\/\/www.japan-art.at\/wp-content\/uploads\/2011\/11\/Chawan_Minoware.jpg\" width=\"321\" height=\"288\" \/><\/a><\/h1>\n<p>Chawan,<\/p>\n<p>Mino-Keramik<\/p>\n<p>Zeit: Taisho<\/p>\n<p>Signiert:<\/p>\n<p>Ma\u00dfe: 11 x 8 cm<\/p>\n<p>&nbsp;<\/p>\n<\/div>\n<\/div>\n<div>\n<div>\n<h1>Chawan<a href=\"http:\/\/www.japan-art.at\/wp-content\/uploads\/2011\/11\/Chawan_Oni_Hagi1.jpg\"><img decoding=\"async\" loading=\"lazy\" class=\"alignright  wp-image-163\" title=\"Chawan_Oni_Hagi\" alt=\"\" src=\"http:\/\/www.japan-art.at\/wp-content\/uploads\/2011\/11\/Chawan_Oni_Hagi1.jpg\" width=\"455\" height=\"341\" srcset=\"https:\/\/www.japan-art.at\/wp-content\/uploads\/2011\/11\/Chawan_Oni_Hagi1.jpg 369w, https:\/\/www.japan-art.at\/wp-content\/uploads\/2011\/11\/Chawan_Oni_Hagi1-300x224.jpg 300w\" sizes=\"(max-width: 455px) 100vw, 455px\" \/><\/a><\/h1>\n<p>Chawan, Fuyu Oni &#8211; Oni Hagi Ware, Fuyu = Winter &#8211; Oni = D\u00e4mon, Becherform eher im Winter in Gebrauch, in Originalbox<\/p>\n<p>Zeit: Showa &#8211; Heisei<\/p>\n<p>Signiert: Shibuya Deishi<\/p>\n<p align=\"left\"><strong>5 x prize winner &#8211; Hagi city Art Exhibition<\/strong><\/p>\n<p align=\"left\"><strong>3 x prize winner &#8211; Yamaguchi Prefecture Art Exhibition<\/strong><\/p>\n<p align=\"left\"><strong>3 x prize winner &#8211; Japanese Modern Industrial Arts Exhibition of Chugoku Area<\/strong><\/p>\n<p align=\"left\"><strong>prize winner &#8211; 18th Modern Industrial Arts Exhibition<\/strong><\/p>\n<p align=\"left\"><strong>prize winner &#8211; 1984 International Art Cultural Exchange<\/strong><\/p>\n<p align=\"left\"><strong>1985 &#8211; became the Hagi Traditional Industrial Association Chairman, a title he holds\u00a0to this day.<\/strong><\/p>\n<p align=\"left\">Works out of Hagi&#8217;s Odaiba Kiln<\/p>\n<p>Ma\u00dfe:<\/p>\n<\/div>\n<\/div>\n<div>\n<div>\n<h1>Mizu-zashi<a href=\"http:\/\/www.japan-art.at\/wp-content\/uploads\/2011\/11\/IMG_03771.jpg\"><img decoding=\"async\" loading=\"lazy\" class=\"alignright  wp-image-164\" title=\"IMG_0377\" alt=\"\" src=\"http:\/\/www.japan-art.at\/wp-content\/uploads\/2011\/11\/IMG_03771.jpg\" width=\"293\" height=\"450\" srcset=\"https:\/\/www.japan-art.at\/wp-content\/uploads\/2011\/11\/IMG_03771.jpg 244w, https:\/\/www.japan-art.at\/wp-content\/uploads\/2011\/11\/IMG_03771-195x300.jpg 195w\" sizes=\"(max-width: 293px) 100vw, 293px\" \/><\/a><\/h1>\n<p>Mizu-zashi: Frischwasserbeh\u00e4lter bei der Teezeremonie<br \/>\nSigniert:<br \/>\nStil:<\/p>\n<p>Zeit: Showa-Periode<\/p>\n<p>Ma\u00dfe: 20 x 11 cm<\/p>\n<p>&nbsp;<\/p>\n<p>&nbsp;<\/p>\n<p>&nbsp;<\/p>\n<\/div>\n<\/div>\n<div>\n<div>\n<h1><\/h1>\n<h1><\/h1>\n<h1><\/h1>\n<h1><\/h1>\n<h1><\/h1>\n<p>&nbsp;<\/p>\n<h1><\/h1>\n<h1>Standfigur:<\/h1>\n<h1><a href=\"http:\/\/www.japan-art.at\/wp-content\/uploads\/2011\/11\/23-1-05-040.jpg\"><img decoding=\"async\" loading=\"lazy\" class=\"alignright  wp-image-1048\" style=\"width: 369px; height: 418px;\" alt=\"23-1-05 040\" src=\"http:\/\/www.japan-art.at\/wp-content\/uploads\/2011\/11\/23-1-05-040-680x1024.jpg\" width=\"620\" height=\"933\" srcset=\"https:\/\/www.japan-art.at\/wp-content\/uploads\/2011\/11\/23-1-05-040-680x1024.jpg 680w, https:\/\/www.japan-art.at\/wp-content\/uploads\/2011\/11\/23-1-05-040-199x300.jpg 199w, https:\/\/www.japan-art.at\/wp-content\/uploads\/2011\/11\/23-1-05-040.jpg 1261w\" sizes=\"(max-width: 620px) 100vw, 620px\" \/><\/a><\/h1>\n<p>Signiert:Porzellanfigur &#8211; Okimono aus Elfenbein imitierendHirado-Porzellan<\/p>\n<p>Zeit: Meiji-Periode<\/p>\n<p>Ma\u00dfe: H: 17,5, B: 7 cm<\/p>\n<p>&nbsp;<\/p>\n<p>&nbsp;<\/p>\n<p>&nbsp;<\/p>\n<\/div>\n<\/div>\n<div>\n<div>\n<h1><\/h1>\n<h1><\/h1>\n<h1><\/h1>\n<h1><\/h1>\n<h1><\/h1>\n<h1><\/h1>\n<h1><\/h1>\n<h1>R\u00e4ucherwerkbeh\u00e4lter:<a href=\"http:\/\/www.japan-art.at\/wp-content\/uploads\/2011\/11\/Tengu_Keramikbehlter1.jpg\"><img decoding=\"async\" loading=\"lazy\" class=\"alignright  wp-image-166\" title=\"Tengu_Keramikbehlter\" alt=\"\" src=\"http:\/\/www.japan-art.at\/wp-content\/uploads\/2011\/11\/Tengu_Keramikbehlter1.jpg\" width=\"308\" height=\"269\" \/><\/a><\/h1>\n<p>R\u00e4ucherwerkbeh\u00e4lter &#8211; Duftbeh\u00e4lter, Kopf eines Langnasen-TengusKeramik<\/p>\n<p>Zeit:<\/p>\n<p>Ma\u00dfe: L: 10 cm, B: 7 cm, H: 7 cm<\/p>\n<\/div>\n<\/div>\n<div>\n<div>\n<h1><\/h1>\n<h1>\u00a0Teekanne:<a href=\"http:\/\/www.japan-art.at\/wp-content\/uploads\/2011\/11\/teekanne1.jpg\"><img decoding=\"async\" loading=\"lazy\" class=\"alignright  wp-image-167\" title=\"teekanne\" alt=\"\" src=\"http:\/\/www.japan-art.at\/wp-content\/uploads\/2011\/11\/teekanne1.jpg\" width=\"327\" height=\"322\" \/><\/a><\/h1>\n<p>Teekanne mit Tsubadesign, SeladonglasurKeramik:Zeit: Showa, ca. 1960?<\/p>\n<p>Ma\u00dfe: H: 13,5 cm, B: 14 cm<\/p>\n<p>&nbsp;<\/p>\n<p>&nbsp;<\/p>\n<\/div>\n<\/div>\n<h1><\/h1>\n<h1>Vase blau-weiss<a href=\"http:\/\/www.japan-art.at\/wp-content\/uploads\/2011\/11\/IMG_02861.jpg\"><img decoding=\"async\" loading=\"lazy\" class=\"alignright  wp-image-168\" title=\"IMG_0286\" alt=\"\" src=\"http:\/\/www.japan-art.at\/wp-content\/uploads\/2011\/11\/IMG_02861-210x300.jpg\" width=\"327\" height=\"446\" \/><\/a><\/h1>\n<p>Arita Keramik<\/p>\n<p>Zeit: Anfang 19. Jhdt., Edo-Periode<\/p>\n<p>Ma\u00dfe: 27 x 15 cm<\/p>\n","protected":false},"excerpt":{"rendered":"<p>Gebrauchskunst als Utensilien f\u00fcr die Teezeremonie oder f\u00fcr den Alltag. Keramikrichtungen: Raku, Oribe, Arita, Satsuma usw. \u2013 verteilt \u00fcber ganz Japan, je nach Region. Vase: Signiert: Oribe-Keramik, asymetrischer K\u00f6rper, Wandhalterung Zeit: Meiji Ma\u00dfe: H: 9,5 cm,\u00a0B: 10 cm &nbsp; &nbsp; &hellip; <a href=\"https:\/\/www.japan-art.at\/?page_id=149\">Weiterlesen <span class=\"meta-nav\">&rarr;<\/span><\/a><\/p>\n","protected":false},"author":1,"featured_media":0,"parent":96,"menu_order":3,"comment_status":"closed","ping_status":"closed","template":"","meta":[],"_links":{"self":[{"href":"https:\/\/www.japan-art.at\/index.php?rest_route=\/wp\/v2\/pages\/149"}],"collection":[{"href":"https:\/\/www.japan-art.at\/index.php?rest_route=\/wp\/v2\/pages"}],"about":[{"href":"https:\/\/www.japan-art.at\/index.php?rest_route=\/wp\/v2\/types\/page"}],"author":[{"embeddable":true,"href":"https:\/\/www.japan-art.at\/index.php?rest_route=\/wp\/v2\/users\/1"}],"replies":[{"embeddable":true,"href":"https:\/\/www.japan-art.at\/index.php?rest_route=%2Fwp%2Fv2%2Fcomments&post=149"}],"version-history":[{"count":39,"href":"https:\/\/www.japan-art.at\/index.php?rest_route=\/wp\/v2\/pages\/149\/revisions"}],"predecessor-version":[{"id":1053,"href":"https:\/\/www.japan-art.at\/index.php?rest_route=\/wp\/v2\/pages\/149\/revisions\/1053"}],"up":[{"embeddable":true,"href":"https:\/\/www.japan-art.at\/index.php?rest_route=\/wp\/v2\/pages\/96"}],"wp:attachment":[{"href":"https:\/\/www.japan-art.at\/index.php?rest_route=%2Fwp%2Fv2%2Fmedia&parent=149"}],"curies":[{"name":"wp","href":"https:\/\/api.w.org\/{rel}","templated":true}]}}