{"id":131,"date":"2011-11-08T14:34:17","date_gmt":"2011-11-08T14:34:17","guid":{"rendered":"http:\/\/www.japan-art.at\/?page_id=131"},"modified":"2014-02-22T12:46:43","modified_gmt":"2014-02-22T12:46:43","slug":"holzschnitte","status":"publish","type":"page","link":"https:\/\/www.japan-art.at\/?page_id=131","title":{"rendered":"Holzschnitte"},"content":{"rendered":"<h1>Ukiyo-e<\/h1>\n<p>Der Beginn der\u00a0japanischer Farbholzschnitte oder Ukiyo-e gehtgehen bis zur Mitte des 17. Jdt. zur\u00fcck. Ukiyo-e bedeutet w\u00f6rtlich \u00fcbersetzt Abbildungen der fliessenden<em> <\/em>Welt.<\/p>\n<p>Erste Holzschnitte lediglich schwarz\/wei\u00df, sp\u00e4ter mehrf\u00e4rbig. Mehrf\u00e4rbige Holzschnitte wurden auf mehreren Holzschnittbl\u00f6cken &#8211; getrennte Farben &#8211; erzeugt. K\u00fcnstler und Holzschnitzer meist nicht gleiche Person, erst ab Sosaku-Hanga.<\/p>\n<p>Erst nach der \u00d6ffnung Japans und der Japonisierungswelle des sp\u00e4ten 19. Jhdt. &#8211; Weltausstellung in Paris &#8211; wurden die eindrucksstarken und bunten Holzschnitte ein begehrtes Sammelobjekt im Westen.<\/p>\n<p>Holzschnitte in Japan waren urspr\u00fcnglich als Buchillustrationen, Ank\u00fcndigungs- bzw. Reklameztettel ( Sumo, Kabuki usw. ) oder als Wandzeitungen in Verwendung.<\/p>\n<h1>Epochen:<\/h1>\n<div>\n<div>\n<p><strong>Edo &#8211; bis 1868<\/strong><\/p>\n<p>Die Edo Periode wird als die klassische Periode der traditionellen Kunst des japanischen Farbholzschnitts betrachtet.<\/p>\n<p><strong>Meiji &#8211; 1868-1912<\/strong><\/p>\n<p>Oft zeitgen\u00f6ssische Darstellungen der Verwestlichung Japans, Darstellungen d. Chin. &#8211; Japan. u. d. Russisch &#8211; Japanischen Krieges. Holzschnitte werden plakativer und aufwendiger &#8211; Micartatechnik. Ber\u00fchmte K\u00fcnstler sind Chikanobu Toyohara, Yoshitoshi, Gekko Ogata<\/p>\n<p><strong>Shin Hanga &#8211; 1913-1962<\/strong><\/p>\n<p>Die Shin Hanga Stilrichtung versuchte die alte Ukiyo-e Tradition wieder zum Leben zu erwecken. Die Shin Hanga Bewegung wurde von Watanabe Shozaburo, einem Verleger, gegr\u00fcndet. Ber\u00fchmte K\u00fcnstler sind Kawase\u00a0Hasui, Hiroshi Yoshida, Natori Sghunsen usw.<\/p>\n<p><strong>Sosaku Hanga<\/strong><\/p>\n<p>Die Sosaku Hanga (kreative Grafiken) waren mehr durch die westlichen Kunst beeinflusst. Die Sosaku Hanga K\u00fcnstler waren der Ansicht, dass der K\u00fcnstler alle Schritte bei der Herstellung eines Farbholzschnitts &#8211; das Design, das Schnitzen des Blocks und das Drucken &#8211; selbst ausf\u00fchren sollte. Ber\u00fcmte K\u00fcnstler sind Toshi Yoshida ( Sohn d. Hiroshi Yoshida ), Tokuriki Tomikichiro.<\/p>\n<\/div>\n<\/div>\n<div>\n<div>\n<h1>Aufbewahrung von Ukiyo-e<\/h1>\n<p>Benutzen Sie ein Passepartout zum Rahmen oder zur Aufbewahrung um den direkten Kontakt zwischen Glas und dem Print zu vermeiden so dass die Luft zirkulieren kann.<\/p>\n<p>Benutzen Sie nur s\u00e4urefreie Passepartouts.<\/p>\n<p>Beschneiden Sie niemals die R\u00e4nder von Grafiken.<\/p>\n<p>Benutzen Sie keine oder nur spezielle Klebestreifen\u00a0bzw. bringen Sie am Passepartout einen gefalteten Papierstreifen\u00a0( s\u00e4urefrei )an in dessen Falte Sie den Holzschnitt hineinstellen<\/p>\n<p>Setzen Sie Grafiken nicht l\u00e4ngere Zeit\u00a0hellem Sonnenlicht aus.<\/p>\n<p><strong><span style=\"font-size: small;\">LASSEN SIE NIEMALS EINEN HOLZSCHNITT IN EINEM X-BELIEBIGEN BILDERRAHMENGESCH\u00c4FT ODER GAR EINEN BAUMARKT RAHMEN !!!<\/span><\/strong><\/p>\n<p><strong>DIESE GESCH\u00c4FTE HABEN NICHT DAS N\u00d6TIGE KNOW HOW UND RAHMEN IHREN HOLZSCHNITT WIE JEDES ANDERE BILD BZW. FOTO &#8211; DAS HEISST NORMALERWEISE MIT EINEM HERK\u00d6MMLICHEN NICHT MEHR ABL\u00d6SBAREN KLEBEBAND; WODURCH IHR HOLZSCHNITT IRREPERABEL BESCH\u00c4DIGT BZW. ZERST\u00d6RT WIRD<\/strong>.<\/p>\n<p>Ordern sie den Rahmen mit Passepartout und setzen Sie den Holzschnitt selber ein &#8211; es keine Hexerei.\u00a0Andernfalls suchen Sie ein Gesch\u00e4ft, dessen Personal auf Ihre W\u00fcnsche eingeht und dem Sie auch vertrauen k\u00f6nnen. Verlangen Sie da\u00df die R\u00fcckwand nicht endmontiert ist um die Montage des Holzschnitts \u00fcberpr\u00fcfen zu k\u00f6nnen. Weisen Sie auf die Empfindlichkeit des Materials hin bzw. auf den durch unsachgem\u00e4\u00dfe Montage verursachten Schaden.<\/p>\n<h1>Holzschnitte:<\/h1>\n<\/div>\n<\/div>\n<div>\n<div>\n<p><span style=\"font-size: small;\">Tate-e = Hochformat<br \/>\nYoko-e = Querformat<\/span><\/p>\n<p><span style=\"font-size: small;\">Die h\u00e4ufigsten Gr\u00f6ssen, die sie finden werden, sind Oban, Chuban and Aiban. Tats\u00e4chliche Gr\u00f6\u00dfen k\u00f6nne variieren &#8211; O-ban bis zu 2 cm gr\u00f6\u00dfere Gr\u00f6\u00dfen mehr.<\/span><\/p>\n<p><span style=\"font-family: arial,helvetica,sans-serif; font-size: medium;\">Formate:<\/span><\/p>\n<p>Benennung\u00a0\u00a0\u00a0 \u00a0\u00a0\u00a0 \u00a0\u00a0\u00a0\u00a0\u00a0\u00a0 \u00a0 Zoll\u00a0\u00a0\u00a0\u00a0\u00a0\u00a0\u00a0\u00a0\u00a0\u00a0\u00a0\u00a0\u00a0\u00a0\u00a0\u00a0\u00a0\u00a0\u00a0 \u00a0\u00a0 \u00a0\u00a0\u00a0\u00a0\u00a0\u00a0\u00a0 Zentimeter<\/p>\n<table width=\"300\" border=\"0\" cellspacing=\"1\" cellpadding=\"1\" align=\"center\">\n<tbody>\n<tr>\n<td>Aiban<\/td>\n<td>9 x 13<\/td>\n<td>22.5 x 34.5<\/td>\n<\/tr>\n<tr>\n<td>Chuban<\/td>\n<td>7.5 x 10<\/td>\n<td>19 x 25.5<\/td>\n<\/tr>\n<tr>\n<td>Chu-tanzaku<\/td>\n<td>5.1 x 15<\/td>\n<td>13 x 38<\/td>\n<\/tr>\n<tr>\n<td>Dai Oban<\/td>\n<td>13.75 x 18.25<\/td>\n<td>34.5 x 45.5<\/td>\n<\/tr>\n<tr>\n<td>Ebankiri<\/td>\n<td>7.5 x 20.25<\/td>\n<td>19 x 51.5<\/td>\n<\/tr>\n<tr>\n<td>Hashire-e<\/td>\n<td>4.5 x 28<\/td>\n<td>13 x 73<\/td>\n<\/tr>\n<tr>\n<td>Hosoban<\/td>\n<td>5 x 13<\/td>\n<td>14.5 x 33<\/td>\n<\/tr>\n<tr>\n<td>Kakemono-e<\/td>\n<td>9 x 30<\/td>\n<td>23 x 76<\/td>\n<\/tr>\n<tr>\n<td>Kakuban<\/td>\n<td>7 x 8<\/td>\n<td>17.8 x 20.3<\/td>\n<\/tr>\n<tr>\n<td>Kaku-Surimono<\/td>\n<td>7 x 8.5<\/td>\n<td>18 x 21.5<\/td>\n<\/tr>\n<tr>\n<td>Koban<\/td>\n<td>6.75 x 9<\/td>\n<td>17 x 23<\/td>\n<\/tr>\n<tr>\n<td>Ko-tanzaku<\/td>\n<td>3 x 13.5<\/td>\n<td>7.6 x 34.5<\/td>\n<\/tr>\n<tr>\n<td>Naga-ban<\/td>\n<td>9 x 20.25<\/td>\n<td>23 x 51.5<\/td>\n<\/tr>\n<tr>\n<td>Oban<\/td>\n<td>10 x 15<\/td>\n<td>25.4 x 38<\/td>\n<\/tr>\n<tr>\n<td>Ogata-chuban<\/td>\n<td>8.5 x 11.5<\/td>\n<td>21.7 x 29.3<\/td>\n<\/tr>\n<tr>\n<td>O-hosoban<\/td>\n<td>6.75 x 15<\/td>\n<td>17 x 38<\/td>\n<\/tr>\n<tr>\n<td>Tanzaku<\/td>\n<td>5 x 17<\/td>\n<td>12.7 x 43<\/td>\n<\/tr>\n<tr>\n<td>Shikishiban<\/td>\n<td>8 x 9<\/td>\n<td>20.5 x 23<\/td>\n<\/tr>\n<tr>\n<td>Sho-tanzaku<\/td>\n<td>3.75 x 10<\/td>\n<td>9.5 x 25.5<\/td>\n<\/tr>\n<tr>\n<td>Uchiwa<\/td>\n<td>9 x 10<\/td>\n<td>22.9 x 25.4<\/td>\n<\/tr>\n<tr>\n<td>Yatsugiriban<\/td>\n<td>3,75&#215;5\u00a0\u00a0\u00a0\u00a09.5&#215;12.7<\/td>\n<td><\/td>\n<\/tr>\n<\/tbody>\n<\/table>\n<p>&nbsp;<\/p>\n<\/div>\n<\/div>\n<div>\n<div>\n<h1>Holzschnitt &#8211; Oban<a href=\"http:\/\/www.japan-art.at\/wp-content\/uploads\/2011\/11\/Hoschn_kogarasu.jpg\"><img decoding=\"async\" loading=\"lazy\" class=\"alignright  wp-image-135\" title=\"Hoschn_kogarasu\" src=\"http:\/\/www.japan-art.at\/wp-content\/uploads\/2011\/11\/Hoschn_kogarasu-237x300.jpg\" alt=\"\" width=\"291\" height=\"369\" srcset=\"https:\/\/www.japan-art.at\/wp-content\/uploads\/2011\/11\/Hoschn_kogarasu-237x300.jpg 237w, https:\/\/www.japan-art.at\/wp-content\/uploads\/2011\/11\/Hoschn_kogarasu.jpg 261w\" sizes=\"(max-width: 291px) 100vw, 291px\" \/><\/a><\/h1>\n<p><strong>Gekko OGATA, 1859-1920:<\/strong><br \/>\nMann mit Schwert im Feuer, Geschichte vom grasm\u00e4henden Schwert &#8211; Kusa-nagi-no-tsurugi (Nationalschatz) ?<\/p>\n<p>Zeit:<\/p>\n<p>Format: Oban, Tate-e,<\/p>\n<p>Verlag:<\/p>\n<p>&nbsp;<\/p>\n<p>&nbsp;<\/p>\n<p>&nbsp;<\/p>\n<\/div>\n<\/div>\n<div>\n<div>\n<h1>Holzschnitt &#8211; Dyptichon<a href=\"http:\/\/www.japan-art.at\/wp-content\/uploads\/2011\/11\/Hoschn_Samurai_trommel.jpg\"><img decoding=\"async\" loading=\"lazy\" class=\"alignright  wp-image-139\" title=\"Hoschn_Samurai_trommel\" src=\"http:\/\/www.japan-art.at\/wp-content\/uploads\/2011\/11\/Hoschn_Samurai_trommel-300x233.jpg\" alt=\"\" width=\"360\" height=\"279\" srcset=\"https:\/\/www.japan-art.at\/wp-content\/uploads\/2011\/11\/Hoschn_Samurai_trommel-300x233.jpg 300w, https:\/\/www.japan-art.at\/wp-content\/uploads\/2011\/11\/Hoschn_Samurai_trommel.jpg 311w\" sizes=\"(max-width: 360px) 100vw, 360px\" \/><\/a><\/h1>\n<p>Samurai schl\u00e4gt Alarm,<\/p>\n<p>Toshihide Migita 1863-1925 &#8211; Meiyo Ju-hachi Ban &#8211; Temple Drum<\/p>\n<p>Zeit: 1893<\/p>\n<p>From the series &#8222;Meiyo Ju-hachi Ban&#8220; (&#8222;Collection of Eighteen Honorable Scenes&#8220;). Sakai Tadatsugu is beating a temple drum.<\/p>\n<p>Diptychon, Format: 2x Oban Tate-e<\/p>\n<p>Signatur: &#8222;Oju Toshihide&#8220;.<\/p>\n<p>&nbsp;<\/p>\n<\/div>\n<\/div>\n<div>\n<div>\n<h1>Holzschnitt &#8211; Tryptichon<a href=\"http:\/\/www.japan-art.at\/wp-content\/uploads\/2011\/11\/hoschn_trip_schlacht.jpg\"><img decoding=\"async\" loading=\"lazy\" class=\"alignright  wp-image-140\" title=\"hoschn_trip_schlacht\" src=\"http:\/\/www.japan-art.at\/wp-content\/uploads\/2011\/11\/hoschn_trip_schlacht-300x164.jpg\" alt=\"\" width=\"356\" height=\"195\" srcset=\"https:\/\/www.japan-art.at\/wp-content\/uploads\/2011\/11\/hoschn_trip_schlacht-300x164.jpg 300w, https:\/\/www.japan-art.at\/wp-content\/uploads\/2011\/11\/hoschn_trip_schlacht.jpg 360w\" sizes=\"(max-width: 356px) 100vw, 356px\" \/><\/a><\/h1>\n<p><strong>Kunichika Toyohara 1835-1900:<\/strong><br \/>\nTitel: Samurai rivals<br \/>\nBeschreibung; War lords, Takeda Shingen (white hair helmet: played by Nakamura Shikan) and Uesugi Kenshin (green head gear on the right: played by Ichikawa Danjuro) at the Battle of Kawanakajima in 16th C<\/p>\n<p>Zeit: 1882<\/p>\n<p>Triptychon,<\/p>\n<p>Format: 3x Oban-Tate-e<\/p>\n<p>Verlag: Takekawa Seikichi, Stempel: Toshidama<\/p>\n<p>&nbsp;<\/p>\n<\/div>\n<\/div>\n<div>\n<div>\n<h1>3 Holzschnitte:<a href=\"http:\/\/www.japan-art.at\/wp-content\/uploads\/2011\/11\/Holzschnitt_3_schmal.jpg\"><img decoding=\"async\" loading=\"lazy\" class=\"alignright  wp-image-141\" title=\"Holzschnitt_3_schmal\" src=\"http:\/\/www.japan-art.at\/wp-content\/uploads\/2011\/11\/Holzschnitt_3_schmal.jpg\" alt=\"\" width=\"299\" height=\"315\" \/><\/a><\/h1>\n<p><strong>Sadanobu III Hasegawa, 1881 -1963:<\/strong><br \/>\n1. Serie: Sch\u00f6nheiten &#8211; Maiko vor einem Theater,\u00a09&#215;38,5 cm<\/p>\n<p>2. Serie: Theater &#8211;\u00a0\u00a0Tanzender Yakko, 10,5&#215;38,5 cm,<\/p>\n<p>3. Serie: Theater &#8211;\u00a0\u00a0Yasuna\u00a0jagt einen Schmetterling, 10,5&#215;38,5 cm<\/p>\n<p>Zeit: alle\u00a0ca. 1950<\/p>\n<p>Format: Chu-Tanzaku<\/p>\n<p>Verleger: alle UCHIDA<\/p>\n<p>&nbsp;<\/p>\n<p>&nbsp;<\/p>\n<p>&nbsp;<\/p>\n<\/div>\n<\/div>\n<div>\n<div>\n<h1>Holzschnitt &#8211; Oban<span style=\"font-family: arial,helvetica,sans-serif; font-size: small;\"><a href=\"http:\/\/www.japan-art.at\/wp-content\/uploads\/2011\/11\/hoschn_yoshi.jpg\"><img decoding=\"async\" loading=\"lazy\" class=\"alignright  wp-image-142\" title=\"hoschn_yoshi\" src=\"http:\/\/www.japan-art.at\/wp-content\/uploads\/2011\/11\/hoschn_yoshi-209x300.jpg\" alt=\"\" width=\"232\" height=\"333\" srcset=\"https:\/\/www.japan-art.at\/wp-content\/uploads\/2011\/11\/hoschn_yoshi-209x300.jpg 209w, https:\/\/www.japan-art.at\/wp-content\/uploads\/2011\/11\/hoschn_yoshi.jpg 225w\" sizes=\"(max-width: 232px) 100vw, 232px\" \/><\/a><\/span><\/h1>\n<p><strong>Tsukoika YOSHITOSHI:<\/strong><br \/>\nSerie: 100 Ansichten des Mondes,<\/p>\n<p>Titel: Minamoto no Tsunenobu\u00a0Zeit: 1886,<\/p>\n<p>Format: Oban Tate-e,<\/p>\n<p>Verlag: Akiama Buemon<\/p>\n<p>&nbsp;<\/p>\n<p>&nbsp;<\/p>\n<p>&nbsp;<\/p>\n<p>&nbsp;<\/p>\n<\/div>\n<\/div>\n<div>\n<div>\n<h1>Holzschnitt &#8211; Oban<span style=\"font-family: arial,helvetica,sans-serif;\"><a href=\"http:\/\/www.japan-art.at\/wp-content\/uploads\/2011\/11\/Hoschn_Ippon.jpg\"><img decoding=\"async\" loading=\"lazy\" class=\"alignright  wp-image-143\" title=\"Hoschn_Ippon\" src=\"http:\/\/www.japan-art.at\/wp-content\/uploads\/2011\/11\/Hoschn_Ippon-207x300.jpg\" alt=\"\" width=\"260\" height=\"376\" srcset=\"https:\/\/www.japan-art.at\/wp-content\/uploads\/2011\/11\/Hoschn_Ippon-207x300.jpg 207w, https:\/\/www.japan-art.at\/wp-content\/uploads\/2011\/11\/Hoschn_Ippon.jpg 225w\" sizes=\"(max-width: 260px) 100vw, 260px\" \/><\/a><\/span><\/h1>\n<p><span style=\"font-family: arial,helvetica,sans-serif; font-size: small;\"><strong>Tadamasa UENO, 1904 &#8211; 1970:<br \/>\n<\/strong><\/span><span style=\"font-family: arial,helvetica,sans-serif; font-size: small;\">Serie: Kumadori Juhachi-Ban \u2013 18 Arten von Make Up<br \/>\n<\/span><span style=\"font-family: arial,helvetica,sans-serif;\">Schauspieler zum Schlag ausholend, <\/span><br \/>\n<span style=\"font-family: arial,helvetica,sans-serif;\">(zeigt den Ippon, Gesicht im Ichikawa Stil)<\/span><\/p>\n<p>Format: Oban Tate-e,<\/p>\n<p><span style=\"font-family: arial,helvetica,sans-serif;\">Zeit: Showa, ca. 1950<\/span><\/p>\n<p>Format: Oban Tate-e<\/p>\n<p>&nbsp;<\/p>\n<p>&nbsp;<\/p>\n<\/div>\n<\/div>\n<div>\n<div>\n<h1><\/h1>\n<h1><\/h1>\n<h1><\/h1>\n<h1>Holzschnitt:<\/h1>\n<p><strong>Sadanobu Hasagawa III, 1881 &#8211; 1963:<\/strong><a href=\"http:\/\/www.japan-art.at\/wp-content\/uploads\/2011\/11\/DSCN3303.jpg\"><img decoding=\"async\" loading=\"lazy\" class=\"alignright  wp-image-860\" title=\"DSCN3303\" src=\"http:\/\/www.japan-art.at\/wp-content\/uploads\/2011\/11\/DSCN3303-1024x768.jpg\" alt=\"\" width=\"421\" height=\"315\" srcset=\"https:\/\/www.japan-art.at\/wp-content\/uploads\/2011\/11\/DSCN3303-1024x768.jpg 1024w, https:\/\/www.japan-art.at\/wp-content\/uploads\/2011\/11\/DSCN3303-300x225.jpg 300w, https:\/\/www.japan-art.at\/wp-content\/uploads\/2011\/11\/DSCN3303.jpg 2048w\" sizes=\"(max-width: 421px) 100vw, 421px\" \/><\/a><br \/>\nKrieger\u00a0Kajiwara Kagesue<\/p>\n<p>Krieger\u00a0Sasaki Takasuna<\/p>\n<p>Format: 2x Oban Tate-e,<\/p>\n<p>Verlag: Uchida<\/p>\n<p>Zeit: ca. 1950<\/p>\n<p>&nbsp;<\/p>\n<\/div>\n<\/div>\n<h1><\/h1>\n<h1><\/h1>\n<h1><\/h1>\n<h1><\/h1>\n<h1><\/h1>\n<h1>Holzschnitt:<\/h1>\n<p><strong><span style=\"font-family: arial,helvetica,sans-serif;\"><span style=\"font-size: small;\">Toshi Yoshida, 1911-1995:<\/span><\/span><\/strong><a href=\"http:\/\/www.japan-art.at\/wp-content\/uploads\/2011\/11\/Yoshida_afrika.jpg\"><img decoding=\"async\" loading=\"lazy\" class=\"alignright  wp-image-145\" title=\"Yoshida_afrika\" src=\"http:\/\/www.japan-art.at\/wp-content\/uploads\/2011\/11\/Yoshida_afrika.jpg\" alt=\"\" width=\"352\" height=\"175\" srcset=\"https:\/\/www.japan-art.at\/wp-content\/uploads\/2011\/11\/Yoshida_afrika.jpg 304w, https:\/\/www.japan-art.at\/wp-content\/uploads\/2011\/11\/Yoshida_afrika-300x149.jpg 300w\" sizes=\"(max-width: 352px) 100vw, 352px\" \/><\/a><\/p>\n<p><span style=\"font-family: arial,helvetica,sans-serif;\"><span style=\"font-size: small;\">One Day in East Africa, <strong><span style=\"text-decoration: underline;\">bleistiftsigniert, Numerierung 597\/1000<\/span><\/strong><\/span><\/span><\/p>\n<p><span style=\"font-family: arial,helvetica,sans-serif; font-size: small;\">Format: &#8230;\u00a0\u00a0\u00a0 Yoko-e<\/span><\/p>\n<p><span style=\"font-family: arial,helvetica,sans-serif;\"><span style=\"font-size: small;\">Verlag: Yoshida<\/span><\/span><\/p>\n<p><span style=\"font-family: arial,helvetica,sans-serif; font-size: small;\">Zeit:\u00a0 ~ 1980<\/span><\/p>\n","protected":false},"excerpt":{"rendered":"<p>Ukiyo-e Der Beginn der\u00a0japanischer Farbholzschnitte oder Ukiyo-e gehtgehen bis zur Mitte des 17. Jdt. zur\u00fcck. Ukiyo-e bedeutet w\u00f6rtlich \u00fcbersetzt Abbildungen der fliessenden Welt. Erste Holzschnitte lediglich schwarz\/wei\u00df, sp\u00e4ter mehrf\u00e4rbig. Mehrf\u00e4rbige Holzschnitte wurden auf mehreren Holzschnittbl\u00f6cken &#8211; getrennte Farben &#8211; erzeugt. &hellip; <a href=\"https:\/\/www.japan-art.at\/?page_id=131\">Weiterlesen <span class=\"meta-nav\">&rarr;<\/span><\/a><\/p>\n","protected":false},"author":1,"featured_media":0,"parent":96,"menu_order":2,"comment_status":"closed","ping_status":"closed","template":"","meta":[],"_links":{"self":[{"href":"https:\/\/www.japan-art.at\/index.php?rest_route=\/wp\/v2\/pages\/131"}],"collection":[{"href":"https:\/\/www.japan-art.at\/index.php?rest_route=\/wp\/v2\/pages"}],"about":[{"href":"https:\/\/www.japan-art.at\/index.php?rest_route=\/wp\/v2\/types\/page"}],"author":[{"embeddable":true,"href":"https:\/\/www.japan-art.at\/index.php?rest_route=\/wp\/v2\/users\/1"}],"replies":[{"embeddable":true,"href":"https:\/\/www.japan-art.at\/index.php?rest_route=%2Fwp%2Fv2%2Fcomments&post=131"}],"version-history":[{"count":26,"href":"https:\/\/www.japan-art.at\/index.php?rest_route=\/wp\/v2\/pages\/131\/revisions"}],"predecessor-version":[{"id":943,"href":"https:\/\/www.japan-art.at\/index.php?rest_route=\/wp\/v2\/pages\/131\/revisions\/943"}],"up":[{"embeddable":true,"href":"https:\/\/www.japan-art.at\/index.php?rest_route=\/wp\/v2\/pages\/96"}],"wp:attachment":[{"href":"https:\/\/www.japan-art.at\/index.php?rest_route=%2Fwp%2Fv2%2Fmedia&parent=131"}],"curies":[{"name":"wp","href":"https:\/\/api.w.org\/{rel}","templated":true}]}}