{"id":103,"date":"2011-11-08T14:07:56","date_gmt":"2011-11-08T14:07:56","guid":{"rendered":"http:\/\/www.japan-art.at\/?page_id=103"},"modified":"2014-02-22T12:28:32","modified_gmt":"2014-02-22T12:28:32","slug":"japanische-rustungen","status":"publish","type":"page","link":"https:\/\/www.japan-art.at\/?page_id=103","title":{"rendered":"Japanische R\u00fcstungen"},"content":{"rendered":"<p style=\"text-align: center;\"><a href=\"http:\/\/www.japan-art.at\/wp-content\/uploads\/2011\/11\/samurai05b_90.jpg\"><img decoding=\"async\" loading=\"lazy\" class=\"size-full wp-image-109 aligncenter\" title=\"samurai05b_90\" src=\"http:\/\/www.japan-art.at\/wp-content\/uploads\/2011\/11\/samurai05b_90.jpg\" alt=\"\" width=\"630\" height=\"475\" srcset=\"https:\/\/www.japan-art.at\/wp-content\/uploads\/2011\/11\/samurai05b_90.jpg 630w, https:\/\/www.japan-art.at\/wp-content\/uploads\/2011\/11\/samurai05b_90-300x226.jpg 300w\" sizes=\"(max-width: 630px) 100vw, 630px\" \/><\/a><strong><\/strong><\/p>\n<h2>Aufbewahrung, Pflege u. Restaurierung:<\/h2>\n<p>Japanische R\u00fcstungen sind meistens mit Lackarbeiten versehen. Achten Sie auf den Lack. Wischen mit einem weichen Tuch reicht. Vermeiden Sie Feuchtigkeit in der N\u00e4he von Verschn\u00fcrungen. Metallteile ebenfalls nur wischen. Keine Metallputzmittel. Gelbmetallteile bekommen mit der Zeit eine Patina. Blankputzen ist strengstens verboten.<\/p>\n<p>Drapieren Sie R\u00fcstungen auf einem eigenen R\u00fcstungsst\u00e4nder. Verwenden Sie keine \u201estummen Diener&#8220; , diese haben europ\u00e4ische Abmessungen und sprengen im wahrsten Sinne des Wortes den Rahmen bzw. die R\u00fcstung.<\/p>\n<p>F\u00fcr Helme verwenden Sie Helmst\u00e4nder. Bei geeigneten Helmst\u00e4ndern sind Halterungen f\u00fcr allf\u00e4llige Gesichtsmasken vorgesehen.<\/p>\n<p>Bessern Sie keine Lackarbeiten selber aus. Irgendwelche Autolacke sind kein Ersatz f\u00fcr Urushi.<\/p>\n","protected":false},"excerpt":{"rendered":"<p>Aufbewahrung, Pflege u. Restaurierung: Japanische R\u00fcstungen sind meistens mit Lackarbeiten versehen. Achten Sie auf den Lack. Wischen mit einem weichen Tuch reicht. Vermeiden Sie Feuchtigkeit in der N\u00e4he von Verschn\u00fcrungen. Metallteile ebenfalls nur wischen. Keine Metallputzmittel. Gelbmetallteile bekommen mit der &hellip; <a href=\"https:\/\/www.japan-art.at\/?page_id=103\">Weiterlesen <span class=\"meta-nav\">&rarr;<\/span><\/a><\/p>\n","protected":false},"author":1,"featured_media":0,"parent":2,"menu_order":4,"comment_status":"closed","ping_status":"closed","template":"","meta":[],"_links":{"self":[{"href":"https:\/\/www.japan-art.at\/index.php?rest_route=\/wp\/v2\/pages\/103"}],"collection":[{"href":"https:\/\/www.japan-art.at\/index.php?rest_route=\/wp\/v2\/pages"}],"about":[{"href":"https:\/\/www.japan-art.at\/index.php?rest_route=\/wp\/v2\/types\/page"}],"author":[{"embeddable":true,"href":"https:\/\/www.japan-art.at\/index.php?rest_route=\/wp\/v2\/users\/1"}],"replies":[{"embeddable":true,"href":"https:\/\/www.japan-art.at\/index.php?rest_route=%2Fwp%2Fv2%2Fcomments&post=103"}],"version-history":[{"count":12,"href":"https:\/\/www.japan-art.at\/index.php?rest_route=\/wp\/v2\/pages\/103\/revisions"}],"predecessor-version":[{"id":907,"href":"https:\/\/www.japan-art.at\/index.php?rest_route=\/wp\/v2\/pages\/103\/revisions\/907"}],"up":[{"embeddable":true,"href":"https:\/\/www.japan-art.at\/index.php?rest_route=\/wp\/v2\/pages\/2"}],"wp:attachment":[{"href":"https:\/\/www.japan-art.at\/index.php?rest_route=%2Fwp%2Fv2%2Fmedia&parent=103"}],"curies":[{"name":"wp","href":"https:\/\/api.w.org\/{rel}","templated":true}]}}